{"id":6256,"date":"2019-04-02T22:43:38","date_gmt":"2019-04-02T20:43:38","guid":{"rendered":"https:\/\/dev2.mgvpublications.com\/produkt\/mavi-marmara-risalesi\/"},"modified":"2022-03-08T22:30:14","modified_gmt":"2022-03-08T21:30:14","slug":"mavi-marmara-risalesi","status":"publish","type":"product","link":"https:\/\/mgvpublications.com\/de\/mavi-marmara-risalesi\/","title":{"rendered":"Mavi Marmara Risalesi"},"content":{"rendered":"<p>Yay\u0131n Tarihi\t2010-10-05<br \/>\nISBN\t6058835702<br \/>\nBask\u0131 Say\u0131s\u0131\t1. Bask\u0131<br \/>\nDil\tT\u00dcRK\u00c7E<br \/>\nSayfa Say\u0131s\u0131\t128<br \/>\nCilt Tipi\tKarton Kapak<br \/>\nKa\u011f\u0131t Cinsi\tKitap Ka\u011f\u0131d\u0131<br \/>\nBoyut\t13.5 x 21 cm<\/p>","protected":false},"excerpt":{"rendered":"<p>Mavi Marmara \u0130nsani Yard\u0131m Gemisi, \u0130srail ile sava\u015fmaya gitmedi&#8230;<br \/>\nD\u00fcnyan\u0131n dikkatini \u0130srail ablukas\u0131ndaki Gazze\u2019ye \u00e7ekeceklerdi, kazanmak , kaybetmek de\u011fildi dertleri, b\u0131rak\u0131n \u00f6ld\u00fcrmeyi \u00f6lmek de yoktu planlar\u0131nda, zaten planlar\u0131 da yoktu.Sadece erkek gibi zalim sultana \u2018Zalimsin!\u2019\u2019 demeye gitmi\u015flerdi, hepsi bu!<br \/>\n\u0130\u00e7inizdeki \u00d6k\u00fcze Oha Deyin , Y\u0131lg\u0131n T\u00fcrkler,\u00d6\u011flen Namaz\u0131na Nas\u0131l Kalk\u0131l\u0131r,Cinnetim Cennetimdir,\u0130tin Biri ve Zaman\u0131n Efendisi, gibi bir\u00e7ok kitab\u0131 ilgi g\u00f6rd\u00fc.Yay\u0131nevimiz , yazar\u0131n son kitab\u0131 olan \u2018Mavi Marmara Risalesi\u2019nin de ayn\u0131 ilgiyi g\u00f6rece\u011fini umuyor.<\/p>","protected":false},"featured_media":6257,"template":"","meta":{"spay_email":""},"product_cat":[173],"product_tag":[],"item":[447],"acf":[],"_links":{"self":[{"href":"https:\/\/mgvpublications.com\/de\/wp-json\/wp\/v2\/product\/6256"}],"collection":[{"href":"https:\/\/mgvpublications.com\/de\/wp-json\/wp\/v2\/product"}],"about":[{"href":"https:\/\/mgvpublications.com\/de\/wp-json\/wp\/v2\/types\/product"}],"wp:featuredmedia":[{"embeddable":true,"href":"https:\/\/mgvpublications.com\/de\/wp-json\/wp\/v2\/media\/6257"}],"wp:attachment":[{"href":"https:\/\/mgvpublications.com\/de\/wp-json\/wp\/v2\/media?parent=6256"}],"wp:term":[{"taxonomy":"product_cat","embeddable":true,"href":"https:\/\/mgvpublications.com\/de\/wp-json\/wp\/v2\/product_cat?post=6256"},{"taxonomy":"product_tag","embeddable":true,"href":"https:\/\/mgvpublications.com\/de\/wp-json\/wp\/v2\/product_tag?post=6256"},{"taxonomy":"item","embeddable":true,"href":"https:\/\/mgvpublications.com\/de\/wp-json\/wp\/v2\/item?post=6256"}],"curies":[{"name":"wp","href":"https:\/\/api.w.org\/{rel}","templated":true}]}}