{"id":6254,"date":"2019-04-02T22:43:37","date_gmt":"2019-04-02T20:43:37","guid":{"rendered":"https:\/\/dev2.mgvpublications.com\/produkt\/masal-sepeti\/"},"modified":"2022-03-08T22:30:14","modified_gmt":"2022-03-08T21:30:14","slug":"masal-sepeti","status":"publish","type":"product","link":"https:\/\/mgvpublications.com\/de\/masal-sepeti\/","title":{"rendered":"Masal Sepeti"},"content":{"rendered":"<p>Yay\u0131n Tarihi 2018-02-05<br \/>\nISBN 6054952113<br \/>\nBask\u0131 Say\u0131s\u0131 1. Bask\u0131<br \/>\nDil T\u00dcRK\u00c7E<br \/>\nSayfa Say\u0131s\u0131 28<br \/>\nCilt Tipi Karton Kapak<br \/>\nKa\u011f\u0131t Cinsi Kitap Ka\u011f\u0131d\u0131<br \/>\nBoyut 10.5 x 15 cm<\/p>","protected":false},"excerpt":{"rendered":"<p>Mahallenin birinde tek ba\u015f\u0131na ya\u015fayan \u00e7ok ya\u015fl\u0131 bir kad\u0131n varm\u0131\u015f. Ekme\u011fini mahallenin \u00e7ocuklar\u0131na ald\u0131r\u0131r ve sepetle yukar\u0131 \u00e7ekermi\u015f. Gel zaman git zaman bu ekmek sepeti masal sepetine d\u00f6n\u00fc\u015f\u00fcvermi\u015f. Nas\u0131l m\u0131?<br \/>\n\u015eimdi masal okuma zaman\u0131<\/p>","protected":false},"featured_media":6255,"template":"","meta":{"spay_email":""},"product_cat":[172],"product_tag":[],"item":[335],"acf":[],"_links":{"self":[{"href":"https:\/\/mgvpublications.com\/de\/wp-json\/wp\/v2\/product\/6254"}],"collection":[{"href":"https:\/\/mgvpublications.com\/de\/wp-json\/wp\/v2\/product"}],"about":[{"href":"https:\/\/mgvpublications.com\/de\/wp-json\/wp\/v2\/types\/product"}],"wp:featuredmedia":[{"embeddable":true,"href":"https:\/\/mgvpublications.com\/de\/wp-json\/wp\/v2\/media\/6255"}],"wp:attachment":[{"href":"https:\/\/mgvpublications.com\/de\/wp-json\/wp\/v2\/media?parent=6254"}],"wp:term":[{"taxonomy":"product_cat","embeddable":true,"href":"https:\/\/mgvpublications.com\/de\/wp-json\/wp\/v2\/product_cat?post=6254"},{"taxonomy":"product_tag","embeddable":true,"href":"https:\/\/mgvpublications.com\/de\/wp-json\/wp\/v2\/product_tag?post=6254"},{"taxonomy":"item","embeddable":true,"href":"https:\/\/mgvpublications.com\/de\/wp-json\/wp\/v2\/item?post=6254"}],"curies":[{"name":"wp","href":"https:\/\/api.w.org\/{rel}","templated":true}]}}