{"id":6250,"date":"2019-04-02T22:43:37","date_gmt":"2019-04-02T20:43:37","guid":{"rendered":"https:\/\/dev2.mgvpublications.com\/produkt\/maci-kaybettik\/"},"modified":"2022-03-08T22:30:14","modified_gmt":"2022-03-08T21:30:14","slug":"maci-kaybettik","status":"publish","type":"product","link":"https:\/\/mgvpublications.com\/de\/maci-kaybettik\/","title":{"rendered":"Maci Kaybettik"},"content":{"rendered":"<p>Yay\u0131n Tarihi 2018-03-12<br \/>\nISBN 6055000738<br \/>\nBask\u0131 Say\u0131s\u0131 2. Bask\u0131<br \/>\nDil T\u00dcRK\u00c7E<br \/>\nSayfa Say\u0131s\u0131 117<br \/>\nCilt Tipi Karton Kapak<br \/>\nKa\u011f\u0131t Cinsi Kitap Ka\u011f\u0131d\u0131<br \/>\nBoyut 13.5 x 21 cm<\/p>","protected":false},"excerpt":{"rendered":"<p>Hayat\u0131n i\u00e7inden konu\u015fan yazar,kimi zaman ya\u015fad\u0131\u011f\u0131m\u0131z g\u00fcnlerin ironik yanlar\u0131na temas ediyor kimi zaman da okuru,insan ruhunun derinliklerine do\u011fru bir yolculu\u011fa davet ediyor.Duru bir dilin,sa\u011flam bir kurgunun eseri olan \u00f6yk\u00fclerden olu\u015fan Ma\u00e7\u0131 Kaybettik,yazar\u0131n ilk \u00f6yk\u00fc kitab\u0131\u2026<\/p>\n<p>Yok abi, bunlarla bir daha top oynamam ben.Bundan sonra Metin diye bi\u2019 arkada\u015f\u0131mda yok benim.Siz ne yaparsan\u0131z yap\u0131n beni ilgilendirmez.Y\u00fcz\u00fcn\u00fc bile g\u00f6rmek istemiyorum.Ad\u0131n\u0131 da duymak istemiyorum.O densizin ismini a\u011fz\u0131n\u0131za almay\u0131n benim yan\u0131mda.\u0130\u015fim olmaz benim onlarla.Gitsinler ilkokul \u00e7ocuklar\u0131yla oynas\u0131nlar.Madem hep kendi dedikleri olacak.Madem hep yenecekler,yenemediklerinde de kavga edecekler.Gitsinler \u00e7oluk \u00e7ocukla oynas\u0131nlar.Hem yenerler hem de d\u00f6verler.<br \/>\n-N\u2019oldu lan buna?<br \/>\n-N\u2019olacak o\u011flum,ma\u00e7\u0131 kaybettik.<\/p>","protected":false},"featured_media":6251,"template":"","meta":{"spay_email":""},"product_cat":[168],"product_tag":[],"item":[335],"acf":[],"_links":{"self":[{"href":"https:\/\/mgvpublications.com\/de\/wp-json\/wp\/v2\/product\/6250"}],"collection":[{"href":"https:\/\/mgvpublications.com\/de\/wp-json\/wp\/v2\/product"}],"about":[{"href":"https:\/\/mgvpublications.com\/de\/wp-json\/wp\/v2\/types\/product"}],"wp:featuredmedia":[{"embeddable":true,"href":"https:\/\/mgvpublications.com\/de\/wp-json\/wp\/v2\/media\/6251"}],"wp:attachment":[{"href":"https:\/\/mgvpublications.com\/de\/wp-json\/wp\/v2\/media?parent=6250"}],"wp:term":[{"taxonomy":"product_cat","embeddable":true,"href":"https:\/\/mgvpublications.com\/de\/wp-json\/wp\/v2\/product_cat?post=6250"},{"taxonomy":"product_tag","embeddable":true,"href":"https:\/\/mgvpublications.com\/de\/wp-json\/wp\/v2\/product_tag?post=6250"},{"taxonomy":"item","embeddable":true,"href":"https:\/\/mgvpublications.com\/de\/wp-json\/wp\/v2\/item?post=6250"}],"curies":[{"name":"wp","href":"https:\/\/api.w.org\/{rel}","templated":true}]}}