{"id":6248,"date":"2019-04-02T22:43:37","date_gmt":"2019-04-02T20:43:37","guid":{"rendered":"https:\/\/dev2.mgvpublications.com\/produkt\/kurulustan-coekuese-osmanli\/"},"modified":"2022-03-08T22:30:09","modified_gmt":"2022-03-08T21:30:09","slug":"kurulustan-coekuese-osmanli","status":"publish","type":"product","link":"https:\/\/mgvpublications.com\/de\/kurulustan-coekuese-osmanli\/","title":{"rendered":"Kurulu\u015ftan \u00c7\u00f6k\u00fc\u015fe Osmanl\u0131"},"content":{"rendered":"<p>Yay\u0131n Tarihi 2017-06-16<br \/>\nISBN 9753903677<br \/>\nBask\u0131 Say\u0131s\u0131 1. Bask\u0131<br \/>\nDil T\u00dcRK\u00c7E<br \/>\nSayfa Say\u0131s\u0131 648<br \/>\nCilt Tipi Karton Kapak<br \/>\nKa\u011f\u0131t Cinsi Kitap Ka\u011f\u0131d\u0131<br \/>\nBoyut 16 x 24 cm<\/p>","protected":false},"excerpt":{"rendered":"<p>Bu kitapta ortaya koymak istedi\u011fimiz; Osmanl\u0131 tarihini kurulu\u015fundan bat\u0131\u015f\u0131na kadar ana hatlar\u0131yla anlatmak ve egemen bir z\u00fcmrenin bak\u0131\u015f a\u00e7\u0131s\u0131n\u0131 yans\u0131tmaya \u00e7al\u0131\u015fmakt\u0131r. Osmanl\u0131 tarihi bir y\u00f6n\u00fcyle sava\u015flar tarihidir. Ancak, bu kitapta Osmanl\u0131 tarihine arka pencereden bakmaya, Osmanl\u0131 anlay\u0131\u015f\u0131n\u0131, sosyal ve ekonomik yap\u0131s\u0131n\u0131, Osmanl\u0131\u2019n\u0131n insana bak\u0131\u015f a\u00e7\u0131s\u0131n\u0131 vermeye \u00e7al\u0131\u015ft\u0131k. \u00d6z olarak, Osmanl\u0131 tarihiyle y\u00fczle\u015fmeye y\u00f6nelik bir ad\u0131m atmay\u0131, Osmanl\u0131 ger\u00e7e\u011fini vermeyi ama\u00e7lad\u0131k.<br \/>\nSoran, sorgulayan bir yakla\u015f\u0131mla Osmanl\u0131lar\u0131 T\u00fcrklerin g\u00f6z\u00fcyle g\u00f6rmeye \u00e7al\u0131\u015ft\u0131k. \u00dc\u00e7 k\u0131taya yay\u0131lan ve bir d\u00f6nem Avrupa\u2019n\u0131n en g\u00fc\u00e7l\u00fc devleti olan Osmanl\u0131\u2019n\u0131n, ad\u0131m ad\u0131m \u00e7\u00f6k\u00fc\u015f\u00fcn\u00fc yans\u0131tan tarihi bir yolculu\u011fun i\u00e7inde insan\u0131 g\u00f6rmeyi ama\u00e7lad\u0131k.<\/p>","protected":false},"featured_media":6249,"template":"","meta":{"spay_email":""},"product_cat":[166],"product_tag":[],"item":[740],"acf":[],"_links":{"self":[{"href":"https:\/\/mgvpublications.com\/de\/wp-json\/wp\/v2\/product\/6248"}],"collection":[{"href":"https:\/\/mgvpublications.com\/de\/wp-json\/wp\/v2\/product"}],"about":[{"href":"https:\/\/mgvpublications.com\/de\/wp-json\/wp\/v2\/types\/product"}],"wp:featuredmedia":[{"embeddable":true,"href":"https:\/\/mgvpublications.com\/de\/wp-json\/wp\/v2\/media\/6249"}],"wp:attachment":[{"href":"https:\/\/mgvpublications.com\/de\/wp-json\/wp\/v2\/media?parent=6248"}],"wp:term":[{"taxonomy":"product_cat","embeddable":true,"href":"https:\/\/mgvpublications.com\/de\/wp-json\/wp\/v2\/product_cat?post=6248"},{"taxonomy":"product_tag","embeddable":true,"href":"https:\/\/mgvpublications.com\/de\/wp-json\/wp\/v2\/product_tag?post=6248"},{"taxonomy":"item","embeddable":true,"href":"https:\/\/mgvpublications.com\/de\/wp-json\/wp\/v2\/item?post=6248"}],"curies":[{"name":"wp","href":"https:\/\/api.w.org\/{rel}","templated":true}]}}