{"id":6246,"date":"2019-04-02T22:43:37","date_gmt":"2019-04-02T20:43:37","guid":{"rendered":"https:\/\/dev2.mgvpublications.com\/produkt\/kuranda-sabir\/"},"modified":"2022-03-08T22:30:09","modified_gmt":"2022-03-08T21:30:09","slug":"kuranda-sabir","status":"publish","type":"product","link":"https:\/\/mgvpublications.com\/de\/kuranda-sabir\/","title":{"rendered":"Kuran\u2019da Sab\u0131r"},"content":{"rendered":"<p>Yusuf El-Karadavi<\/p>","protected":false},"excerpt":{"rendered":"<p>\u015e\u00fcphesiz Kur&#8217;\u00e2n-\u0131 Ker\u00eem, Allah&#8217;\u0131n ebed\u00ee kitab\u0131, \u0130slam&#8217;\u0131n kapsaml\u0131 bir anayasas\u0131, Hz. Peygamber&#8217;in en y\u00fcce ni\u015fanesi, en b\u00fcy\u00fck ve k\u0131yamete kadar baki olacak bir mucizesidir. O, \u0130slam inan\u00e7, hukuk, ahlak ve adab\u0131n\u0131n birincil kayna\u011f\u0131d\u0131r. Allah (celle celaluhu) Kur&#8217;\u00e2n-\u0131 Ker\u00eem&#8217;e bilgi hazinelerini, hakikat s\u0131rlar\u0131n\u0131, adaletin temellerini, iyili\u011fin y\u00f6ntemlerini, hal ve gidi\u015fat\u0131n kurallar\u0131n\u0131 ve hidayet ve \u015feriatin ilkelerini yerle\u015ftirdi. Ben de b\u00f6yle bir d\u00fc\u015f\u00fcnceye inanarak, bu tarzda baz\u0131 Kur&#8217;\u00e2n meselelerini yazmaya ba\u015flad\u0131m. Allah&#8217;\u0131n tevfiki ve yard\u0131m\u0131yla, benzer ba\u015fka \u00e7al\u0131\u015fmalar\u0131n da bunu takip edece\u011fini \u00fcmit ederek, bug\u00fcn sizlere bunun bir \u00f6rne\u011fini sunuyorum: es-Sabr fi&#8217;l-Kur&#8217;\u00e2n (Kur&#8217;\u00e2n&#8217;da Sab\u0131r). Allah Teala&#8217;n\u0131n, Kur&#8217;\u00e2n&#8217;\u0131n nuruyla hidayete erme, onun ipine s\u0131ms\u0131k\u0131 sar\u0131lma ve yolunda istikamet \u00fczere olma hususunda bizlere yard\u0131mc\u0131 olmas\u0131n\u0131 niyaz ederim. Ba\u015far\u0131 yaln\u0131zca Allah&#8217;\u0131n yard\u0131m\u0131ylad\u0131r. Sadece O&#8217;na tevekk\u00fcl ettim ve O&#8217;na y\u00f6neldim.<\/p>","protected":false},"featured_media":6247,"template":"","meta":{"spay_email":""},"product_cat":[174],"product_tag":[],"item":[428],"acf":[],"_links":{"self":[{"href":"https:\/\/mgvpublications.com\/de\/wp-json\/wp\/v2\/product\/6246"}],"collection":[{"href":"https:\/\/mgvpublications.com\/de\/wp-json\/wp\/v2\/product"}],"about":[{"href":"https:\/\/mgvpublications.com\/de\/wp-json\/wp\/v2\/types\/product"}],"wp:featuredmedia":[{"embeddable":true,"href":"https:\/\/mgvpublications.com\/de\/wp-json\/wp\/v2\/media\/6247"}],"wp:attachment":[{"href":"https:\/\/mgvpublications.com\/de\/wp-json\/wp\/v2\/media?parent=6246"}],"wp:term":[{"taxonomy":"product_cat","embeddable":true,"href":"https:\/\/mgvpublications.com\/de\/wp-json\/wp\/v2\/product_cat?post=6246"},{"taxonomy":"product_tag","embeddable":true,"href":"https:\/\/mgvpublications.com\/de\/wp-json\/wp\/v2\/product_tag?post=6246"},{"taxonomy":"item","embeddable":true,"href":"https:\/\/mgvpublications.com\/de\/wp-json\/wp\/v2\/item?post=6246"}],"curies":[{"name":"wp","href":"https:\/\/api.w.org\/{rel}","templated":true}]}}