{"id":6242,"date":"2019-04-02T22:43:36","date_gmt":"2019-04-02T20:43:36","guid":{"rendered":"https:\/\/dev2.mgvpublications.com\/produkt\/korkutarak-degil-sevdirerek-din-egitimi\/"},"modified":"2022-03-08T22:30:08","modified_gmt":"2022-03-08T21:30:08","slug":"korkutarak-degil-sevdirerek-din-egitimi","status":"publish","type":"product","link":"https:\/\/mgvpublications.com\/de\/korkutarak-degil-sevdirerek-din-egitimi\/","title":{"rendered":"Korkutarak De\u011fil Sevdirerek Din E\u011fitimi"},"content":{"rendered":"<p>Yay\u0131n Tarihi 2019-05-06<br \/>\nISBN 9752477315<br \/>\nBask\u0131 Say\u0131s\u0131 2. Bask\u0131<br \/>\nDil T\u00dcRK\u00c7E<br \/>\nSayfa Say\u0131s\u0131 184<br \/>\nCilt Tipi Karton Kapak<br \/>\nKa\u011f\u0131t Cinsi Kitap Ka\u011f\u0131d\u0131<br \/>\nBoyut 15.5 x 23 cm<\/p>","protected":false},"excerpt":{"rendered":"<p>Zorla\u015ft\u0131rmay\u0131n kolayla\u015ft\u0131r\u0131n. Sevdirin, nefret ettirmeyin\u2026\u201d<br \/>\nHadis-i \u015eerif<\/p>\n<p>E\u011fer biz namaz vakitlerini de\u011fil de dizi saatlerini d\u00f6rt g\u00f6zle bekliyorsak\u2026<br \/>\nE\u011fer Peygamberin \u00e7ocuklara ka\u015flar\u0131n\u0131 bile \u00e7atmad\u0131\u011f\u0131n\u0131 biliyor ama bir yandan \u00e7ocu\u011fumuzu d\u00f6v\u00fcp s\u00f6v\u00fcyorsak\u2026<br \/>\nE\u011fer oru\u00e7 tuttu\u011fumuzda h\u0131r\u00e7\u0131n, k\u0131zg\u0131n, tahamm\u00fcls\u00fcz oluyor ve \u00e7ocu\u011fumuza \u2018zaten oru\u00e7luyum\u2026\u2019 diye ba\u015flayan c\u00fcmleler kuruyorsak\u2026<br \/>\nE\u011fer \u00e7ocu\u011fun oyununu b\u00f6lmemek i\u00e7in secdelerini uzatan Nebi\u2019ye ra\u011fmen namazda \u00f6n\u00fcm\u00fczden ge\u00e7ti diye \u00e7ocu\u011fumuzu azarl\u0131yorsak\u2026<br \/>\nE\u011fer Hz. \u00d6mer\u2019in adaletini anlat\u0131rken iki karde\u015f aras\u0131nda adil olmay\u0131 ba\u015faram\u0131yorsak\u2026<br \/>\nE\u011fer Hz. Osman\u2019\u0131n hay\u00e2s\u0131ndan bahsediyor ama ahlaka ayk\u0131r\u0131 g\u00f6r\u00fcnt\u00fcleri televizyonla evimize davet ediyorsak\u2026<br \/>\nE\u011fer Hz. Ali\u2019nin ilminden \u00f6vg\u00fcyle bahsedip, en son ne zaman kitap okudu\u011fumuzu bile hat\u0131rlam\u0131yorsak\u2026<br \/>\nE\u011fer hatim \u00fcst\u00fcne hatim yapmam\u0131za ra\u011fmen Kur\u2019an\u2019\u0131 anlamak ve ya\u015famak i\u00e7in hi\u00e7 gayret sarf etmiyorsak\u2026<br \/>\nE\u011fer \u00e7ocuklar\u0131 camiden kovuyor, gerek\u00e7e olarak da \u00e7ocukluk \u015fak\u0131malar\u0131n\u0131 g\u00f6steriyorsak bir yerlerde bir hata yap\u0131yoruz demektir.<br \/>\nHatice K\u00fcbra Tongar, \u00e7ocuklar\u0131m\u0131za nas\u0131l bir anlay\u0131\u015fla, ne zaman, hangi y\u00f6ntemlerle, zorlamadan, sevdirerek ve oyunlar oynayarak nas\u0131l din e\u011fitimi verece\u011fimizi ad\u0131m ad\u0131m anlat\u0131yor.<\/p>","protected":false},"featured_media":6243,"template":"","meta":{"spay_email":""},"product_cat":[171],"product_tag":[],"item":[685],"acf":[],"_links":{"self":[{"href":"https:\/\/mgvpublications.com\/de\/wp-json\/wp\/v2\/product\/6242"}],"collection":[{"href":"https:\/\/mgvpublications.com\/de\/wp-json\/wp\/v2\/product"}],"about":[{"href":"https:\/\/mgvpublications.com\/de\/wp-json\/wp\/v2\/types\/product"}],"wp:featuredmedia":[{"embeddable":true,"href":"https:\/\/mgvpublications.com\/de\/wp-json\/wp\/v2\/media\/6243"}],"wp:attachment":[{"href":"https:\/\/mgvpublications.com\/de\/wp-json\/wp\/v2\/media?parent=6242"}],"wp:term":[{"taxonomy":"product_cat","embeddable":true,"href":"https:\/\/mgvpublications.com\/de\/wp-json\/wp\/v2\/product_cat?post=6242"},{"taxonomy":"product_tag","embeddable":true,"href":"https:\/\/mgvpublications.com\/de\/wp-json\/wp\/v2\/product_tag?post=6242"},{"taxonomy":"item","embeddable":true,"href":"https:\/\/mgvpublications.com\/de\/wp-json\/wp\/v2\/item?post=6242"}],"curies":[{"name":"wp","href":"https:\/\/api.w.org\/{rel}","templated":true}]}}