{"id":6240,"date":"2019-04-02T22:43:36","date_gmt":"2019-04-02T20:43:36","guid":{"rendered":"https:\/\/dev2.mgvpublications.com\/produkt\/koeleligin-alfabesi\/"},"modified":"2022-05-14T12:36:06","modified_gmt":"2022-05-14T10:36:06","slug":"koeleligin-alfabesi","status":"publish","type":"product","link":"https:\/\/mgvpublications.com\/de\/koeleligin-alfabesi\/","title":{"rendered":"K\u00f6leli\u011fin Alfabesi"},"content":{"rendered":"<p>Yay\u0131n Tarihi 2017-05-08<br \/>\nISBN 6055000967<br \/>\nBask\u0131 Say\u0131s\u0131 1. Bask\u0131<br \/>\nDil ARAP\u00c7A,T\u00dcRK\u00c7E<br \/>\nSayfa Say\u0131s\u0131 75<br \/>\nCilt Tipi Karton Kapak<br \/>\nKa\u011f\u0131t Cinsi Kitap Ka\u011f\u0131d\u0131<br \/>\nBoyut 13 x 19 cm<\/p>","protected":false},"excerpt":{"rendered":"<p>T\u00fcrk\u00e7e kar\u015f\u0131l\u0131\u011f\u0131 &#8220;el bombas\u0131&#8221; anlam\u0131na gelen &#8220;kumbara&#8221; y\u0131 \u00e7ocuklar\u0131m\u0131z\u0131n eline k\u00fc\u00e7\u00fckken verip yememeyi, da\u011f\u0131tmamay\u0131, para biriktirmeyi, para \u015f\u0131ng\u0131rts\u0131n\u0131 dinlemeyi \u00f6\u011freterek yeti\u015ftirirsek;b\u00fcy\u00fcy\u00fcnce paradan ba\u015fka kavgas\u0131 verilecek bir\u015feyin olmad\u0131\u011f\u0131n\u0131, para sesinden daha g\u00fczel bir sesin bulunmad\u0131\u011f\u0131n\u0131 iddia eden ve para i\u00e7in her\u015feyi yapmaya haz\u0131r, k\u00f6le ruhlu bir nesil yeti\u015ftiririz.<br \/>\nilk okuldan \u00fcniversite sonuna kadar, on be\u015f senelik tahsil ko\u015fusunun sonunda \u00f6d\u00fcl olarak hep ekmek g\u00f6sterilirse;yeti\u015fen gen\u00e7, maa\u015f veya makama mahkum olmu\u015f k\u00f6ledir.<\/p>","protected":false},"featured_media":6241,"template":"","meta":{"spay_email":""},"product_cat":[174],"product_tag":[],"item":[335],"acf":[],"_links":{"self":[{"href":"https:\/\/mgvpublications.com\/de\/wp-json\/wp\/v2\/product\/6240"}],"collection":[{"href":"https:\/\/mgvpublications.com\/de\/wp-json\/wp\/v2\/product"}],"about":[{"href":"https:\/\/mgvpublications.com\/de\/wp-json\/wp\/v2\/types\/product"}],"wp:featuredmedia":[{"embeddable":true,"href":"https:\/\/mgvpublications.com\/de\/wp-json\/wp\/v2\/media\/6241"}],"wp:attachment":[{"href":"https:\/\/mgvpublications.com\/de\/wp-json\/wp\/v2\/media?parent=6240"}],"wp:term":[{"taxonomy":"product_cat","embeddable":true,"href":"https:\/\/mgvpublications.com\/de\/wp-json\/wp\/v2\/product_cat?post=6240"},{"taxonomy":"product_tag","embeddable":true,"href":"https:\/\/mgvpublications.com\/de\/wp-json\/wp\/v2\/product_tag?post=6240"},{"taxonomy":"item","embeddable":true,"href":"https:\/\/mgvpublications.com\/de\/wp-json\/wp\/v2\/item?post=6240"}],"curies":[{"name":"wp","href":"https:\/\/api.w.org\/{rel}","templated":true}]}}