{"id":6236,"date":"2019-04-02T22:43:35","date_gmt":"2019-04-02T20:43:35","guid":{"rendered":"https:\/\/dev2.mgvpublications.com\/produkt\/kerem-ile-asli\/"},"modified":"2022-04-07T15:02:07","modified_gmt":"2022-04-07T13:02:07","slug":"kerem-ile-asli","status":"publish","type":"product","link":"https:\/\/mgvpublications.com\/de\/kerem-ile-asli\/","title":{"rendered":"Kerem ile Asl\u0131"},"content":{"rendered":"<p>Yay\u0131n Tarihi 2018-05-29<br \/>\nISBN 6052008263<br \/>\nBask\u0131 Say\u0131s\u0131 1. Bask\u0131<br \/>\nDil T\u00dcRK\u00c7E<br \/>\nSayfa Say\u0131s\u0131 150<br \/>\nCilt Tipi Karton Kapak<br \/>\nKa\u011f\u0131t Cinsi Kitap Ka\u011f\u0131d\u0131<br \/>\nBoyut 13.5 x 21 cm<\/p>","protected":false},"excerpt":{"rendered":"<p>Hay\u0131r hay\u0131r, olamaz! Ger\u00e7ekten daha ger\u00e7ekti g\u00f6rd\u00fc\u011f\u00fc.<br \/>\nG\u00fcne\u015f gibi apa\u015fikar, ay gibi p\u0131r\u0131l p\u0131r\u0131ld\u0131.<br \/>\nE\u015fi\u011fine f\u0131rlatt\u0131 bedenini.<br \/>\n\u201cEy yazg\u0131m\u0131n g\u00fcl\u00fc! Ey aln\u0131m\u0131n ak yaz\u0131s\u0131!\u201d diye ba\u011f\u0131rd\u0131, \u201cS\u00f6yle bana, hangi ba\u011f\u0131n g\u00fcl\u00fcs\u00fcn sen?\u201d<br \/>\nPeri dile gelerek, seslerin en g\u00fczeliyle,<br \/>\n\u201cEy y\u00fcre\u011fimin sanc\u0131s\u0131!\u201d dedi, \u201cKe\u015fi\u015f da\u011f\u0131n\u0131n g\u00fcl\u00fc, \u0130riskin ba\u011f\u0131n\u0131n s\u00fcmb\u00fcl\u00fcy\u00fcm ben. Sen de s\u00f6yle bana, hangi r\u00fczg\u00e2r att\u0131 seni buralara?\u201d<br \/>\n\u015eehzade, anka ku\u015funun kanatlar\u0131na binmi\u015fti sanki,<br \/>\n\u201cEy nergis bak\u0131\u015fl\u0131m! Ey hilal nak\u0131\u015fl\u0131m! G\u00f6nl\u00fcm\u00fcn r\u00fczg\u00e2r\u0131 getirdi beni buralara\u2026\u201d<br \/>\nElif ile lam gibi birbirlerine \u00f6yle bir sar\u0131ld\u0131lar ki&#8230; Ne g\u00f6zler g\u00f6rm\u00fc\u015f ne kulaklar i\u015fitmi\u015f b\u00f6yle bir kavu\u015fmay\u0131.<\/p>","protected":false},"featured_media":6237,"template":"","meta":{"spay_email":""},"product_cat":[168],"product_tag":[],"item":[335],"acf":[],"_links":{"self":[{"href":"https:\/\/mgvpublications.com\/de\/wp-json\/wp\/v2\/product\/6236"}],"collection":[{"href":"https:\/\/mgvpublications.com\/de\/wp-json\/wp\/v2\/product"}],"about":[{"href":"https:\/\/mgvpublications.com\/de\/wp-json\/wp\/v2\/types\/product"}],"wp:featuredmedia":[{"embeddable":true,"href":"https:\/\/mgvpublications.com\/de\/wp-json\/wp\/v2\/media\/6237"}],"wp:attachment":[{"href":"https:\/\/mgvpublications.com\/de\/wp-json\/wp\/v2\/media?parent=6236"}],"wp:term":[{"taxonomy":"product_cat","embeddable":true,"href":"https:\/\/mgvpublications.com\/de\/wp-json\/wp\/v2\/product_cat?post=6236"},{"taxonomy":"product_tag","embeddable":true,"href":"https:\/\/mgvpublications.com\/de\/wp-json\/wp\/v2\/product_tag?post=6236"},{"taxonomy":"item","embeddable":true,"href":"https:\/\/mgvpublications.com\/de\/wp-json\/wp\/v2\/item?post=6236"}],"curies":[{"name":"wp","href":"https:\/\/api.w.org\/{rel}","templated":true}]}}