{"id":6226,"date":"2019-04-02T22:43:35","date_gmt":"2019-04-02T20:43:35","guid":{"rendered":"https:\/\/dev2.mgvpublications.com\/produkt\/karinca-nefesi\/"},"modified":"2022-03-08T22:30:06","modified_gmt":"2022-03-08T21:30:06","slug":"karinca-nefesi","status":"publish","type":"product","link":"https:\/\/mgvpublications.com\/de\/karinca-nefesi\/","title":{"rendered":"Kar\u0131nca Nefesi"},"content":{"rendered":"<p>Yay\u0131n Tarihi 2017-06-16<br \/>\nISBN 6055000950<br \/>\nBask\u0131 Say\u0131s\u0131 2. Bask\u0131<br \/>\nDil T\u00dcRK\u00c7E<br \/>\nCilt Tipi Karton Kapak<br \/>\nKa\u011f\u0131t Cinsi Kitap Ka\u011f\u0131d\u0131<br \/>\nBoyut 13.5 x 19.5 cm<\/p>","protected":false},"excerpt":{"rendered":"<p>Nedir bu tela\u015f\u0131n, b\u00f6yle nefes nefese nereye?<br \/>\nAte\u015f b\u00fcy\u00fck, \u00e7ok b\u00fcy\u00fck, yay\u0131lm\u0131\u015f her y\u00f6reye<br \/>\nNeyin ate\u015fi bu s\u00f6ylesene?<br \/>\nZulm\u00fcn ate\u015fi, b\u00e2t\u0131l\u0131n dinmek bilmeyen ate\u015fi!<br \/>\nZulm\u00fcn en \u015fiddetli an\u0131nda, herkesin g\u00fc\u00e7l\u00fcden yana oldu\u011fu bir zamanda, mazluma can \u00fcflemek de\u00admektir kar\u0131nca nefesi.<br \/>\nB\u00fct\u00fcn zenginlikleri elinin tersiyle itip, Hak u\u011fruna bir k\u0131r\u0131nt\u0131 ekme\u011fe muhta\u00e7 Mus\u2019ab olabilmektir. Do\u011fruluktan \u015fa\u015fmama u\u011frunda, yapayaln\u0131z \u00f6lmeyi g\u00f6ze alan Ebu Zer olabilmektir.<br \/>\nS\u00fcmeyye olabilmektir, i\u015fkenceler kar\u015f\u0131s\u0131nda &#8220;Allah!\u201d diye hayk\u0131ran. Uhud\u2019ta \u015fehit o\u011flunu, babas\u0131n\u0131 ve e\u015fini g\u00f6sterdiklerinde; &#8220;Bana Allah Ras\u00fbl\u00fc\u2019nden haber verin, o sa\u011f m\u0131d\u0131r?\u201d diye ba\u011f\u0131ran S\u00fcmeyra olabilmektir.<br \/>\nCesaret ister, \u00f6zveri ister, sadakat ister kar\u0131nca nefesi. \u00c7ile demektir, h\u00fcz\u00fcn demektir, ac\u0131 demektir kar\u0131nca nefesi.<\/p>","protected":false},"featured_media":6227,"template":"","meta":{"spay_email":""},"product_cat":[168],"product_tag":[],"item":[335],"acf":[],"_links":{"self":[{"href":"https:\/\/mgvpublications.com\/de\/wp-json\/wp\/v2\/product\/6226"}],"collection":[{"href":"https:\/\/mgvpublications.com\/de\/wp-json\/wp\/v2\/product"}],"about":[{"href":"https:\/\/mgvpublications.com\/de\/wp-json\/wp\/v2\/types\/product"}],"wp:featuredmedia":[{"embeddable":true,"href":"https:\/\/mgvpublications.com\/de\/wp-json\/wp\/v2\/media\/6227"}],"wp:attachment":[{"href":"https:\/\/mgvpublications.com\/de\/wp-json\/wp\/v2\/media?parent=6226"}],"wp:term":[{"taxonomy":"product_cat","embeddable":true,"href":"https:\/\/mgvpublications.com\/de\/wp-json\/wp\/v2\/product_cat?post=6226"},{"taxonomy":"product_tag","embeddable":true,"href":"https:\/\/mgvpublications.com\/de\/wp-json\/wp\/v2\/product_tag?post=6226"},{"taxonomy":"item","embeddable":true,"href":"https:\/\/mgvpublications.com\/de\/wp-json\/wp\/v2\/item?post=6226"}],"curies":[{"name":"wp","href":"https:\/\/api.w.org\/{rel}","templated":true}]}}