{"id":6224,"date":"2019-04-02T22:43:34","date_gmt":"2019-04-02T20:43:34","guid":{"rendered":"https:\/\/dev2.mgvpublications.com\/produkt\/karamazov-kardesler\/"},"modified":"2022-03-08T22:30:06","modified_gmt":"2022-03-08T21:30:06","slug":"karamazov-kardesler","status":"publish","type":"product","link":"https:\/\/mgvpublications.com\/de\/karamazov-kardesler\/","title":{"rendered":"Karamazov Karde\u015fler"},"content":{"rendered":"<p>\u00c7evirmen:\tNihal Yalaza Taluy<br \/>\nYay\u0131n Tarihi\t2019-01-18<br \/>\nISBN\t9944880985<br \/>\nBask\u0131 Say\u0131s\u0131\t20. Bask\u0131<br \/>\nDil\tT\u00dcRK\u00c7E<br \/>\nSayfa Say\u0131s\u0131\t1008<br \/>\nCilt Tipi\tKarton Kapak<br \/>\nKa\u011f\u0131t Cinsi\tKitap Ka\u011f\u0131d\u0131<br \/>\nBoyut\t13.5 x 21 cm<\/p>","protected":false},"excerpt":{"rendered":"<p>Dostoyevski, ya\u015fam\u0131n\u0131n son y\u0131llar\u0131nda ba\u015fyap\u0131t\u0131 Karamazov Karde\u015fler&#8217;i tamamlad\u0131\u011f\u0131nda, Rus yaz\u0131n\u0131nda &#8216;felsefe d\u00fczeyinde roman-tragedya denen t\u00fcr\u00fcn de temelini att\u0131\u011f\u0131n\u0131n bilincinde de\u011fildi. Dostoyevski&#8217;nin ya\u015fam birikiminin t\u00fcm\u00fcn\u00fc ve sanat g\u00fcc\u00fcn\u00fcn doru\u011funu i\u00e7eren bu roman, ger\u00e7ekte insan\u0131 insan yapan ne varsa, onlara adanm\u0131\u015f bir destan niteli\u011fini ta\u015f\u0131r. Yazar, hi\u00e7bir roman\u0131nda &#8220;Karamazov Karde\u015fler&#8221;de oldu\u011fu denli insan ruhuna inmemi\u015f, insano\u011flunu bu denli kesitler bi\u00e7iminde, i\u00e7g\u00fcd\u00fclerinin ve istencinin t\u00fcm g\u00f6r\u00fcn\u00fcm\u00fcyle sergilenmi\u015ftir. Bir aileyi konu alan ve bir felaketler zinciri olarak geli\u015fen olay \u00f6rg\u00fcs\u00fc, bireysel \u00f6\u011felerin yan\u0131 s\u0131ra, ondokuzuncu y\u00fczy\u0131l\u0131n ikinci yar\u0131s\u0131ndaki Rus toplumunu da ge\u00e7irdi\u011fi sars\u0131nt\u0131lar\u0131n t\u00fcm\u00fcyle, d\u00fcnya edebiyat\u0131nda bir e\u015fi daha bulunmayan bir sanat aynas\u0131ndan yans\u0131t\u0131r.<\/p>","protected":false},"featured_media":6225,"template":"","meta":{"spay_email":""},"product_cat":[167],"product_tag":[],"item":[336],"acf":[],"_links":{"self":[{"href":"https:\/\/mgvpublications.com\/de\/wp-json\/wp\/v2\/product\/6224"}],"collection":[{"href":"https:\/\/mgvpublications.com\/de\/wp-json\/wp\/v2\/product"}],"about":[{"href":"https:\/\/mgvpublications.com\/de\/wp-json\/wp\/v2\/types\/product"}],"wp:featuredmedia":[{"embeddable":true,"href":"https:\/\/mgvpublications.com\/de\/wp-json\/wp\/v2\/media\/6225"}],"wp:attachment":[{"href":"https:\/\/mgvpublications.com\/de\/wp-json\/wp\/v2\/media?parent=6224"}],"wp:term":[{"taxonomy":"product_cat","embeddable":true,"href":"https:\/\/mgvpublications.com\/de\/wp-json\/wp\/v2\/product_cat?post=6224"},{"taxonomy":"product_tag","embeddable":true,"href":"https:\/\/mgvpublications.com\/de\/wp-json\/wp\/v2\/product_tag?post=6224"},{"taxonomy":"item","embeddable":true,"href":"https:\/\/mgvpublications.com\/de\/wp-json\/wp\/v2\/item?post=6224"}],"curies":[{"name":"wp","href":"https:\/\/api.w.org\/{rel}","templated":true}]}}