{"id":6217,"date":"2019-04-02T22:43:34","date_gmt":"2019-04-02T20:43:34","guid":{"rendered":"https:\/\/dev2.mgvpublications.com\/produkt\/kalbim-yenilgi-saatleri\/"},"modified":"2022-03-08T22:30:05","modified_gmt":"2022-03-08T21:30:05","slug":"kalbim-yenilgi-saatleri","status":"publish","type":"product","link":"https:\/\/mgvpublications.com\/de\/kalbim-yenilgi-saatleri\/","title":{"rendered":"Kalbim Yenilgi Saatleri"},"content":{"rendered":"<p>Yay\u0131n Tarihi 2017-01-31<br \/>\nISBN 6055000899<br \/>\nBask\u0131 Say\u0131s\u0131 1. Bask\u0131<br \/>\nDil T\u00dcRK\u00c7E<br \/>\nSayfa Say\u0131s\u0131 107<br \/>\nCilt Tipi Karton Kapak<br \/>\nKa\u011f\u0131t Cinsi Kitap Ka\u011f\u0131d\u0131<br \/>\nBoyut 13.5 x 21 cm<\/p>","protected":false},"excerpt":{"rendered":"<p>Tela\u015fla ko\u015farken bir \u015feyi unuttu\u011funu fark etti. Eliyle g\u00f6\u011f\u00fcs kafesini yoklad\u0131. Yan\u0131lmam\u0131\u015ft\u0131. Kalbiydi unuttu\u011fu.<br \/>\nSonra t\u00fcm ziller \u00e7ald\u0131, t\u00fcm fabrikalar dumanlar\u0131n\u0131 savurdu, koptu zembere\u011fi saatlerin.<br \/>\nUnuttu bunca tela\u015f\u0131n i\u00e7inde kalbini nerede b\u0131rakt\u0131\u011f\u0131n\u0131.<br \/>\nBulsa tamamlanacakt\u0131 hikayesi. Ufka bakt\u0131\u011f\u0131nda g\u00f6rd\u00fc onu ve \u015f\u00f6yle m\u0131r\u0131ldand\u0131:<br \/>\n-Kalbim. Yenilgi saati.<\/p>","protected":false},"featured_media":6218,"template":"","meta":{"spay_email":""},"product_cat":[168],"product_tag":[],"item":[335],"acf":[],"_links":{"self":[{"href":"https:\/\/mgvpublications.com\/de\/wp-json\/wp\/v2\/product\/6217"}],"collection":[{"href":"https:\/\/mgvpublications.com\/de\/wp-json\/wp\/v2\/product"}],"about":[{"href":"https:\/\/mgvpublications.com\/de\/wp-json\/wp\/v2\/types\/product"}],"wp:featuredmedia":[{"embeddable":true,"href":"https:\/\/mgvpublications.com\/de\/wp-json\/wp\/v2\/media\/6218"}],"wp:attachment":[{"href":"https:\/\/mgvpublications.com\/de\/wp-json\/wp\/v2\/media?parent=6217"}],"wp:term":[{"taxonomy":"product_cat","embeddable":true,"href":"https:\/\/mgvpublications.com\/de\/wp-json\/wp\/v2\/product_cat?post=6217"},{"taxonomy":"product_tag","embeddable":true,"href":"https:\/\/mgvpublications.com\/de\/wp-json\/wp\/v2\/product_tag?post=6217"},{"taxonomy":"item","embeddable":true,"href":"https:\/\/mgvpublications.com\/de\/wp-json\/wp\/v2\/item?post=6217"}],"curies":[{"name":"wp","href":"https:\/\/api.w.org\/{rel}","templated":true}]}}