{"id":6215,"date":"2019-04-02T22:43:34","date_gmt":"2019-04-02T20:43:34","guid":{"rendered":"https:\/\/dev2.mgvpublications.com\/produkt\/iyiler-oelmez\/"},"modified":"2022-03-08T22:30:05","modified_gmt":"2022-03-08T21:30:05","slug":"iyiler-oelmez","status":"publish","type":"product","link":"https:\/\/mgvpublications.com\/de\/iyiler-oelmez\/","title":{"rendered":"\u0130yiler \u00d6lmez"},"content":{"rendered":"<p>[koo_icon name=&#8221;undefined&#8221; color=&#8221;&#8221; size=&#8221;&#8221;]\u201cKap\u0131 a\u00e7\u0131ld\u0131, biri i\u00e7eri girdi. Onunla beraber ya\u011fmurun kokusu, f\u0131rt\u0131nan\u0131n ayaz\u0131\u2026<br \/>\nKahveci Hac\u0131 Kadir uzun su\u0308pu\u0308rgenin sap\u0131na dayanarak gelene bakt\u0131.<br \/>\nBiraz u\u0308rperdi ama renk vermedi.<br \/>\nNe de olsa gecenin bir vakti.<br \/>\nSa\u00e7 ba\u015f birbirine kar\u0131\u015fm\u0131\u015f, s\u0131rt \u00e7antas\u0131 ta\u015f\u0131yan bir garip adam. \u00dcstelik sakall\u0131.<br \/>\nO y\u0131llarda memlekette s\u0131rt \u00e7antas\u0131 yoktu. Demek bu adam yaban ya da turist\u2026<br \/>\nOrada \u00f6ylece g\u00f6zlerini k\u0131sm\u0131\u015f duruyor, dimdik Hac\u0131\u2019ya bak\u0131yor.\u201d<\/p>","protected":false},"excerpt":{"rendered":"<p>Dergah Yayinlari &#8211; 2016<\/p>","protected":false},"featured_media":6216,"template":"","meta":{"spay_email":""},"product_cat":[168],"product_tag":[],"item":[356],"acf":[],"_links":{"self":[{"href":"https:\/\/mgvpublications.com\/de\/wp-json\/wp\/v2\/product\/6215"}],"collection":[{"href":"https:\/\/mgvpublications.com\/de\/wp-json\/wp\/v2\/product"}],"about":[{"href":"https:\/\/mgvpublications.com\/de\/wp-json\/wp\/v2\/types\/product"}],"wp:featuredmedia":[{"embeddable":true,"href":"https:\/\/mgvpublications.com\/de\/wp-json\/wp\/v2\/media\/6216"}],"wp:attachment":[{"href":"https:\/\/mgvpublications.com\/de\/wp-json\/wp\/v2\/media?parent=6215"}],"wp:term":[{"taxonomy":"product_cat","embeddable":true,"href":"https:\/\/mgvpublications.com\/de\/wp-json\/wp\/v2\/product_cat?post=6215"},{"taxonomy":"product_tag","embeddable":true,"href":"https:\/\/mgvpublications.com\/de\/wp-json\/wp\/v2\/product_tag?post=6215"},{"taxonomy":"item","embeddable":true,"href":"https:\/\/mgvpublications.com\/de\/wp-json\/wp\/v2\/item?post=6215"}],"curies":[{"name":"wp","href":"https:\/\/api.w.org\/{rel}","templated":true}]}}