{"id":3960,"date":"2019-04-02T22:43:32","date_gmt":"2019-04-02T20:43:32","guid":{"rendered":"https:\/\/dev2.mgvpublications.com\/produkt\/import-placeholder-for-6196\/"},"modified":"2022-04-07T14:53:34","modified_gmt":"2022-04-07T12:53:34","slug":"isik-dogudan-gelir","status":"publish","type":"product","link":"https:\/\/mgvpublications.com\/de\/isik-dogudan-gelir\/","title":{"rendered":"I\u015f\u0131k Do\u011fudan Gelir"},"content":{"rendered":"<p>Yay\u0131n Tarihi 2016-04-01<br \/>\nISBN 9750506246<br \/>\nBask\u0131 Say\u0131s\u0131 10. Bask\u0131<br \/>\nDil T\u00dcRK\u00c7E<br \/>\nSayfa Say\u0131s\u0131 279<br \/>\nCilt Tipi Karton Kapak<br \/>\nKa\u011f\u0131t Cinsi Kitap Ka\u011f\u0131d\u0131<br \/>\nBoyut 13 x 19.5 cm<\/p>","protected":false},"excerpt":{"rendered":"<p>I\u015f\u0131k Do\u011fudan Gelir, siyas\u00ee, felsef\u00ee, dogmatik herhangi bir inanc\u0131n pe\u015finde olmayan, ba\u015fka milletlere, ba\u015fka fikirlere, ba\u015fka d\u00fc\u015f\u00fcnce ve duyma tarzlar\u0131na sonsuz bir tecess\u00fcs besleyen bir Cemil Meri\u00e7 klasi\u011fi, t\u00fcm di\u011fer eserleri gibi. Medeniyetlerin \u201cdefter-i \u00e2m\u00e2li\u201d olan ansiklopedilerden \u0130sl\u00e2m\u2019\u0131n kozmolojik dok-trinlerine; \u0130brani edebiyat\u0131ndan Kitab-\u0131 Mukaddes\u2019e; Herbelot\u2019nun \u201cmuhte\u015fem abidesi\u201d Do\u011fu K\u00fct\u00fcphanesi\u2019nden, oryantalizmlerin ayd\u0131nlatt\u0131\u011f\u0131 yeni medeniyetlere; Michelet\u2019nin ve Schur\u00e9\u2019nin \u201cher t\u00fcrl\u00fc yobazl\u0131ktan uzak\u201d, \u0130nsanl\u0131\u011f\u0131n Kitab-\u0131 Mukaddesi ve Do\u011fu Mabetleri adl\u0131 eserlerinden, Erasmus\u2019un Cinnete Methiye\u2019sine, ba\u015fka bir deyi\u015fle Ak\u0131l\u2019dan Cinnet\u2019e; hermetizmden \u201c\u00e7a\u011fda\u015f d\u00fc\u015f\u00fcncenin kutuplar\u0131ndan biri\u201d olan \u0130bn Haldun\u2019a&#8230; kanatlanan ve kanatland\u0131ran emsalsiz bir d\u00fc\u015f\u00fcnce ser\u00fcveni.<\/p>","protected":false},"featured_media":3990,"template":"","meta":{"spay_email":""},"product_cat":[166],"product_tag":[],"item":[365],"acf":[],"_links":{"self":[{"href":"https:\/\/mgvpublications.com\/de\/wp-json\/wp\/v2\/product\/3960"}],"collection":[{"href":"https:\/\/mgvpublications.com\/de\/wp-json\/wp\/v2\/product"}],"about":[{"href":"https:\/\/mgvpublications.com\/de\/wp-json\/wp\/v2\/types\/product"}],"wp:featuredmedia":[{"embeddable":true,"href":"https:\/\/mgvpublications.com\/de\/wp-json\/wp\/v2\/media\/3990"}],"wp:attachment":[{"href":"https:\/\/mgvpublications.com\/de\/wp-json\/wp\/v2\/media?parent=3960"}],"wp:term":[{"taxonomy":"product_cat","embeddable":true,"href":"https:\/\/mgvpublications.com\/de\/wp-json\/wp\/v2\/product_cat?post=3960"},{"taxonomy":"product_tag","embeddable":true,"href":"https:\/\/mgvpublications.com\/de\/wp-json\/wp\/v2\/product_tag?post=3960"},{"taxonomy":"item","embeddable":true,"href":"https:\/\/mgvpublications.com\/de\/wp-json\/wp\/v2\/item?post=3960"}],"curies":[{"name":"wp","href":"https:\/\/api.w.org\/{rel}","templated":true}]}}