{"id":3954,"date":"2019-04-02T22:43:31","date_gmt":"2019-04-02T20:43:31","guid":{"rendered":"https:\/\/dev2.mgvpublications.com\/produkt\/import-placeholder-for-6188\/"},"modified":"2025-04-27T00:33:57","modified_gmt":"2025-04-26T22:33:57","slug":"iman-ve-cihad","status":"publish","type":"product","link":"https:\/\/mgvpublications.com\/de\/iman-ve-cihad\/","title":{"rendered":"Iman ve Cihad"},"content":{"rendered":"<p>Yay\u0131n Tarihi 2017-01-01<br \/>\nISBN 6055000882<br \/>\nBask\u0131 Say\u0131s\u0131 1. Bask\u0131<br \/>\nDil T\u00dcRK\u00c7E<br \/>\nSayfa Say\u0131s\u0131 440<br \/>\nCilt Tipi Karton Kapak<br \/>\nKa\u011f\u0131t Cinsi Kitap Ka\u011f\u0131d\u0131<br \/>\nBoyut 13.5 x 21 cm<\/p>","protected":false},"excerpt":{"rendered":"<p>Bu kitapta mezhep-f\u0131rka tart\u0131\u015fmalar\u0131 yoktur. Gayemiz Ehlis\u00fcnnet vel-Cemaat\u2019in Kur\u2019an ve S\u00fcnnet \u0131\u015f\u0131\u011f\u0131nda hangi yolu se\u00e7ti\u011fini ve hangi konuda ne d\u00fc\u015f\u00fcnd\u00fc\u011f\u00fcn\u00fc izahtan ibarettir. Amac\u0131m\u0131z ise &#8220;Ben M\u00fcsl\u00fcman\u0131m\u201d diyen insan\u0131n itikat konular\u0131nda Ehlis\u00fcnnet vel-Cemaat\u2019in g\u00f6r\u00fc\u015f\u00fc budur diyebilmesini sa\u011flamakt\u0131r.<\/p>","protected":false},"featured_media":3984,"template":"","meta":{"spay_email":""},"product_cat":[174],"product_tag":[],"item":[335],"acf":[],"_links":{"self":[{"href":"https:\/\/mgvpublications.com\/de\/wp-json\/wp\/v2\/product\/3954"}],"collection":[{"href":"https:\/\/mgvpublications.com\/de\/wp-json\/wp\/v2\/product"}],"about":[{"href":"https:\/\/mgvpublications.com\/de\/wp-json\/wp\/v2\/types\/product"}],"wp:featuredmedia":[{"embeddable":true,"href":"https:\/\/mgvpublications.com\/de\/wp-json\/wp\/v2\/media\/3984"}],"wp:attachment":[{"href":"https:\/\/mgvpublications.com\/de\/wp-json\/wp\/v2\/media?parent=3954"}],"wp:term":[{"taxonomy":"product_cat","embeddable":true,"href":"https:\/\/mgvpublications.com\/de\/wp-json\/wp\/v2\/product_cat?post=3954"},{"taxonomy":"product_tag","embeddable":true,"href":"https:\/\/mgvpublications.com\/de\/wp-json\/wp\/v2\/product_tag?post=3954"},{"taxonomy":"item","embeddable":true,"href":"https:\/\/mgvpublications.com\/de\/wp-json\/wp\/v2\/item?post=3954"}],"curies":[{"name":"wp","href":"https:\/\/api.w.org\/{rel}","templated":true}]}}