{"id":3952,"date":"2019-04-02T22:43:31","date_gmt":"2019-04-02T20:43:31","guid":{"rendered":"https:\/\/dev2.mgvpublications.com\/produkt\/import-placeholder-for-6186\/"},"modified":"2022-03-08T22:30:02","modified_gmt":"2022-03-08T21:30:02","slug":"iman-ve-aksiyon-oezledigimiz-nesil","status":"publish","type":"product","link":"https:\/\/mgvpublications.com\/de\/iman-ve-aksiyon-oezledigimiz-nesil\/","title":{"rendered":"\u0130man ve Aksiyon \/ \u00d6zledi\u011fimiz Nesil"},"content":{"rendered":"<p>Yay\u0131n Tarihi 2008-06-02<br \/>\nISBN 9758180851<br \/>\nBask\u0131 Say\u0131s\u0131 17. Bask\u0131<br \/>\nDil T\u00dcRK\u00c7E<br \/>\nSayfa Say\u0131s\u0131 144<br \/>\nCilt Tipi Karton Kapak<br \/>\nKa\u011f\u0131t Cinsi Kitap Ka\u011f\u0131d\u0131<br \/>\nBoyut 12.5 x 19.5 cm<\/p>","protected":false},"excerpt":{"rendered":"<p>Necip Faz\u0131l K\u0131sak\u00fcrek\u2019in iki ayr\u0131 konferans\u0131&#8230; \u0130man ve Aksiyon &#8211; \u00d6zledi\u011fimiz Neslin Vas\u0131flar\u0131&#8230;<br \/>\nHer konferans, farkl\u0131 tarih ve \u015fehirlerde \u00e7e\u015fitli defalar binlerce dinleyiciye hitaben verilmi\u015f olup b\u00fcy\u00fck ilgi do\u011furmu\u015ftur. 1949\u2019da B\u00fcy\u00fck Do\u011fu Cemiyetinin kurulu\u015fundan itibaren Anadolu\u2019yu bir u\u00e7tan \u00f6b\u00fcr uca sarsan Necip Faz\u0131l i\u00e7in, mevzuu ne olursa olsun verdi\u011fi her konferans, \u00abTanzimattan beri gelen sahte ink\u0131laplar\u0131n \u00e7\u00fcr\u00fctt\u00fc\u011f\u00fc ruh k\u00f6k\u00fcm\u00fcz\u00fc kurtarma, kainat \u00e7ap\u0131nda hesaba vurma, T\u00fcrk\u00fcn ruh ve madde d\u00fcnyas\u0131n\u0131 Bat\u0131n\u0131n da hayran olaca\u011f\u0131 ve i\u00e7inde her derde deva bulaca\u011f\u0131 bir ideolocya plan\u0131nda kurma ideali\u00bbne ba\u011fl\u0131d\u0131r.<\/p>","protected":false},"featured_media":3982,"template":"","meta":{"spay_email":""},"product_cat":[168],"product_tag":[],"item":[383],"acf":[],"_links":{"self":[{"href":"https:\/\/mgvpublications.com\/de\/wp-json\/wp\/v2\/product\/3952"}],"collection":[{"href":"https:\/\/mgvpublications.com\/de\/wp-json\/wp\/v2\/product"}],"about":[{"href":"https:\/\/mgvpublications.com\/de\/wp-json\/wp\/v2\/types\/product"}],"wp:featuredmedia":[{"embeddable":true,"href":"https:\/\/mgvpublications.com\/de\/wp-json\/wp\/v2\/media\/3982"}],"wp:attachment":[{"href":"https:\/\/mgvpublications.com\/de\/wp-json\/wp\/v2\/media?parent=3952"}],"wp:term":[{"taxonomy":"product_cat","embeddable":true,"href":"https:\/\/mgvpublications.com\/de\/wp-json\/wp\/v2\/product_cat?post=3952"},{"taxonomy":"product_tag","embeddable":true,"href":"https:\/\/mgvpublications.com\/de\/wp-json\/wp\/v2\/product_tag?post=3952"},{"taxonomy":"item","embeddable":true,"href":"https:\/\/mgvpublications.com\/de\/wp-json\/wp\/v2\/item?post=3952"}],"curies":[{"name":"wp","href":"https:\/\/api.w.org\/{rel}","templated":true}]}}