{"id":3951,"date":"2019-04-02T22:43:31","date_gmt":"2019-04-02T20:43:31","guid":{"rendered":"https:\/\/dev2.mgvpublications.com\/produkt\/import-placeholder-for-6185\/"},"modified":"2025-04-26T19:21:17","modified_gmt":"2025-04-26T17:21:17","slug":"iman-esaslarimiz","status":"publish","type":"product","link":"https:\/\/mgvpublications.com\/de\/iman-esaslarimiz\/","title":{"rendered":"\u0130man Esaslar\u0131m\u0131z"},"content":{"rendered":"<p>Yay\u0131n Tarihi 2018-04-01<br \/>\nISBN 6055000394<br \/>\nBask\u0131 Say\u0131s\u0131 2. Bask\u0131<br \/>\nDil T\u00dcRK\u00c7E<br \/>\nSayfa Say\u0131s\u0131 391<br \/>\nCilt Tipi Karton Kapak<br \/>\nKa\u011f\u0131t Cinsi Kitap Ka\u011f\u0131d\u0131<br \/>\nBoyut 14 x 21 cm<\/p>","protected":false},"excerpt":{"rendered":"<p>\u0130mam-\u0131 \u00c2zam (r.aleyh) Hazretleri\u2019nin yazm\u0131\u015f oldu\u011fu &#8220;F\u0131khu\u2019l Ekber&#8221; \u0130man Esaslar\u0131m\u0131z hususunda bize \u0131\u015f\u0131k tutacak bir kitapt\u0131r. Ebu\u2019l M\u00fcnteha Hazretleri bu kitab\u0131 madde madde tahlil, tahkik ve tetkikten sonra eserin \u00f6nemine binaen en g\u00fczel \u015ferhini meydana getirmi\u015ftir. Yusuf Yi\u011fitalp, Ebu\u2019l M\u00fcnteha \u015eerhi\u2019ni g\u00fcn\u00fcm\u00fcz T\u00fcrk\u00e7esi ile daha anla\u015f\u0131labilir bir dil kullanarak okuyucularla bulu\u015fturmu\u015ftur. \u0130sl\u00e2m dininin, itikat esaslar\u0131ndan ba\u015flayarak geni\u015f \u00e7apta temel bilgilere cevap vermi\u015f, bir\u00e7ok ana meseleleri ayd\u0131nl\u0131\u011fa kavu\u015fturmu\u015ftur. Tevfik sadece ve sadece Allah\u2019tand\u0131r (c.c).<\/p>","protected":false},"featured_media":3981,"template":"","meta":{"spay_email":""},"product_cat":[174],"product_tag":[],"item":[335],"acf":[],"_links":{"self":[{"href":"https:\/\/mgvpublications.com\/de\/wp-json\/wp\/v2\/product\/3951"}],"collection":[{"href":"https:\/\/mgvpublications.com\/de\/wp-json\/wp\/v2\/product"}],"about":[{"href":"https:\/\/mgvpublications.com\/de\/wp-json\/wp\/v2\/types\/product"}],"wp:featuredmedia":[{"embeddable":true,"href":"https:\/\/mgvpublications.com\/de\/wp-json\/wp\/v2\/media\/3981"}],"wp:attachment":[{"href":"https:\/\/mgvpublications.com\/de\/wp-json\/wp\/v2\/media?parent=3951"}],"wp:term":[{"taxonomy":"product_cat","embeddable":true,"href":"https:\/\/mgvpublications.com\/de\/wp-json\/wp\/v2\/product_cat?post=3951"},{"taxonomy":"product_tag","embeddable":true,"href":"https:\/\/mgvpublications.com\/de\/wp-json\/wp\/v2\/product_tag?post=3951"},{"taxonomy":"item","embeddable":true,"href":"https:\/\/mgvpublications.com\/de\/wp-json\/wp\/v2\/item?post=3951"}],"curies":[{"name":"wp","href":"https:\/\/api.w.org\/{rel}","templated":true}]}}