{"id":3950,"date":"2019-04-02T22:43:31","date_gmt":"2019-04-02T20:43:31","guid":{"rendered":"https:\/\/dev2.mgvpublications.com\/produkt\/import-placeholder-for-6184\/"},"modified":"2022-03-08T22:30:00","modified_gmt":"2022-03-08T21:30:00","slug":"imam-i-gazaliden-yoenetim-sirlari","status":"publish","type":"product","link":"https:\/\/mgvpublications.com\/de\/imam-i-gazaliden-yoenetim-sirlari\/","title":{"rendered":"\u0130mam-\u0131 Gazali&#8217;den Y\u00f6netim S\u0131rlar\u0131"},"content":{"rendered":"<p>\u00c7evirmen:\t\u0130brahim Do\u011fu<br \/>\nYay\u0131n Tarihi\t2008-01-01<br \/>\nISBN\t6055822514<br \/>\nBask\u0131 Say\u0131s\u0131\t1. Bask\u0131<br \/>\nDil\tT\u00dcRK\u00c7E<br \/>\nSayfa Say\u0131s\u0131\t222<br \/>\nCilt Tipi\tKarton Kapak<br \/>\nKa\u011f\u0131t Cinsi\tKitap Ka\u011f\u0131d\u0131<br \/>\nBoyut\t13.5 x 21 cm<\/p>","protected":false},"excerpt":{"rendered":"<p>\u0130mam Gazali bu k\u0131ymetli eserinde otoriteye kar\u015f\u0131 duru\u015fumuzu irdelerken adil bir y\u00f6netici olman\u0131n \u00f6nemini vurguluyor. Kitapta; b\u00fcy\u00fck \u00dcstad Gazali, konular\u0131 \u00f6yk\u00fclerle \u00f6rneklendirerek ak\u0131c\u0131 bir \u00fcslupla detayland\u0131r\u0131rken y\u00f6neticilere \u00f6\u011f\u00fctler veriyor. Y\u00f6netici adaylar\u0131n\u0131n ya da liderlerin hem d\u00fcnyada adil olmak hem de ahiretini kurtarmak i\u00e7in muhakkak okumas\u0131 gerekli bir kitap.<\/p>","protected":false},"featured_media":3980,"template":"","meta":{"spay_email":""},"product_cat":[174],"product_tag":[],"item":[404],"acf":[],"_links":{"self":[{"href":"https:\/\/mgvpublications.com\/de\/wp-json\/wp\/v2\/product\/3950"}],"collection":[{"href":"https:\/\/mgvpublications.com\/de\/wp-json\/wp\/v2\/product"}],"about":[{"href":"https:\/\/mgvpublications.com\/de\/wp-json\/wp\/v2\/types\/product"}],"wp:featuredmedia":[{"embeddable":true,"href":"https:\/\/mgvpublications.com\/de\/wp-json\/wp\/v2\/media\/3980"}],"wp:attachment":[{"href":"https:\/\/mgvpublications.com\/de\/wp-json\/wp\/v2\/media?parent=3950"}],"wp:term":[{"taxonomy":"product_cat","embeddable":true,"href":"https:\/\/mgvpublications.com\/de\/wp-json\/wp\/v2\/product_cat?post=3950"},{"taxonomy":"product_tag","embeddable":true,"href":"https:\/\/mgvpublications.com\/de\/wp-json\/wp\/v2\/product_tag?post=3950"},{"taxonomy":"item","embeddable":true,"href":"https:\/\/mgvpublications.com\/de\/wp-json\/wp\/v2\/item?post=3950"}],"curies":[{"name":"wp","href":"https:\/\/api.w.org\/{rel}","templated":true}]}}