{"id":3916,"date":"2020-12-01T15:29:03","date_gmt":"2020-12-01T14:29:03","guid":{"rendered":"https:\/\/dev2.mgvpublications.com\/produkt\/import-placeholder-for-6182\/"},"modified":"2022-03-08T22:30:00","modified_gmt":"2022-03-08T21:30:00","slug":"ilk-12-ayda-bebegin-gelisimi-beslenmesi-oyunlari","status":"publish","type":"product","link":"https:\/\/mgvpublications.com\/de\/ilk-12-ayda-bebegin-gelisimi-beslenmesi-oyunlari\/","title":{"rendered":"\u0130lk 12 Ayda Bebe\u011fin Geli\u015fimi Beslenmesi Oyunlar\u0131"},"content":{"rendered":"<p>Yay\u0131n Tarihi: 29.04.2019<br \/>ISBN: 9786059841887<br \/>Dil: T\u00dcRK\u00c7E<br \/>Sayfa Say\u0131s\u0131: 264<br \/>Cilt Tipi: Karton Kapak<br \/>Ka\u011f\u0131t Cinsi: Kitap Ka\u011f\u0131d\u0131<br \/>Boyut: 16.5 x 22.5 cm<\/p>","protected":false},"excerpt":{"rendered":"<p>Anneci\u011fim beni tan\u0131yor musun? Can\u0131m annem, 9 ay boyunca s\u0131cakl\u0131\u011f\u0131n bana yuva oldu. Sevginle b\u00fcy\u00fcd\u00fcm, kalbinin ritminde uyudum. Hayat\u0131m\u0131n en mucizev\u00ee ser\u00fcveninin sonunda kendimi kollar\u0131nda buldum; do\u011fdum. Mini minnac\u0131k bir emanet olarak, emanet\u00e7ilerin en tatl\u0131s\u0131n\u0131n evlad\u0131 oldum. Sonra fark ettim ki g\u00f6zlerinde mutluluk kadar tela\u015f da var. Beni nas\u0131l besleyece\u011fin, nas\u0131l uyutaca\u011f\u0131n, nas\u0131l y\u0131kayaca\u011f\u0131n, hangi ay\u0131mda bana nas\u0131l bakaca\u011f\u0131n hususunda heyecan dolusun. Beni ta\u015f\u0131rken can\u0131m yanacak diye korkuyor, babam\u0131n kuca\u011f\u0131na verirken bile endi\u015feleniyorsun. Ama biliyor musun; beni tan\u0131d\u0131k\u00e7a bu endi\u015felerinden kurtulacaks\u0131n. Zaman i\u00e7inde dilimi \u00f6\u011frenip, beni anlayacaks\u0131n. Tabii bunun i\u00e7in geli\u015fim seyrimi bilmen gerekiyor. \u0130\u015fte bu y\u00fczden sana kendimi anlatt\u0131m. Beni benim c\u00fcmlelerimle tan\u0131 istedim. Hayat\u0131m\u0131n ilk y\u0131l\u0131nda nas\u0131l g\u00f6z\u00fck\u00fcr\u00fcm, neleri severim, neler yapabilirim, hangi oyuncaklarla oynar, sa\u011fl\u0131\u011f\u0131m i\u00e7in hangi \u00f6nlemlere ihtiya\u00e7 duyar\u0131m bu kitaba yazd\u0131m. Geli\u015fimimi ay ay kaleme ald\u0131m. Haydi bakal\u0131m! Sayfalar\u0131 arala da bir an \u00f6nce tan\u0131\u015fal\u0131m. Kayg\u0131lar\u0131m\u0131z\u0131n yerine mutlu an\u0131lar koyal\u0131m. Annelerin \u00e7ocuk e\u011fitimiyle ilgili yak\u0131ndan takip etti\u011fi yazar Hatice K\u00fcbra Tongar bu kitab\u0131nda bebe\u011fin dilinden sesleniyor. Bebe\u011fin ilk 12 ay\u0131nda, onu yak\u0131ndan tan\u0131mak, isteklerini ve ihtiya\u00e7lar\u0131n\u0131 anlamak i\u00e7in reng\u00e2renk bir ba\u015fucu kitab\u0131!<\/p>","protected":false},"featured_media":20143,"template":"","meta":{"spay_email":""},"product_cat":[171],"product_tag":[],"item":[685],"acf":[],"_links":{"self":[{"href":"https:\/\/mgvpublications.com\/de\/wp-json\/wp\/v2\/product\/3916"}],"collection":[{"href":"https:\/\/mgvpublications.com\/de\/wp-json\/wp\/v2\/product"}],"about":[{"href":"https:\/\/mgvpublications.com\/de\/wp-json\/wp\/v2\/types\/product"}],"wp:featuredmedia":[{"embeddable":true,"href":"https:\/\/mgvpublications.com\/de\/wp-json\/wp\/v2\/media\/20143"}],"wp:attachment":[{"href":"https:\/\/mgvpublications.com\/de\/wp-json\/wp\/v2\/media?parent=3916"}],"wp:term":[{"taxonomy":"product_cat","embeddable":true,"href":"https:\/\/mgvpublications.com\/de\/wp-json\/wp\/v2\/product_cat?post=3916"},{"taxonomy":"product_tag","embeddable":true,"href":"https:\/\/mgvpublications.com\/de\/wp-json\/wp\/v2\/product_tag?post=3916"},{"taxonomy":"item","embeddable":true,"href":"https:\/\/mgvpublications.com\/de\/wp-json\/wp\/v2\/item?post=3916"}],"curies":[{"name":"wp","href":"https:\/\/api.w.org\/{rel}","templated":true}]}}