{"id":3912,"date":"2019-04-02T22:43:30","date_gmt":"2019-04-02T20:43:30","guid":{"rendered":"https:\/\/dev2.mgvpublications.com\/produkt\/import-placeholder-for-6178\/"},"modified":"2022-03-08T22:29:59","modified_gmt":"2022-03-08T21:29:59","slug":"ii-abduelhamid-han-bir-dehanin-izleri","status":"publish","type":"product","link":"https:\/\/mgvpublications.com\/de\/ii-abduelhamid-han-bir-dehanin-izleri\/","title":{"rendered":"II. Abd\u00fclhamid Han &#8211; Bir Dehan\u0131n \u0130zleri"},"content":{"rendered":"<p>Yay\u0131n Tarihi 2017-06-07<br \/>\nISBN 6050824964<br \/>\nBask\u0131 Say\u0131s\u0131 2. Bask\u0131<br \/>\nDil T\u00dcRK\u00c7E<br \/>\nSayfa Say\u0131s\u0131 256<br \/>\nCilt Tipi Karton Kapak<br \/>\nKa\u011f\u0131t Cinsi Kitap Ka\u011f\u0131d\u0131<br \/>\nBoyut 13.5 x 21 cm<\/p>","protected":false},"excerpt":{"rendered":"<p>Osmanl\u0131 padi\u015fahlar\u0131ndan belki de en \u00e7ok tart\u0131\u015f\u0131lan\u0131d\u0131r Sultan II. Abd\u00fclhamid. Kimileri \u201cK\u0131z\u0131l Sultan\u201d diyor, kimileri \u201cUlu Hakan\u201d\u2026 Siyasi hayat\u0131 ve tercihleri s\u00fcrekli tart\u0131\u015f\u0131l\u0131yor. Ve bu tart\u0131\u015fmalar, daha ziyade sanc\u0131l\u0131 saltanat y\u0131llar\u0131ndaki siyasi olaylar, anla\u015fmalar, y\u00fcr\u00fct\u00fclen \u201cdenge politikas\u0131\u201d \u00fczerinden yap\u0131l\u0131yor.<br \/>\nPeki \u015fimdi, ki\u015fisel hayat\u0131 ve b\u0131rakt\u0131\u011f\u0131 eserler \u00fczerinden &#8220;insan Abd\u00fclhamid&#8221;e do\u011fru bir yolculu\u011fa ne dersiniz? Talha U\u011furluel, Sultan II. Abd\u00fclhamid\u2019in ki\u015fisel tarihindeki detaylar \u00fczerinden \u0130mparatorlu\u011fun son g\u00fcnlerini anlat\u0131yor<\/p>","protected":false},"featured_media":3943,"template":"","meta":{"spay_email":""},"product_cat":[170],"product_tag":[],"item":[360],"acf":[],"_links":{"self":[{"href":"https:\/\/mgvpublications.com\/de\/wp-json\/wp\/v2\/product\/3912"}],"collection":[{"href":"https:\/\/mgvpublications.com\/de\/wp-json\/wp\/v2\/product"}],"about":[{"href":"https:\/\/mgvpublications.com\/de\/wp-json\/wp\/v2\/types\/product"}],"wp:featuredmedia":[{"embeddable":true,"href":"https:\/\/mgvpublications.com\/de\/wp-json\/wp\/v2\/media\/3943"}],"wp:attachment":[{"href":"https:\/\/mgvpublications.com\/de\/wp-json\/wp\/v2\/media?parent=3912"}],"wp:term":[{"taxonomy":"product_cat","embeddable":true,"href":"https:\/\/mgvpublications.com\/de\/wp-json\/wp\/v2\/product_cat?post=3912"},{"taxonomy":"product_tag","embeddable":true,"href":"https:\/\/mgvpublications.com\/de\/wp-json\/wp\/v2\/product_tag?post=3912"},{"taxonomy":"item","embeddable":true,"href":"https:\/\/mgvpublications.com\/de\/wp-json\/wp\/v2\/item?post=3912"}],"curies":[{"name":"wp","href":"https:\/\/api.w.org\/{rel}","templated":true}]}}