{"id":3909,"date":"2019-04-02T22:43:26","date_gmt":"2019-04-02T20:43:26","guid":{"rendered":"https:\/\/dev2.mgvpublications.com\/produkt\/import-placeholder-for-6174\/"},"modified":"2022-03-08T22:29:58","modified_gmt":"2022-03-08T21:29:58","slug":"hz-muhammedin-hayati","status":"publish","type":"product","link":"https:\/\/mgvpublications.com\/de\/hz-muhammedin-hayati\/","title":{"rendered":"Hz. Muhammed&#8217;in Hayat\u0131"},"content":{"rendered":"<p>Yay\u0131n Tarihi 2018-01-01<br \/>\nISBN 9755747743<br \/>\nBask\u0131 Say\u0131s\u0131 213. Bask\u0131<br \/>\nDil T\u00dcRK\u00c7E<br \/>\nSayfa Say\u0131s\u0131 510<br \/>\nCilt Tipi Karton Kapak<br \/>\nKa\u011f\u0131t Cinsi Kitap Ka\u011f\u0131d\u0131<br \/>\nBoyut 13.5 x 21 cm<\/p>","protected":false},"excerpt":{"rendered":"<p>Hz. Muhammed&#8217;in Hayat\u0131 \u00e7a\u011fda\u015f bir &#8220;siret&#8221;tir. \u00c7a\u011fda\u015f m\u00fcsl\u00fcman yazar\u0131n ta\u015f\u0131mas\u0131 gereken sorumluluk bilinciyle kaleme al\u0131nan bu de\u011ferli eser, k\u00f6kl\u00fc bir ara\u015ft\u0131rman\u0131n \u00fcr\u00fcn\u00fc olmas\u0131 yan\u0131 s\u0131ra, yazar\u0131n\u0131n bir &#8220;edib&#8221; olu\u015fuyla kazand\u0131\u011f\u0131 ay\u0131r\u0131c\u0131 bir niteli\u011fe sahiptir. Esere hakim olan \u00fcslup bir taraftan konusunun gerektirdi\u011fi yo\u011funlu\u011fu rahat\u00e7a s\u00fcrd\u00fcrebilmektedir. Kitab\u0131n anlat\u0131m bi\u00e7imiyle kazand\u0131\u011f\u0131 bu edebi de\u011fer, Arap\u00e7a ilk kaynaklar\u0131 esas almas\u0131yla kazand\u0131\u011f\u0131 ilmi de\u011ferle birle\u015fince kendisini emsallerinden ay\u0131ran temel nitelik, iddial\u0131 bir tarzda ortaya \u00e7\u0131kmaktad\u0131r.<br \/>\n\u0130ngiliz as\u0131ll\u0131 m\u00fcsl\u00fcman yazar Martin Lings (Ebubekir Siraceddin) \u00fc\u00e7 y\u0131l\u0131n\u0131 verdi\u011fi bu de\u011ferli ara\u015ft\u0131rmas\u0131yla, &#8220;siyer&#8221; bilimiyle u\u011fra\u015fan ciddi \u00e7evrelerin hakl\u0131 takdirlerine mazhar olmu\u015f ve eseri &#8220;S\u0130RET \u00d6D\u00dcL\u00dc&#8221;ne lay\u0131k g\u00f6r\u00fclm\u00fc\u015ft\u00fcr<\/p>","protected":false},"featured_media":3940,"template":"","meta":{"spay_email":""},"product_cat":[174],"product_tag":[],"item":[503],"acf":[],"_links":{"self":[{"href":"https:\/\/mgvpublications.com\/de\/wp-json\/wp\/v2\/product\/3909"}],"collection":[{"href":"https:\/\/mgvpublications.com\/de\/wp-json\/wp\/v2\/product"}],"about":[{"href":"https:\/\/mgvpublications.com\/de\/wp-json\/wp\/v2\/types\/product"}],"wp:featuredmedia":[{"embeddable":true,"href":"https:\/\/mgvpublications.com\/de\/wp-json\/wp\/v2\/media\/3940"}],"wp:attachment":[{"href":"https:\/\/mgvpublications.com\/de\/wp-json\/wp\/v2\/media?parent=3909"}],"wp:term":[{"taxonomy":"product_cat","embeddable":true,"href":"https:\/\/mgvpublications.com\/de\/wp-json\/wp\/v2\/product_cat?post=3909"},{"taxonomy":"product_tag","embeddable":true,"href":"https:\/\/mgvpublications.com\/de\/wp-json\/wp\/v2\/product_tag?post=3909"},{"taxonomy":"item","embeddable":true,"href":"https:\/\/mgvpublications.com\/de\/wp-json\/wp\/v2\/item?post=3909"}],"curies":[{"name":"wp","href":"https:\/\/api.w.org\/{rel}","templated":true}]}}