{"id":3907,"date":"2019-04-02T22:43:26","date_gmt":"2019-04-02T20:43:26","guid":{"rendered":"https:\/\/dev2.mgvpublications.com\/produkt\/import-placeholder-for-6171\/"},"modified":"2022-03-08T22:29:57","modified_gmt":"2022-03-08T21:29:57","slug":"huenkarim-bir-tahsin-pasa-romani","status":"publish","type":"product","link":"https:\/\/mgvpublications.com\/de\/huenkarim-bir-tahsin-pasa-romani\/","title":{"rendered":"H\u00fcnkar\u0131m Bir Tahsin Pa\u015fa Roman\u0131"},"content":{"rendered":"<p>Yay\u0131n Tarihi 2019-05-13<br \/>\nISBN 6050827835<br \/>\nBask\u0131 Say\u0131s\u0131 4. Bask\u0131<br \/>\nDil T\u00dcRK\u00c7E<br \/>\nSayfa Say\u0131s\u0131 304<br \/>\nCilt Tipi Karton Kapak<br \/>\nKa\u011f\u0131t Cinsi Kitap Ka\u011f\u0131d\u0131<br \/>\nBoyut 13.5 x 21 cm<\/p>","protected":false},"excerpt":{"rendered":"<p>Sultan Abd\u00fclhamid\u2019in dostu, s\u0131r kutusu Tahsin Pa\u015fa\u2019n\u0131n roman\u0131: H\u00fcnkar\u0131m&#8230;<br \/>\nT\u00fcrkiye\u2019de ve d\u00fcnyada b\u00fcy\u00fck bir ilgiyle takip edilen Payitaht dizisinin Tahsin Pa\u015fa\u2019s\u0131 Bahad\u0131r Yeni\u015fehirlio\u011flu, Tahsin Pa\u015fa\u2019n\u0131n unutturulmu\u015f hayat\u0131n\u0131 romanla\u015ft\u0131rd\u0131.<br \/>\nOsmanl\u0131 \u0130mparatorlu\u011fu \u00f6l\u00fcm kal\u0131m sava\u015f\u0131nda.<br \/>\n\u0130\u00e7 ve d\u0131\u015f mihraklar\u0131n tek bir amac\u0131 var; Ulu Hakan Abd\u00fclhamid\u2019i devirmek.<br \/>\nSultan Abd\u00fclhamid\u2019in \u00e7evresinde g\u00fcvenebilece\u011fi tek bir ki\u015fi bile yoktu ta ki Tahsin Pa\u015fa\u2019y\u0131 bulana kadar.<br \/>\nTahsin Pa\u015fa, a\u015fktan ve muhabbetten anlayan, devletine ve H\u00fcnkar\u0131na sonsuz sadakatle ba\u011fl\u0131, iyi bir e\u011fitim ve aile terbiyesinden ge\u00e7mi\u015f bir devlet adam\u0131.<br \/>\nH\u00fcnkar&#8217;\u0131n Tahsin\u2019e sonsuz g\u00fcveni ile Tahsin\u2019in H\u00fcnkar&#8217;\u0131na sonsuz sadakati\u2026<br \/>\nVe herkesi k\u0131skand\u0131ran bir s\u0131rda\u015fl\u0131k, dostluk, karde\u015flik\u2026<\/p>","protected":false},"featured_media":3938,"template":"","meta":{"spay_email":""},"product_cat":[170],"product_tag":[],"item":[360],"acf":[],"_links":{"self":[{"href":"https:\/\/mgvpublications.com\/de\/wp-json\/wp\/v2\/product\/3907"}],"collection":[{"href":"https:\/\/mgvpublications.com\/de\/wp-json\/wp\/v2\/product"}],"about":[{"href":"https:\/\/mgvpublications.com\/de\/wp-json\/wp\/v2\/types\/product"}],"wp:featuredmedia":[{"embeddable":true,"href":"https:\/\/mgvpublications.com\/de\/wp-json\/wp\/v2\/media\/3938"}],"wp:attachment":[{"href":"https:\/\/mgvpublications.com\/de\/wp-json\/wp\/v2\/media?parent=3907"}],"wp:term":[{"taxonomy":"product_cat","embeddable":true,"href":"https:\/\/mgvpublications.com\/de\/wp-json\/wp\/v2\/product_cat?post=3907"},{"taxonomy":"product_tag","embeddable":true,"href":"https:\/\/mgvpublications.com\/de\/wp-json\/wp\/v2\/product_tag?post=3907"},{"taxonomy":"item","embeddable":true,"href":"https:\/\/mgvpublications.com\/de\/wp-json\/wp\/v2\/item?post=3907"}],"curies":[{"name":"wp","href":"https:\/\/api.w.org\/{rel}","templated":true}]}}