{"id":3903,"date":"2019-04-02T22:43:25","date_gmt":"2019-04-02T20:43:25","guid":{"rendered":"https:\/\/dev2.mgvpublications.com\/produkt\/import-placeholder-for-6166\/"},"modified":"2022-03-08T22:29:56","modified_gmt":"2022-03-08T21:29:56","slug":"hayirlisi-neyse-o-olsun","status":"publish","type":"product","link":"https:\/\/mgvpublications.com\/de\/hayirlisi-neyse-o-olsun\/","title":{"rendered":"Hay\u0131rl\u0131s\u0131 Neyse O Olsun"},"content":{"rendered":"<p>[koo_icon name=&#8221;undefined&#8221; color=&#8221;&#8221; size=&#8221;&#8221;]Yay\u0131n Tarihi\t2015-03-02<br \/>\nISBN\t6054751648<br \/>\nBask\u0131 Say\u0131s\u0131\t1. Bask\u0131<br \/>\nDil\tT\u00dcRK\u00c7E<br \/>\nSayfa Say\u0131s\u0131\t240<br \/>\nCilt Tipi\tKarton Kapak<br \/>\nKa\u011f\u0131t Cinsi\tKitap Ka\u011f\u0131d\u0131<br \/>\nBoyut\t13.5 x 21 cm<\/p>","protected":false},"excerpt":{"rendered":"<p>Her insan bir i\u015fe ba\u015flamadan \u00f6nce i\u015fin sonunda mutlu olmay\u0131, planlad\u0131\u011f\u0131 \u015feyin g\u00f6nl\u00fcne g\u00f6re olmas\u0131n\u0131 ister. Kendi d\u00fcnyas\u0131nda, kendi d\u00fc\u015f\u00fcncesinde dilediklerinin kendi istedi\u011fi \u015fekilde sonu\u00e7lanmas\u0131yla mutlu olaca\u011f\u0131n\u0131 d\u00fc\u015f\u00fcn\u00fcr. Ancak hep unutulan bir \u015fey vard\u0131r. Ya d\u00fc\u015f\u00fcnd\u00fc\u011f\u00fcn\u00fcz ya da olmas\u0131n\u0131 istedi\u011finiz \u015fey asl\u0131nda sizin i\u00e7in hay\u0131rl\u0131 de\u011filse? D\u00fc\u015f\u00fcnsenize \u00e7ok istedi\u011finiz bir evlilik veya biri, belki de bir i\u015f. \u00c7ok para, ba\u015fka bir ev belki de ba\u015fka bir ya\u015fam yeni arkada\u015flar vs. \u0130stemenin s\u0131n\u0131r\u0131 yoktur ve y\u00fcce rabbimden isteyece\u011finiz hi\u00e7bir \u015fey ona a\u011f\u0131r gelmez. Dilek ve dua kap\u0131s\u0131 sonsuzdur. M\u00fchim olan hep hay\u0131rl\u0131s\u0131n\u0131 istemektir. \u0130steklerimizin hay\u0131rla sonu\u00e7lanmas\u0131, \u00f6n\u00fcm\u00fczde duran, fakat g\u00f6remedi\u011fimiz koca engellerin a\u015f\u0131lmas\u0131 i\u00e7in yapmam\u0131z gerekenler nelerdir? \u0130\u015fte t\u00fcm bunlar\u0131n cevaplar\u0131n\u0131 kolay, sade ve keyifli bir anlat\u0131mla bir araya getirdik. Bunun d\u0131\u015f\u0131nda hay\u0131rl\u0131 bir evlilik i\u00e7in yap\u0131lmas\u0131 gerekenler, affetmek, g\u00fczel ahlak, edep, kul hakk\u0131, merhamet gibi iyi bir insanda olmas\u0131 gereken t\u00fcm vas\u0131flar\u0131, konu sonlar\u0131ndaki birbirinden g\u00fczel ya\u015fanm\u0131\u015f olaylar ve hik\u00e2yelerle birlikte payla\u015fmaya \u00e7al\u0131\u015ft\u0131k. Kitab\u0131 okudu\u011funuzda y\u00fcre\u011finizdeki sevgiye, baz\u0131 b\u00f6l\u00fcmlerde g\u00f6zya\u015flar\u0131n\u0131za baz\u0131 b\u00f6l\u00fcmlerde ise tarifi olmayan duygular\u0131n\u0131za ortak olmaya \u00e7al\u0131\u015ft\u0131k. Kitab\u0131 bitirdi\u011finizde ise o g\u00fclen g\u00f6zlerinizi zihnimize resmettik ve o tutkuyla sizlerle bulu\u015ftuk. Hay\u0131rlara vesile olsun&#8230; &#8220;Allah, g\u00f6nl\u00fcn\u00fczde olan\u0131 hakk\u0131n\u0131zda hay\u0131rl\u0131 eylesin, Hakk\u0131n\u0131zda hay\u0131rl\u0131 olan\u0131 da g\u00f6nl\u00fcn\u00fcze raz\u0131 eylesin..&#8221;<\/p>","protected":false},"featured_media":3933,"template":"","meta":{"spay_email":""},"product_cat":[168],"product_tag":[],"item":[499],"acf":[],"_links":{"self":[{"href":"https:\/\/mgvpublications.com\/de\/wp-json\/wp\/v2\/product\/3903"}],"collection":[{"href":"https:\/\/mgvpublications.com\/de\/wp-json\/wp\/v2\/product"}],"about":[{"href":"https:\/\/mgvpublications.com\/de\/wp-json\/wp\/v2\/types\/product"}],"wp:featuredmedia":[{"embeddable":true,"href":"https:\/\/mgvpublications.com\/de\/wp-json\/wp\/v2\/media\/3933"}],"wp:attachment":[{"href":"https:\/\/mgvpublications.com\/de\/wp-json\/wp\/v2\/media?parent=3903"}],"wp:term":[{"taxonomy":"product_cat","embeddable":true,"href":"https:\/\/mgvpublications.com\/de\/wp-json\/wp\/v2\/product_cat?post=3903"},{"taxonomy":"product_tag","embeddable":true,"href":"https:\/\/mgvpublications.com\/de\/wp-json\/wp\/v2\/product_tag?post=3903"},{"taxonomy":"item","embeddable":true,"href":"https:\/\/mgvpublications.com\/de\/wp-json\/wp\/v2\/item?post=3903"}],"curies":[{"name":"wp","href":"https:\/\/api.w.org\/{rel}","templated":true}]}}