{"id":3902,"date":"2019-04-02T22:43:25","date_gmt":"2019-04-02T20:43:25","guid":{"rendered":"https:\/\/dev2.mgvpublications.com\/produkt\/import-placeholder-for-6165\/"},"modified":"2022-04-01T21:11:05","modified_gmt":"2022-04-01T19:11:05","slug":"hayatin-tadini-cikar","status":"publish","type":"product","link":"https:\/\/mgvpublications.com\/de\/hayatin-tadini-cikar\/","title":{"rendered":"Hayat\u0131n Tad\u0131n\u0131 \u00c7\u0131kar"},"content":{"rendered":"<p>\u00c7evirmen: Prof. Dr. Tacettin Uzun<br \/>\nYay\u0131n Tarihi 2015-04-01<br \/>\nISBN 6055387754<br \/>\nBask\u0131 Say\u0131s\u0131 1. Bask\u0131<br \/>\nDil T\u00dcRK\u00c7E<br \/>\nSayfa Say\u0131s\u0131 531<br \/>\nCilt Tipi Karton Kapak<br \/>\nKa\u011f\u0131t Cinsi Kitap Ka\u011f\u0131d\u0131<br \/>\nBoyut 13.5 x 21 cm<\/p>","protected":false},"excerpt":{"rendered":"<p>&#8220;Hayat\u0131n Tad\u0131n\u0131 \u00c7\u0131kar,&#8221; bir ay veya bir y\u0131l\u0131n \u00fcr\u00fcn\u00fc de\u011fil, yirmi y\u0131l boyunca yapt\u0131\u011f\u0131m e\u011fitim, inceleme, ara\u015ft\u0131rma ve pratik davet \u00e7al\u0131\u015fmas\u0131n\u0131n \u00fcr\u00fcn\u00fcd\u00fcr. Onu kan\u0131mla yazd\u0131m, i\u00e7ine ruhumu d\u00f6k\u00fcp hat\u0131ralar\u0131m\u0131 s\u0131kt\u0131m.<\/p>\n<p>Hayat, insanlar\u0131n uygulad\u0131klar\u0131 ya da uygulamad\u0131klar\u0131 oranda ba\u015far\u0131l\u0131 olduklar\u0131 beceri ve yeteneklerin b\u00fct\u00fcn\u00fcd\u00fcr. Bu a\u00e7\u0131dan bakt\u0131\u011f\u0131m\u0131zda da ba\u015far\u0131l\u0131 insanlar\u0131n en ba\u015f\u0131nda Rasulullah sallallahu aleyhi ve sellem gelmektedir.<\/p>\n<p>Onun siretine ait bilgiler inci gibi bilgilerdir. Ben onlar\u0131, senin i\u00e7in bu sat\u0131rlara d\u00f6kt\u00fcm. Ona, can\u0131m\u0131z ve g\u00f6z bebe\u011fimiz, ilk \u00f6\u011fretmen Rasulullah sallallahu aleyhi ve sellem&#8217;in ba\u015f\u0131ndan ge\u00e7en \u00e7e\u015fitli olaylar\u0131 koydum. \u0130nsanlarla ileti\u015fim\/ili\u015fki kurmadaki beceri ve yeteneklerle hayattan nas\u0131l tad al\u0131naca\u011f\u0131n\u0131 belirttim. Ayr\u0131ca benim ve baz\u0131 insanlar\u0131n ki\u015fisel hat\u0131ralar\u0131n\u0131, ya\u015fanm\u0131\u015f tecr\u00fcbeleri ve pek duyulmam\u0131\u015f baz\u0131 olaylar\u0131 da ekledim.<\/p>\n<p>Bu \u015fekilde ortaya \u00e7\u0131kan &#8220;Hayat\u0131n Tad\u0131n\u0131 \u00c7\u0131kar&#8221; kitab\u0131, senin kalbine yerle\u015fmesi i\u00e7in benim kalbimden sevgiyle \u00e7\u0131kan kelimelerdir\/s\u00f6zlerdir. Onlara sen de de\u011fer ver, \u00e7\u00fcnk\u00fc eserin i\u00e7indeki bilgiler hem benim i\u00e7in hem de bu duygular\u0131 ya\u015fayan insanlar i\u00e7in \u00e7ok de\u011ferlidir.<\/p>","protected":false},"featured_media":3932,"template":"","meta":{"spay_email":""},"product_cat":[168],"product_tag":[],"item":[497],"acf":[],"_links":{"self":[{"href":"https:\/\/mgvpublications.com\/de\/wp-json\/wp\/v2\/product\/3902"}],"collection":[{"href":"https:\/\/mgvpublications.com\/de\/wp-json\/wp\/v2\/product"}],"about":[{"href":"https:\/\/mgvpublications.com\/de\/wp-json\/wp\/v2\/types\/product"}],"wp:featuredmedia":[{"embeddable":true,"href":"https:\/\/mgvpublications.com\/de\/wp-json\/wp\/v2\/media\/3932"}],"wp:attachment":[{"href":"https:\/\/mgvpublications.com\/de\/wp-json\/wp\/v2\/media?parent=3902"}],"wp:term":[{"taxonomy":"product_cat","embeddable":true,"href":"https:\/\/mgvpublications.com\/de\/wp-json\/wp\/v2\/product_cat?post=3902"},{"taxonomy":"product_tag","embeddable":true,"href":"https:\/\/mgvpublications.com\/de\/wp-json\/wp\/v2\/product_tag?post=3902"},{"taxonomy":"item","embeddable":true,"href":"https:\/\/mgvpublications.com\/de\/wp-json\/wp\/v2\/item?post=3902"}],"curies":[{"name":"wp","href":"https:\/\/api.w.org\/{rel}","templated":true}]}}