{"id":3901,"date":"2019-04-02T22:43:25","date_gmt":"2019-04-02T20:43:25","guid":{"rendered":"https:\/\/dev2.mgvpublications.com\/produkt\/import-placeholder-for-6164\/"},"modified":"2022-06-14T13:10:55","modified_gmt":"2022-06-14T11:10:55","slug":"hayatimiza-peygamber-modeli","status":"publish","type":"product","link":"https:\/\/mgvpublications.com\/de\/hayatimiza-peygamber-modeli\/","title":{"rendered":"Hayat\u0131m\u0131za Peygamber Modeli"},"content":{"rendered":"<p>[koo_icon name=&#8221;undefined&#8221; color=&#8221;&#8221; size=&#8221;&#8221;]Yay\u0131n Tarihi 2015-05-01<br \/>\nISBN 6055271190<br \/>\nBask\u0131 Say\u0131s\u0131 2. Bask\u0131<br \/>\nDil T\u00dcRK\u00c7E<br \/>\nSayfa Say\u0131s\u0131 189<br \/>\nCilt Tipi Karton Kapak<br \/>\nKa\u011f\u0131t Cinsi Kitap Ka\u011f\u0131d\u0131<br \/>\nBoyut 13.5 x 21 cm<\/p>","protected":false},"excerpt":{"rendered":"<p>Peygamberimizi \u00f6rnek alabilmek i\u00e7in onu iyi tan\u0131mak gerekiyor.<br \/>\nO nas\u0131l ya\u015fard\u0131?<br \/>\nAilesinin i\u00e7inde, dostlar\u0131n\u0131n aras\u0131nda neler yapar, nas\u0131l konu\u015furdu?<br \/>\nBir \u00e7ocukla veya bir ya\u015fl\u0131yla kar\u015f\u0131la\u015ft\u0131\u011f\u0131nda, yahut bir yoksul g\u00f6rd\u00fc\u011f\u00fcnde nas\u0131l davran\u0131rd\u0131?<br \/>\nNeye \u00fcz\u00fcl\u00fcr, neye sevinirdi?<br \/>\nOnunla hayatlar\u0131n\u0131 payla\u015fm\u0131\u015f insanlar\u0131n, bunlar gibi y\u00fczlerce soruya cevap te\u015fkil edecek an\u0131lar\u0131ndan olu\u015fan bu kitapla, Peygamberimizi daha yak\u0131ndan tan\u0131yacaks\u0131n\u0131z.<\/p>","protected":false},"featured_media":3931,"template":"","meta":{"spay_email":""},"product_cat":[174],"product_tag":[],"item":[363],"acf":[],"_links":{"self":[{"href":"https:\/\/mgvpublications.com\/de\/wp-json\/wp\/v2\/product\/3901"}],"collection":[{"href":"https:\/\/mgvpublications.com\/de\/wp-json\/wp\/v2\/product"}],"about":[{"href":"https:\/\/mgvpublications.com\/de\/wp-json\/wp\/v2\/types\/product"}],"wp:featuredmedia":[{"embeddable":true,"href":"https:\/\/mgvpublications.com\/de\/wp-json\/wp\/v2\/media\/3931"}],"wp:attachment":[{"href":"https:\/\/mgvpublications.com\/de\/wp-json\/wp\/v2\/media?parent=3901"}],"wp:term":[{"taxonomy":"product_cat","embeddable":true,"href":"https:\/\/mgvpublications.com\/de\/wp-json\/wp\/v2\/product_cat?post=3901"},{"taxonomy":"product_tag","embeddable":true,"href":"https:\/\/mgvpublications.com\/de\/wp-json\/wp\/v2\/product_tag?post=3901"},{"taxonomy":"item","embeddable":true,"href":"https:\/\/mgvpublications.com\/de\/wp-json\/wp\/v2\/item?post=3901"}],"curies":[{"name":"wp","href":"https:\/\/api.w.org\/{rel}","templated":true}]}}