{"id":3900,"date":"2019-04-02T22:43:25","date_gmt":"2019-04-02T20:43:25","guid":{"rendered":"https:\/\/dev2.mgvpublications.com\/produkt\/import-placeholder-for-6163\/"},"modified":"2022-03-08T22:29:56","modified_gmt":"2022-03-08T21:29:56","slug":"hayat-teselli-olmaktir","status":"publish","type":"product","link":"https:\/\/mgvpublications.com\/de\/hayat-teselli-olmaktir\/","title":{"rendered":"Hayat Teselli Olmakt\u0131r"},"content":{"rendered":"<p>Yay\u0131n Tarihi\t2017-11-02<br \/>\nISBN\t9759968113<br \/>\nBask\u0131 Say\u0131s\u0131\t2. Bask\u0131<br \/>\nDil\tT\u00dcRK\u00c7E<br \/>\nSayfa Say\u0131s\u0131\t264<br \/>\nCilt Tipi\tKarton Kapak<br \/>\nKa\u011f\u0131t Cinsi\tKitap Ka\u011f\u0131d\u0131<br \/>\nBoyut\t13.5 x 21 cm<\/p>","protected":false},"excerpt":{"rendered":"<p>Marx\u2019\u0131n  \u2018\u2019Kapitalizm , g\u00f6lgesini satamad\u0131\u011f\u0131 a\u011fac\u0131 keser .\u2019\u2019c\u00fcmlesi ile Efendimizin \u2018\u2019Hurma sizin halan\u0131zd\u0131r. \u2018\u2019 Hadis-i \u015eerif\u2019ini  ayn\u0131 g\u00fcn \u00f6\u011frendim. \u0130lkini anlayacak kadar ele\u015ftirel bak\u0131\u015f\u0131m geli\u015fmemi\u015fti hen\u00fcz.Efendimin c\u00fcmlesinin anlam\u0131n\u0131 i\u00e7imde haz\u0131r buldum.<br \/>\nHer a\u011fac\u0131 o g\u00fcn bug\u00fcnd\u00fcr akrabam bildim.<br \/>\nA\u011fa\u00e7lar\u0131n en \u00e7ok g\u00f6vdesine sar\u0131lmay\u0131 sevdim.<br \/>\nA\u011fa\u00e7lar\u0131n g\u00f6vdesine sar\u0131lmay\u0131 sevdim . \u00c7\u00fcnk\u00fc can\u0131m\u0131n can\u0131<br \/>\nAnnem buldu\u011fu her topra\u011fa a\u011fa\u00e7 dikerdi.<br \/>\nAnnemin, hayat\u0131n ac\u0131lar\u0131na kar\u015f\u0131l\u0131k bir teselli olarak a\u011fa\u00e7 diki\u015fini idrak etti\u011fimde, otuzlu ya\u015flar\u0131m\u0131 geride b\u0131rakm\u0131\u015ft\u0131m.<br \/>\n\u00d6m\u00fcr denilen \u015feyin bir teselli aray\u0131\u015f\u0131 oldu\u011funu \u00f6\u011frenmeye hen\u00fcz ba\u015flam\u0131\u015ft\u0131m.<br \/>\nI\u015fte tam  o s\u0131ra Yusuf Hemedani\u2019nin c\u00fcmleleri mihmandar\u0131m oldu.<br \/>\n\u2018\u2019Hayat Teselli Olmat\u0131r , herkes tesellisini kendi nev\u2019inden arar \u2018\u2019 diyordu.<br \/>\nYusuf Hemedani . Ben tesellimi kelimelerde buldum.<\/p>","protected":false},"featured_media":3930,"template":"","meta":{"spay_email":""},"product_cat":[168],"product_tag":[],"item":[354],"acf":[],"_links":{"self":[{"href":"https:\/\/mgvpublications.com\/de\/wp-json\/wp\/v2\/product\/3900"}],"collection":[{"href":"https:\/\/mgvpublications.com\/de\/wp-json\/wp\/v2\/product"}],"about":[{"href":"https:\/\/mgvpublications.com\/de\/wp-json\/wp\/v2\/types\/product"}],"wp:featuredmedia":[{"embeddable":true,"href":"https:\/\/mgvpublications.com\/de\/wp-json\/wp\/v2\/media\/3930"}],"wp:attachment":[{"href":"https:\/\/mgvpublications.com\/de\/wp-json\/wp\/v2\/media?parent=3900"}],"wp:term":[{"taxonomy":"product_cat","embeddable":true,"href":"https:\/\/mgvpublications.com\/de\/wp-json\/wp\/v2\/product_cat?post=3900"},{"taxonomy":"product_tag","embeddable":true,"href":"https:\/\/mgvpublications.com\/de\/wp-json\/wp\/v2\/product_tag?post=3900"},{"taxonomy":"item","embeddable":true,"href":"https:\/\/mgvpublications.com\/de\/wp-json\/wp\/v2\/item?post=3900"}],"curies":[{"name":"wp","href":"https:\/\/api.w.org\/{rel}","templated":true}]}}