{"id":3875,"date":"2020-12-01T15:24:07","date_gmt":"2020-12-01T14:24:07","guid":{"rendered":"https:\/\/dev2.mgvpublications.com\/produkt\/import-placeholder-for-6156\/"},"modified":"2022-04-08T06:19:46","modified_gmt":"2022-04-08T04:19:46","slug":"halimizin-izahi","status":"publish","type":"product","link":"https:\/\/mgvpublications.com\/de\/halimizin-izahi\/","title":{"rendered":"Halimizin \u0130zah\u0131"},"content":{"rendered":"<p>Yay\u0131n Tarihi: 24.01.2022<br \/>ISBN: 9786058776869<br \/>Dil: T\u00dcRK\u00c7E<br \/>Sayfa Say\u0131s\u0131: 256<br \/>Cilt Tipi: Karton Kapak<br \/>Ka\u011f\u0131t Cinsi: Kitap Ka\u011f\u0131d\u0131<br \/>Boyut: 13.5 x 21 cm<\/p>","protected":false},"excerpt":{"rendered":"<p>\u00dcmmet olarak bizi ku\u015fatan olaylar\u0131 ak\u015fam sabah say\u0131p d\u00f6kme, g\u00f6revimiz yoktur. As\u0131l g\u00f6revimiz, bulundu\u011fumuz hale bizi mecbur eden sorunlar\u0131n temel nedenleri \u00fczerinde durmak ve sorunu k\u00f6kten \u00e7\u00f6zmek i\u00e7in u\u011fra\u015fmaktad\u0131r. Bu kitap belli ba\u015fl\u0131 s\u0131k\u0131nt\u0131lar\u0131m\u0131zdan bir b\u00f6l\u00fcm\u00fcn\u00fc ele almakla ve m\u00fcsl\u00fcman fertler olarak neler yapabilece\u011fimizi g\u00f6stermeye \u00e7al\u0131\u015fmaktad\u0131r.<\/p>","protected":false},"featured_media":23164,"template":"","meta":{"spay_email":""},"product_cat":[174],"product_tag":[],"item":[363],"acf":[],"_links":{"self":[{"href":"https:\/\/mgvpublications.com\/de\/wp-json\/wp\/v2\/product\/3875"}],"collection":[{"href":"https:\/\/mgvpublications.com\/de\/wp-json\/wp\/v2\/product"}],"about":[{"href":"https:\/\/mgvpublications.com\/de\/wp-json\/wp\/v2\/types\/product"}],"wp:featuredmedia":[{"embeddable":true,"href":"https:\/\/mgvpublications.com\/de\/wp-json\/wp\/v2\/media\/23164"}],"wp:attachment":[{"href":"https:\/\/mgvpublications.com\/de\/wp-json\/wp\/v2\/media?parent=3875"}],"wp:term":[{"taxonomy":"product_cat","embeddable":true,"href":"https:\/\/mgvpublications.com\/de\/wp-json\/wp\/v2\/product_cat?post=3875"},{"taxonomy":"product_tag","embeddable":true,"href":"https:\/\/mgvpublications.com\/de\/wp-json\/wp\/v2\/product_tag?post=3875"},{"taxonomy":"item","embeddable":true,"href":"https:\/\/mgvpublications.com\/de\/wp-json\/wp\/v2\/item?post=3875"}],"curies":[{"name":"wp","href":"https:\/\/api.w.org\/{rel}","templated":true}]}}