{"id":3874,"date":"2019-04-02T22:43:24","date_gmt":"2019-04-02T20:43:24","guid":{"rendered":"https:\/\/dev2.mgvpublications.com\/produkt\/import-placeholder-for-6155\/"},"modified":"2022-03-12T13:00:38","modified_gmt":"2022-03-12T12:00:38","slug":"hakka-sahip-cikmak","status":"publish","type":"product","link":"https:\/\/mgvpublications.com\/de\/hakka-sahip-cikmak\/","title":{"rendered":"Hakka Sahip \u00c7\u0131kmak"},"content":{"rendered":"<p>Yay\u0131n Tarihi 2016-03-01<br \/>\nISBN 6055000707<br \/>\nBask\u0131 Say\u0131s\u0131 1. Bask\u0131<br \/>\nDil T\u00dcRK\u00c7E<br \/>\nSayfa Say\u0131s\u0131 65<br \/>\nCilt Tipi Karton Kapak<br \/>\nKa\u011f\u0131t Cinsi Kitap Ka\u011f\u0131d\u0131<br \/>\nBoyut 13 x 19 cm<\/p>","protected":false},"excerpt":{"rendered":"<p>G\u00fcn\u00fcm\u00fczde hakka sahip \u00e7\u0131kmak ancak Milli G\u00f6r\u00fc\u015fle olabilir. Milli G\u00f6r\u00fc\u015f herhangi bir zihniyet, herhangi bir hareket de\u011fildir. \u00d6yleyse Milli G\u00f6r\u00fc\u015f nedir?<\/p>\n<p>Milli G\u00f6r\u00fc\u015f, insanl\u0131\u011f\u0131n a\u015f\u0131r\u0131 derecede bunald\u0131\u011f\u0131, zul\u00fcmler i\u00e7erisinde ya\u015fad\u0131\u011f\u0131 bir d\u00f6nemde, bu zul\u00fcm d\u00fcnyas\u0131ndan kurtularak yeniden saadet d\u00fcnyas\u0131na ge\u00e7i\u015f hareketidir. Onun i\u00e7in \u00e7ok m\u00fchimdir, \u00e7ok de\u011ferlidir. Milli G\u00f6r\u00fc\u015f &#8221;Yeni Bir D\u00fcnya&#8221;n\u0131n kurulma hareketidir.<\/p>","protected":false},"featured_media":3922,"template":"","meta":{"spay_email":""},"product_cat":[173],"product_tag":[],"item":[335],"acf":[],"_links":{"self":[{"href":"https:\/\/mgvpublications.com\/de\/wp-json\/wp\/v2\/product\/3874"}],"collection":[{"href":"https:\/\/mgvpublications.com\/de\/wp-json\/wp\/v2\/product"}],"about":[{"href":"https:\/\/mgvpublications.com\/de\/wp-json\/wp\/v2\/types\/product"}],"wp:featuredmedia":[{"embeddable":true,"href":"https:\/\/mgvpublications.com\/de\/wp-json\/wp\/v2\/media\/3922"}],"wp:attachment":[{"href":"https:\/\/mgvpublications.com\/de\/wp-json\/wp\/v2\/media?parent=3874"}],"wp:term":[{"taxonomy":"product_cat","embeddable":true,"href":"https:\/\/mgvpublications.com\/de\/wp-json\/wp\/v2\/product_cat?post=3874"},{"taxonomy":"product_tag","embeddable":true,"href":"https:\/\/mgvpublications.com\/de\/wp-json\/wp\/v2\/product_tag?post=3874"},{"taxonomy":"item","embeddable":true,"href":"https:\/\/mgvpublications.com\/de\/wp-json\/wp\/v2\/item?post=3874"}],"curies":[{"name":"wp","href":"https:\/\/api.w.org\/{rel}","templated":true}]}}