{"id":3873,"date":"2019-04-02T22:43:24","date_gmt":"2019-04-02T20:43:24","guid":{"rendered":"https:\/\/dev2.mgvpublications.com\/produkt\/import-placeholder-for-6154\/"},"modified":"2022-03-08T22:29:53","modified_gmt":"2022-03-08T21:29:53","slug":"hadis-problemleri","status":"publish","type":"product","link":"https:\/\/mgvpublications.com\/de\/hadis-problemleri\/","title":{"rendered":"Hadis Problemleri"},"content":{"rendered":"<p>Format Kitap<br \/>\nBarkod-ISBN 9789756835623<br \/>\nYay\u0131n Tarihi 2011-05-07<br \/>\nYay\u0131n Dili T\u00fcrk\u00e7e<br \/>\nBask\u0131 Say\u0131s\u0131 3.Bask\u0131<br \/>\nSayfa Say\u0131s\u0131 424<br \/>\nKapak Karton<br \/>\nKa\u011f\u0131t 2.Hamur<br \/>\nBoyut 13 X 21<\/p>","protected":false},"excerpt":{"rendered":"<p>G\u00fczelliklerin hep oralardan misallendirildi\u011fini g\u00f6r\u00fcp, eski g\u00fcnlerin hasretiyle i\u00e7 \u00e7eken g\u00fcn\u00fcm\u00fcz m\u00fcsl\u00fcman ayd\u0131n\u0131, bug\u00fcn ayn\u0131 g\u00fczelliklerin neden ya\u015fanamad\u0131\u011f\u0131n\u0131 sorgulamaktad\u0131r. Bunu yaparken, eksikli\u011fin nereden ba\u015flad\u0131\u011f\u0131n\u0131 g\u00f6rmekte ve Kur\u00b4\u00e2n-S\u00fcnnet eksenli bir hayat\u0131 yeniden in\u015fa etmek gerekti\u011fine inanmaktad\u0131r. Sa\u011flam ve sa\u011fl\u0131kl\u0131 bir \u00fcmmet olu\u015fturabilmek i\u00e7in, bizlere ula\u015fan s\u00fcnnet malzemesinin tekrardan irdelenmesi ve gelen rivayetler i\u00e7inden g\u00fcvenilir Kur\u00b4\u00e2n yorumunu \u00e7\u0131karman\u0131n \u00f6nceli\u011fi oldu\u011funu g\u00f6zlemektedir. Geldi\u011fi safhadan sonra, gayretlerini tabi\u00ee olarak s\u00fcnnetin bu sahas\u0131na teks\u00eef etmektedir.<br \/>\nBu duruma bakarak \u015funu rahat\u00e7a s\u00f6yleyebiliriz: \u0130\u00e7inde ya\u015fad\u0131\u011f\u0131m\u0131z s\u00fcre\u00e7, selefe sorgusuz ittib\u00e2 yerine, s\u00fcnnetin -sened ihmal edilmemekle birlikte- daha ziyade ba\u015fka kriterlerle tahl\u00eele tabi tutulaca\u011f\u0131 bir d\u00f6nem olacakt\u0131r.<br \/>\nElinizdeki eser, bu yeni yakla\u015f\u0131m\u0131n \u00f6rneklerini ihtiva eden bir \u00e7al\u0131\u015fmad\u0131r.<\/p>\n<p>(Arka Kapak Yaz\u0131s\u0131)<\/p>","protected":false},"featured_media":3921,"template":"","meta":{"spay_email":""},"product_cat":[174],"product_tag":[],"item":[492],"acf":[],"_links":{"self":[{"href":"https:\/\/mgvpublications.com\/de\/wp-json\/wp\/v2\/product\/3873"}],"collection":[{"href":"https:\/\/mgvpublications.com\/de\/wp-json\/wp\/v2\/product"}],"about":[{"href":"https:\/\/mgvpublications.com\/de\/wp-json\/wp\/v2\/types\/product"}],"wp:featuredmedia":[{"embeddable":true,"href":"https:\/\/mgvpublications.com\/de\/wp-json\/wp\/v2\/media\/3921"}],"wp:attachment":[{"href":"https:\/\/mgvpublications.com\/de\/wp-json\/wp\/v2\/media?parent=3873"}],"wp:term":[{"taxonomy":"product_cat","embeddable":true,"href":"https:\/\/mgvpublications.com\/de\/wp-json\/wp\/v2\/product_cat?post=3873"},{"taxonomy":"product_tag","embeddable":true,"href":"https:\/\/mgvpublications.com\/de\/wp-json\/wp\/v2\/product_tag?post=3873"},{"taxonomy":"item","embeddable":true,"href":"https:\/\/mgvpublications.com\/de\/wp-json\/wp\/v2\/item?post=3873"}],"curies":[{"name":"wp","href":"https:\/\/api.w.org\/{rel}","templated":true}]}}