{"id":3871,"date":"2019-04-02T22:43:24","date_gmt":"2019-04-02T20:43:24","guid":{"rendered":"https:\/\/dev2.mgvpublications.com\/produkt\/import-placeholder-for-6152\/"},"modified":"2022-04-07T14:33:27","modified_gmt":"2022-04-07T12:33:27","slug":"haci-hasan-efendi-ve-tasavvuf-anlayisi","status":"publish","type":"product","link":"https:\/\/mgvpublications.com\/de\/haci-hasan-efendi-ve-tasavvuf-anlayisi\/","title":{"rendered":"Hac\u0131 Hasan Efendi ve Tasavvuf Anlay\u0131\u015f\u0131"},"content":{"rendered":"<p>Yay\u0131n Tarihi\t2018-02-20<br \/>\nISBN\t6052008218<br \/>\nBask\u0131 Say\u0131s\u0131\t1. Bask\u0131<br \/>\nDil\tT\u00dcRK\u00c7E<br \/>\nSayfa Say\u0131s\u0131\t144<br \/>\nCilt Tipi\tKarton Kapak<br \/>\nKa\u011f\u0131t Cinsi\tKitap Ka\u011f\u0131d\u0131<br \/>\nBoyut\t13.5 x 21 cm<\/p>","protected":false},"excerpt":{"rendered":"<p>Hz. Peygamber\u2019in yolunu bilin\u00e7le ve ibadet anlay\u0131\u015f\u0131yla takip eden, Allah-u teala\u2019n\u0131n velayetini t\u00fcm velayetlerin \u00fczerinde g\u00f6ren ve bunun bir g\u00f6stergesi olarak Resulullah\u2019a ittiba eden, k\u00e2firlere ve zalimlere en ufak bir sempati dah\u00ee g\u00f6stermeyen, g\u00f6k ehlinin sevgisini kazand\u0131\u011f\u0131 i\u00e7in yery\u00fcz\u00fc m\u00fcminlerince de sevilen veliler, insaniyet makam\u0131n\u0131n en b\u00fcy\u00fck temsilcilerindendirler. \u0130nan\u00e7lar\u0131, ibadetleri, ahlaklar\u0131 ve i\u00e7timai davran\u0131\u015flar\u0131yla s\u00fcnneti g\u00fcn\u00fcm\u00fcze ta\u015f\u0131yan, \u0130slam\u2019\u0131n hayal\u00ee bir d\u00fcnya g\u00f6r\u00fc\u015f\u00fc olmad\u0131\u011f\u0131n\u0131 ispatlayan, Hz. Peygamberin yolunun canl\u0131l\u0131\u011f\u0131n\u0131 ve her zaman ya\u015fanabilirli\u011fini bizlere g\u00f6steren kutlu insanlard\u0131r.<\/p>","protected":false},"featured_media":3919,"template":"","meta":{"spay_email":""},"product_cat":[174],"product_tag":[],"item":[335],"acf":[],"_links":{"self":[{"href":"https:\/\/mgvpublications.com\/de\/wp-json\/wp\/v2\/product\/3871"}],"collection":[{"href":"https:\/\/mgvpublications.com\/de\/wp-json\/wp\/v2\/product"}],"about":[{"href":"https:\/\/mgvpublications.com\/de\/wp-json\/wp\/v2\/types\/product"}],"wp:featuredmedia":[{"embeddable":true,"href":"https:\/\/mgvpublications.com\/de\/wp-json\/wp\/v2\/media\/3919"}],"wp:attachment":[{"href":"https:\/\/mgvpublications.com\/de\/wp-json\/wp\/v2\/media?parent=3871"}],"wp:term":[{"taxonomy":"product_cat","embeddable":true,"href":"https:\/\/mgvpublications.com\/de\/wp-json\/wp\/v2\/product_cat?post=3871"},{"taxonomy":"product_tag","embeddable":true,"href":"https:\/\/mgvpublications.com\/de\/wp-json\/wp\/v2\/product_tag?post=3871"},{"taxonomy":"item","embeddable":true,"href":"https:\/\/mgvpublications.com\/de\/wp-json\/wp\/v2\/item?post=3871"}],"curies":[{"name":"wp","href":"https:\/\/api.w.org\/{rel}","templated":true}]}}