{"id":3867,"date":"2019-04-02T22:43:24","date_gmt":"2019-04-02T20:43:24","guid":{"rendered":"https:\/\/dev2.mgvpublications.com\/produkt\/import-placeholder-for-6148\/"},"modified":"2022-03-08T22:29:51","modified_gmt":"2022-03-08T21:29:51","slug":"guenuemuezde-fetvanin-degisebilirligi","status":"publish","type":"product","link":"https:\/\/mgvpublications.com\/de\/guenuemuezde-fetvanin-degisebilirligi\/","title":{"rendered":"G\u00fcn\u00fcm\u00fczde Fetvan\u0131n De\u011fi\u015febilirli\u011fi"},"content":{"rendered":"<p>Yay\u0131n Tarihi\t2012-12-31<br \/>\nISBN\t6054605132<br \/>\nBask\u0131 Say\u0131s\u0131\t1. Bask\u0131<br \/>\nDil\tT\u00dcRK\u00c7E<br \/>\nSayfa Say\u0131s\u0131\t96<br \/>\nCilt Tipi\tKarton Kapak<br \/>\nKa\u011f\u0131t Cinsi\tKitap Ka\u011f\u0131d\u0131<br \/>\nBoyut\t13.5 x 21 cm<\/p>","protected":false},"excerpt":{"rendered":"<p>\u201cAsr\u0131m\u0131zda fetvan\u0131n de\u011fi\u015fmesinin gereklili\u011fi\u201d konusunu konu\u015ftu\u011fumuzda ilim ehli olan baz\u0131 karde\u015flerimizin ak\u0131llar\u0131na ku\u015fkular gelmektedir. Bu ku\u015fkular\u0131n nedeni de \u201cfetvan\u0131n de\u011fi\u015febilirli\u011fi\u201d ibaresinde gizlidir.<\/p>\n<p>Sanki birilerinin bundan destek alarak; dinin kesin h\u00fck\u00fcmleriyle oynayaca\u011f\u0131ndan, Allah\u2019\u0131n helal k\u0131ld\u0131klar\u0131n\u0131 haram, haram k\u0131ld\u0131klar\u0131n\u0131 helal k\u0131lacaklar\u0131ndan, Allah\u2019\u0131n farz k\u0131ld\u0131klar\u0131n\u0131 ortadan kald\u0131racaklar\u0131ndan veya dinde Allah\u2019\u0131n izin vermediklerini me\u015fru k\u0131lacaklar\u0131ndan korkuyorlar.<\/p>","protected":false},"featured_media":3897,"template":"","meta":{"spay_email":""},"product_cat":[174],"product_tag":[],"item":[428],"acf":[],"_links":{"self":[{"href":"https:\/\/mgvpublications.com\/de\/wp-json\/wp\/v2\/product\/3867"}],"collection":[{"href":"https:\/\/mgvpublications.com\/de\/wp-json\/wp\/v2\/product"}],"about":[{"href":"https:\/\/mgvpublications.com\/de\/wp-json\/wp\/v2\/types\/product"}],"wp:featuredmedia":[{"embeddable":true,"href":"https:\/\/mgvpublications.com\/de\/wp-json\/wp\/v2\/media\/3897"}],"wp:attachment":[{"href":"https:\/\/mgvpublications.com\/de\/wp-json\/wp\/v2\/media?parent=3867"}],"wp:term":[{"taxonomy":"product_cat","embeddable":true,"href":"https:\/\/mgvpublications.com\/de\/wp-json\/wp\/v2\/product_cat?post=3867"},{"taxonomy":"product_tag","embeddable":true,"href":"https:\/\/mgvpublications.com\/de\/wp-json\/wp\/v2\/product_tag?post=3867"},{"taxonomy":"item","embeddable":true,"href":"https:\/\/mgvpublications.com\/de\/wp-json\/wp\/v2\/item?post=3867"}],"curies":[{"name":"wp","href":"https:\/\/api.w.org\/{rel}","templated":true}]}}