{"id":3866,"date":"2019-04-02T22:43:24","date_gmt":"2019-04-02T20:43:24","guid":{"rendered":"https:\/\/dev2.mgvpublications.com\/produkt\/import-placeholder-for-6147\/"},"modified":"2022-04-07T15:10:30","modified_gmt":"2022-04-07T13:10:30","slug":"goezuen-kalir-geride","status":"publish","type":"product","link":"https:\/\/mgvpublications.com\/de\/goezuen-kalir-geride\/","title":{"rendered":"G\u00f6z\u00fcn Kal\u0131r Geride"},"content":{"rendered":"<p>Yay\u0131n Tarihi 2017-06-01<br \/>\nISBN 6052008003<br \/>\nBask\u0131 Say\u0131s\u0131 1. Bask\u0131<br \/>\nDil T\u00dcRK\u00c7E<br \/>\nSayfa Say\u0131s\u0131 214<br \/>\nCilt Tipi Karton Kapak<br \/>\nKa\u011f\u0131t Cinsi Kitap Ka\u011f\u0131d\u0131<br \/>\nBoyut 13.5 x 21 cm<\/p>","protected":false},"excerpt":{"rendered":"<p>Okurlar merakl\u0131d\u0131r.<br \/>\nSorarlar: Bunlar\u0131 ya\u015fayarak m\u0131 yazd\u0131n?<br \/>\nHer yazd\u0131\u011f\u0131n \u015feyi birebir ya\u015fama olana\u011f\u0131 yoktur. Olamaz. Bir cinayeti yazman i\u00e7in cani olman gerekmez.<br \/>\nHem sonra birebir ya\u015fad\u0131klar\u0131n\u0131 yazsan n&#8217;olacak?<br \/>\nRomanda, \u00f6yk\u00fcde birebir ya\u015fad\u0131klar\u0131n bile kurmacad\u0131r; art\u0131k birebir ya\u015fad\u0131klar\u0131n de\u011fildir.<br \/>\nKendimi yazd\u0131m desem -ki bir \u00f6yk\u00fcde kendimi yazd\u0131m diyorum- kendimi de\u011fil ama kendimden bir \u015feyleri yazm\u0131\u015f\u0131md\u0131r.<br \/>\nOlay\u0131n kahraman\u0131n\u0131n bir kad\u0131n, bir \u00e7ocuk, bir k\u00f6t\u00fcr\u00fcm, sekeratta bir hasta olmas\u0131 hi\u00e7 fark etmiyor. O kahraman\u0131n ya\u015fad\u0131\u011f\u0131 duygu nedir? Pi\u015fmanl\u0131k m\u0131, ke\u015fkeler mi, \u00f6zlem mi, korku mu, uyu\u015fukluk mu? Kimin a\u011fz\u0131ndan olursa olsun, bu duygular\u0131 taa iliklerime kadar hissederek yazm\u0131\u015f\u0131md\u0131r.<br \/>\nHani derler ya i\u015fin hilesi d\u00fcr\u00fcstl\u00fck diye, \u00f6yk\u00fclerde bir ya\u015fanm\u0131\u015fl\u0131k tad\u0131, bir sahicilik varsa, i\u015fin hilesi olaylar\u0131n de\u011fil ama duygular\u0131n ya\u015fanmas\u0131nda yatmaktad\u0131r.<br \/>\nNeyse, i\u015fin s\u0131rr\u0131n\u0131 \u00e7ok da fa\u015f etmek istemem. Ki, b\u00fcy\u00fcs\u00fc ka\u00e7mas\u0131n.<\/p>","protected":false},"featured_media":3896,"template":"","meta":{"spay_email":""},"product_cat":[168],"product_tag":[],"item":[335],"acf":[],"_links":{"self":[{"href":"https:\/\/mgvpublications.com\/de\/wp-json\/wp\/v2\/product\/3866"}],"collection":[{"href":"https:\/\/mgvpublications.com\/de\/wp-json\/wp\/v2\/product"}],"about":[{"href":"https:\/\/mgvpublications.com\/de\/wp-json\/wp\/v2\/types\/product"}],"wp:featuredmedia":[{"embeddable":true,"href":"https:\/\/mgvpublications.com\/de\/wp-json\/wp\/v2\/media\/3896"}],"wp:attachment":[{"href":"https:\/\/mgvpublications.com\/de\/wp-json\/wp\/v2\/media?parent=3866"}],"wp:term":[{"taxonomy":"product_cat","embeddable":true,"href":"https:\/\/mgvpublications.com\/de\/wp-json\/wp\/v2\/product_cat?post=3866"},{"taxonomy":"product_tag","embeddable":true,"href":"https:\/\/mgvpublications.com\/de\/wp-json\/wp\/v2\/product_tag?post=3866"},{"taxonomy":"item","embeddable":true,"href":"https:\/\/mgvpublications.com\/de\/wp-json\/wp\/v2\/item?post=3866"}],"curies":[{"name":"wp","href":"https:\/\/api.w.org\/{rel}","templated":true}]}}