{"id":3846,"date":"2019-04-02T22:43:23","date_gmt":"2019-04-02T20:43:23","guid":{"rendered":"https:\/\/dev2.mgvpublications.com\/produkt\/import-placeholder-for-6144\/"},"modified":"2022-03-08T22:29:50","modified_gmt":"2022-03-08T21:29:50","slug":"gizemli-mektup","status":"publish","type":"product","link":"https:\/\/mgvpublications.com\/de\/gizemli-mektup\/","title":{"rendered":"Gizemli Mektup"},"content":{"rendered":"<p>Yay\u0131n Tarihi 2017-03-07<br \/>\nISBN 6054952021<br \/>\nBask\u0131 Say\u0131s\u0131 1. Bask\u0131<br \/>\nDil T\u00dcRK\u00c7E<br \/>\nCilt Tipi Karton Kapak<br \/>\nKa\u011f\u0131t Cinsi Kitap Ka\u011f\u0131d\u0131<br \/>\nBoyut 13.5 x 19.5 cm<\/p>","protected":false},"excerpt":{"rendered":"<p>Kimden ve nereden geldi\u011fi belli olmayan bir mektup&#8230;<br \/>\nMektubun gizemini \u00e7\u00f6zmeye \u00e7al\u0131\u015fan 2 arkada\u015f&#8230;<br \/>\nAcaba neydi \u00f6nemli olan?<br \/>\n\u00c7OCUKLAR!<br \/>\nD\u00fc\u015f\u00fcnd\u00fcren, heyecanland\u0131ran, merakland\u0131ran ve g\u00fcl\u00fcmseten bir kitap okumaya haz\u0131r m\u0131s\u0131n\u0131z?<br \/>\nD\u0130KKAT ED\u0130N!<br \/>\nKendinizi bir an da kitab\u0131n sayfalar\u0131 aras\u0131nda Emir&#8217;e mektubun yerini s\u00f6ylerken bulabilirsiniz.<br \/>\nAcaba sizi duyacak m\u0131?<\/p>","protected":false},"featured_media":3894,"template":"","meta":{"spay_email":""},"product_cat":[172],"product_tag":[],"item":[335],"acf":[],"_links":{"self":[{"href":"https:\/\/mgvpublications.com\/de\/wp-json\/wp\/v2\/product\/3846"}],"collection":[{"href":"https:\/\/mgvpublications.com\/de\/wp-json\/wp\/v2\/product"}],"about":[{"href":"https:\/\/mgvpublications.com\/de\/wp-json\/wp\/v2\/types\/product"}],"wp:featuredmedia":[{"embeddable":true,"href":"https:\/\/mgvpublications.com\/de\/wp-json\/wp\/v2\/media\/3894"}],"wp:attachment":[{"href":"https:\/\/mgvpublications.com\/de\/wp-json\/wp\/v2\/media?parent=3846"}],"wp:term":[{"taxonomy":"product_cat","embeddable":true,"href":"https:\/\/mgvpublications.com\/de\/wp-json\/wp\/v2\/product_cat?post=3846"},{"taxonomy":"product_tag","embeddable":true,"href":"https:\/\/mgvpublications.com\/de\/wp-json\/wp\/v2\/product_tag?post=3846"},{"taxonomy":"item","embeddable":true,"href":"https:\/\/mgvpublications.com\/de\/wp-json\/wp\/v2\/item?post=3846"}],"curies":[{"name":"wp","href":"https:\/\/api.w.org\/{rel}","templated":true}]}}