{"id":3844,"date":"2019-04-02T22:43:23","date_gmt":"2019-04-02T20:43:23","guid":{"rendered":"https:\/\/dev2.mgvpublications.com\/produkt\/import-placeholder-for-6141\/"},"modified":"2025-04-27T00:24:03","modified_gmt":"2025-04-26T22:24:03","slug":"gencler-icin-sosyal-medya-ilmihali","status":"publish","type":"product","link":"https:\/\/mgvpublications.com\/de\/gencler-icin-sosyal-medya-ilmihali\/","title":{"rendered":"Gen\u00e7ler \u0130\u00e7in Sosyal Medya \u0130lmihali"},"content":{"rendered":"<p>Yay\u0131n Tarihi 2019-04-09<br \/>\nISBN 6055000455<br \/>\nBask\u0131 Say\u0131s\u0131 10. Bask\u0131<br \/>\nDil T\u00dcRK\u00c7E<br \/>\nSayfa Say\u0131s\u0131 136<br \/>\nCilt Tipi Karton Kapak<br \/>\nKa\u011f\u0131t Cinsi Kitap Ka\u011f\u0131d\u0131<br \/>\nBoyut 14 x 21 cm<\/p>","protected":false},"excerpt":{"rendered":"<p>&#8220;Gen\u00e7 karde\u015fim! G\u00fcn\u00fcm\u00fczde M\u00fcsl\u00fcmanl\u0131k kalitesi namaz, oru\u00e7, hac gibi ibadetlerin yan\u0131nda internetle ba\u015f ba\u015fa kald\u0131\u011f\u0131m\u0131z zaman g\u00f6sterdi\u011fimiz tav\u0131rla da yak\u0131ndan ili\u015fkilidir. \u0130nternet ve sosyal medya platformlar\u0131nda sergiledi\u011fimiz davran\u0131\u015flar\u0131m\u0131z, be\u011fenilerimiz, payla\u015f\u0131mlar\u0131m\u0131z ve arkada\u015fl\u0131klar\u0131m\u0131z da \u0130slami ya\u015fant\u0131m\u0131z\u0131n bir par\u00e7as\u0131d\u0131r. Namazlar\u0131na \u00f6zen g\u00f6steren bir M\u00fcsl\u00fcman gen\u00e7 olabiliriz, tesett\u00fcr\u00fcne dikkat eden bir M\u00fcsl\u00fcman han\u0131mefendi olabiliriz ancak unutmayal\u0131m ki, namaz\u0131m\u0131za ve tesett\u00fcr\u00fcm\u00fcze bakacak olan Rabbimiz, internetle ba\u015f ba\u015fa kald\u0131\u011f\u0131m\u0131z andaki tav\u0131rlar\u0131m\u0131za da bakacakt\u0131r. E\u011fer imtihan bekliyorsak bilmeliyiz ki, modern d\u00fcnyada en b\u00fcy\u00fck imtihanlardan birini internet ve sosyal medya \u00fczerinden ya\u015fayaca\u011f\u0131z.&#8221; Abd\u00fclaziz K\u0131ran\u015fal<\/p>","protected":false},"featured_media":3892,"template":"","meta":{"spay_email":""},"product_cat":[174],"product_tag":[],"item":[335],"acf":[],"_links":{"self":[{"href":"https:\/\/mgvpublications.com\/de\/wp-json\/wp\/v2\/product\/3844"}],"collection":[{"href":"https:\/\/mgvpublications.com\/de\/wp-json\/wp\/v2\/product"}],"about":[{"href":"https:\/\/mgvpublications.com\/de\/wp-json\/wp\/v2\/types\/product"}],"wp:featuredmedia":[{"embeddable":true,"href":"https:\/\/mgvpublications.com\/de\/wp-json\/wp\/v2\/media\/3892"}],"wp:attachment":[{"href":"https:\/\/mgvpublications.com\/de\/wp-json\/wp\/v2\/media?parent=3844"}],"wp:term":[{"taxonomy":"product_cat","embeddable":true,"href":"https:\/\/mgvpublications.com\/de\/wp-json\/wp\/v2\/product_cat?post=3844"},{"taxonomy":"product_tag","embeddable":true,"href":"https:\/\/mgvpublications.com\/de\/wp-json\/wp\/v2\/product_tag?post=3844"},{"taxonomy":"item","embeddable":true,"href":"https:\/\/mgvpublications.com\/de\/wp-json\/wp\/v2\/item?post=3844"}],"curies":[{"name":"wp","href":"https:\/\/api.w.org\/{rel}","templated":true}]}}