{"id":3843,"date":"2020-12-01T15:17:36","date_gmt":"2020-12-01T14:17:36","guid":{"rendered":"https:\/\/dev2.mgvpublications.com\/produkt\/import-placeholder-for-6140\/"},"modified":"2022-06-08T10:50:47","modified_gmt":"2022-06-08T08:50:47","slug":"gencler-icin-anahtar-cevaplar","status":"publish","type":"product","link":"https:\/\/mgvpublications.com\/de\/gencler-icin-anahtar-cevaplar\/","title":{"rendered":"Gen\u00e7ler \u0130\u00e7in Anahtar Cevaplar"},"content":{"rendered":"<p>Yay\u0131n Tarihi: 31.03.2020<br \/>ISBN: 9786056015892<br \/>Dil: T\u00dcRK\u00c7E<br \/>Sayfa Say\u0131s\u0131: 400<br \/>Cilt Tipi: Karton Kapak<br \/>Ka\u011f\u0131t Cinsi: 1. Hm. Ka\u011f\u0131t<br \/>Boyut: 13.5 x 21 cm<\/p>","protected":false},"excerpt":{"rendered":"<p>\u2018Neden,\u2019 \u2018Ni\u00e7in\u2019 ve \u2018Nas\u0131l\u2019 s\u00f6zc\u00fckleri, insano\u011flunun en \u00e7ok kulland\u0131\u011f\u0131 s\u00f6zc\u00fcklendendir. Farkl\u0131 nedenlerle ge\u00e7mi\u015fi, mevcudu ve gelece\u011fi merak eder dururuz.Resulullah sallallahu aleyhi ve sellem efendimizin etraf\u0131nda ilk olman\u0131n i\u00e7ini dolduran sahabiler, a\u00e7\u0131k-se\u00e7ik sorularla da \u00f6\u011frenmeye \u00e7al\u0131\u015ft\u0131lar.Edeplerini koruyarak, anlamad\u0131klar\u0131n\u0131 tekrar sordular. \u0130\u00e7lerinde teredd\u00fct b\u0131rakmayacak bir \u00fcslup kulland\u0131lar. Onlara verilen cevaplar da net oldu.Bu \u00e7al\u0131\u015fma farkl\u0131 zamanlarda, gen\u00e7lerle yap\u0131lan sohbetlerde onlar\u0131n sorular\u0131na verilen cevaplar\u0131n yaz\u0131l\u0131 \u015feklidir. \u00c7ok geni\u015f izaha yer vermeden faydalan\u0131lmas\u0131 yeterli g\u00f6r\u00fclm\u00fc\u015ft\u00fcr.<\/p>","protected":false},"featured_media":20256,"template":"","meta":{"spay_email":""},"product_cat":[174],"product_tag":[],"item":[363],"acf":[],"_links":{"self":[{"href":"https:\/\/mgvpublications.com\/de\/wp-json\/wp\/v2\/product\/3843"}],"collection":[{"href":"https:\/\/mgvpublications.com\/de\/wp-json\/wp\/v2\/product"}],"about":[{"href":"https:\/\/mgvpublications.com\/de\/wp-json\/wp\/v2\/types\/product"}],"wp:featuredmedia":[{"embeddable":true,"href":"https:\/\/mgvpublications.com\/de\/wp-json\/wp\/v2\/media\/20256"}],"wp:attachment":[{"href":"https:\/\/mgvpublications.com\/de\/wp-json\/wp\/v2\/media?parent=3843"}],"wp:term":[{"taxonomy":"product_cat","embeddable":true,"href":"https:\/\/mgvpublications.com\/de\/wp-json\/wp\/v2\/product_cat?post=3843"},{"taxonomy":"product_tag","embeddable":true,"href":"https:\/\/mgvpublications.com\/de\/wp-json\/wp\/v2\/product_tag?post=3843"},{"taxonomy":"item","embeddable":true,"href":"https:\/\/mgvpublications.com\/de\/wp-json\/wp\/v2\/item?post=3843"}],"curies":[{"name":"wp","href":"https:\/\/api.w.org\/{rel}","templated":true}]}}