{"id":3840,"date":"2019-04-02T22:43:22","date_gmt":"2019-04-02T20:43:22","guid":{"rendered":"https:\/\/dev2.mgvpublications.com\/produkt\/import-placeholder-for-6137\/"},"modified":"2022-03-08T22:29:48","modified_gmt":"2022-03-08T21:29:48","slug":"islam-medeniyeti-soeylemi","status":"publish","type":"product","link":"https:\/\/mgvpublications.com\/de\/islam-medeniyeti-soeylemi\/","title":{"rendered":"\u0130slam Medeniyeti S\u00f6ylemi"},"content":{"rendered":"<p>Derleyici: Alper G\u00fcrkan<br \/>\nYay\u0131n Tarihi 2017-01-05<br \/>\nISBN 6055000554<br \/>\nBask\u0131 Say\u0131s\u0131 1. Bask\u0131<br \/>\nDil T\u00dcRK\u00c7E<br \/>\nSayfa Say\u0131s\u0131 178<br \/>\nCilt Tipi Karton Kapak<br \/>\nKa\u011f\u0131t Cinsi Kitap Ka\u011f\u0131d\u0131<br \/>\nBoyut 13.5 x 19.5 cm<\/p>","protected":false},"excerpt":{"rendered":"<p>\u201cXVII. as\u0131r olarak kabul edilen Osmanl\u0131 Devleti\u2019nin \u201cgerileme \u201ds\u00fcreci ayn\u0131 zamanda modernle\u015fme s\u00fcreci olarak, Avrupa\u2019da ortaya \u00e7\u0131kan \u201cilerleme\u201d s\u00f6yleminin etkisi alt\u0131nda devam etti. Bu d\u00f6nemde asker\u00ee ve ekonomik g\u00fcc\u00fcn yitirilmesi ve ya\u015fanan toprak kay\u0131plar\u0131yla siyas\u00ee a\u00e7mazlar d\u00fcnya g\u00f6r\u00fc\u015flerinin yeniden bi\u00e7imlenmesinde etkili olmu\u015f ve Avrupa-merkezli bak\u0131\u015f a\u00e7\u0131lar\u0131n\u0131n a\u011f\u0131rl\u0131\u011f\u0131 g\u00f6zlemlenmeye ba\u015flanm\u0131\u015ft\u0131. Bat\u0131l\u0131la\u015fma s\u00fcreci olarak adland\u0131r\u0131lan s\u00fcre\u00e7te Osmanl\u0131 Devleti\u2019ndeki kurumlar, Avrupa\u2019dakilere benzer bi\u00e7imde yeniden yap\u0131land\u0131r\u0131l\u0131rken bilginin olu\u015fturulmas\u0131 ve kullan\u0131m\u0131 a\u00e7\u0131s\u0131ndan \u00f6nemli bir yer tutan e\u011fitim kurumu da Avrupa\u2019daki \u00f6rneklere bak\u0131larak yenilenmeye \u00e7al\u0131\u015f\u0131l\u0131yordu. Medeniyet kavram\u0131 da bu d\u00f6nemde tart\u0131\u015f\u0131lmaya ba\u015flanm\u0131\u015ft\u0131r.<br \/>\nMedeniyet ile kar\u015f\u0131l\u0131anan ve Avrupa\u2019da kullan\u0131lan \u201ccivilisation\u201d kavram\u0131, Osmanl\u0131 m\u00fcnevveri i\u00e7in \u201cilerleme\u201dnin y\u00f6n\u00fcn\u00fc g\u00f6sterir \u015fekilde kavran\u0131yordu. Bu durum, emperyalizm ve kapitalizm ile Avrupa devletlerinin ekonomik, asker\u00ee ve siyas\u00ee hegemonyas\u0131n\u0131n uzant\u0131s\u0131 olarak de\u011ferlendirilebilecek modern bilginin ve ondan beslenilerek in\u015f\u00e2 edilen uygarl\u0131k s\u00f6ylemine yaslanarak kurulmu\u015f sosyal ger\u00e7ekli\u011fin Osmanl\u0131 m\u00fcnevveri a\u00e7\u0131s\u0131ndan da kabul edilmi\u015fli\u011finin g\u00f6stergesi olmaktad\u0131r. Bu sebeple medeniyet kelimesinin Osmanl\u0131 ayd\u0131nlar\u0131 taraf\u0131ndan ilk olarak Tanzimat d\u00f6neminde kullan\u0131lmaya ba\u015flanmas\u0131 tesad\u00fcf de\u011fildir: Medeniyet s\u00f6zc\u00fc\u011f\u00fcn\u00fcn dola\u015f\u0131ma ilk girdi\u011findeki anlam\u0131 Tanzimat ideolojisinin genel \u00e7izgisine paralel bi\u00e7imde bilgi ve referans sistemi olarak Avrupa\u2019y\u0131 esas alan bir anlamdad\u0131r ki bu anlam, modernle\u015fme e\u011filimiyle de b\u00fct\u00fcnle\u015fiktir.<br \/>\nGeleneksel \u0130sl\u00e2m toplumsall\u0131\u011f\u0131ndan yola \u00e7\u0131kan bu \u00e7al\u0131\u015fma; medeniyet yan\u0131 s\u0131ra medine, temedd\u00fcn, umran gibi kavramlar dolay\u0131m\u0131nda \u0130sl\u00e2m Medeniyeti kavram\u0131n\u0131n tarihsel boyutunu ve modernle\u015fmeyle ili\u015fkisini g\u00f6stermeyi ama\u00e7lamaktad\u0131r.\u201d<\/p>","protected":false},"featured_media":3888,"template":"","meta":{"spay_email":""},"product_cat":[174],"product_tag":[],"item":[335],"acf":[],"_links":{"self":[{"href":"https:\/\/mgvpublications.com\/de\/wp-json\/wp\/v2\/product\/3840"}],"collection":[{"href":"https:\/\/mgvpublications.com\/de\/wp-json\/wp\/v2\/product"}],"about":[{"href":"https:\/\/mgvpublications.com\/de\/wp-json\/wp\/v2\/types\/product"}],"wp:featuredmedia":[{"embeddable":true,"href":"https:\/\/mgvpublications.com\/de\/wp-json\/wp\/v2\/media\/3888"}],"wp:attachment":[{"href":"https:\/\/mgvpublications.com\/de\/wp-json\/wp\/v2\/media?parent=3840"}],"wp:term":[{"taxonomy":"product_cat","embeddable":true,"href":"https:\/\/mgvpublications.com\/de\/wp-json\/wp\/v2\/product_cat?post=3840"},{"taxonomy":"product_tag","embeddable":true,"href":"https:\/\/mgvpublications.com\/de\/wp-json\/wp\/v2\/product_tag?post=3840"},{"taxonomy":"item","embeddable":true,"href":"https:\/\/mgvpublications.com\/de\/wp-json\/wp\/v2\/item?post=3840"}],"curies":[{"name":"wp","href":"https:\/\/api.w.org\/{rel}","templated":true}]}}