{"id":3839,"date":"2019-04-02T22:43:22","date_gmt":"2019-04-02T20:43:22","guid":{"rendered":"https:\/\/dev2.mgvpublications.com\/produkt\/import-placeholder-for-6136\/"},"modified":"2022-04-07T15:15:01","modified_gmt":"2022-04-07T13:15:01","slug":"gayriresmi-hayatlar","status":"publish","type":"product","link":"https:\/\/mgvpublications.com\/de\/gayriresmi-hayatlar\/","title":{"rendered":"Gayr\u0131resmi Hayatlar"},"content":{"rendered":"<p>ISBN 6054956043<br \/>\nBask\u0131 Say\u0131s\u0131 2. Bask\u0131<br \/>\nDil T\u00dcRK\u00c7E<br \/>\nSayfa Say\u0131s\u0131 120<br \/>\nCilt Tipi Karton Kapak<br \/>\nKa\u011f\u0131t Cinsi Kitap Ka\u011f\u0131d\u0131<br \/>\nBoyut 13.5 x 21 cm<\/p>","protected":false},"excerpt":{"rendered":"<p>Ortado\u011fuda ya\u015fanan \u00e7ileli hayatlar \u00fczerine kurulan insan pazar\u0131. M\u00fclteci kamplar\u0131nda \u00f6l\u00fcme terk edilen \u00e7ocuklar;<br \/>\nhastal\u0131k, a\u00e7l\u0131k, sefalet..<br \/>\nM\u00fclteci olmak&#8230;<br \/>\nYa\u015famlar\u0131 s\u0131n\u0131rland\u0131r\u0131lm\u0131\u015f hayatlar ve s\u0131n\u0131rlar aras\u0131na s\u0131k\u0131\u015ft\u0131r\u0131lm\u0131\u015f dramatik hayat hikayeleri.<\/p>","protected":false},"featured_media":3887,"template":"","meta":{"spay_email":""},"product_cat":[168],"product_tag":[],"item":[335],"acf":[],"_links":{"self":[{"href":"https:\/\/mgvpublications.com\/de\/wp-json\/wp\/v2\/product\/3839"}],"collection":[{"href":"https:\/\/mgvpublications.com\/de\/wp-json\/wp\/v2\/product"}],"about":[{"href":"https:\/\/mgvpublications.com\/de\/wp-json\/wp\/v2\/types\/product"}],"wp:featuredmedia":[{"embeddable":true,"href":"https:\/\/mgvpublications.com\/de\/wp-json\/wp\/v2\/media\/3887"}],"wp:attachment":[{"href":"https:\/\/mgvpublications.com\/de\/wp-json\/wp\/v2\/media?parent=3839"}],"wp:term":[{"taxonomy":"product_cat","embeddable":true,"href":"https:\/\/mgvpublications.com\/de\/wp-json\/wp\/v2\/product_cat?post=3839"},{"taxonomy":"product_tag","embeddable":true,"href":"https:\/\/mgvpublications.com\/de\/wp-json\/wp\/v2\/product_tag?post=3839"},{"taxonomy":"item","embeddable":true,"href":"https:\/\/mgvpublications.com\/de\/wp-json\/wp\/v2\/item?post=3839"}],"curies":[{"name":"wp","href":"https:\/\/api.w.org\/{rel}","templated":true}]}}