{"id":3832,"date":"2019-04-02T22:43:22","date_gmt":"2019-04-02T20:43:22","guid":{"rendered":"https:\/\/dev2.mgvpublications.com\/produkt\/import-placeholder-for-6129\/"},"modified":"2022-03-08T22:29:46","modified_gmt":"2022-03-08T21:29:46","slug":"fatih-sultan-mehmet","status":"publish","type":"product","link":"https:\/\/mgvpublications.com\/de\/fatih-sultan-mehmet\/","title":{"rendered":"Fatih Sultan Mehmet"},"content":{"rendered":"<p>Yay\u0131n Tarihi 2014-01-23<br \/>\nISBN 6055094386<br \/>\nBask\u0131 Say\u0131s\u0131 1. Bask\u0131<br \/>\nDil T\u00dcRK\u00c7E<br \/>\nSayfa Say\u0131s\u0131 212<br \/>\nCilt Tipi Karton Kapak<br \/>\nKa\u011f\u0131t Cinsi Kitap Ka\u011f\u0131d\u0131<br \/>\nBoyut 12 x 19.5 cm<\/p>","protected":false},"excerpt":{"rendered":"<p>Sultan Mehmet, F\u00e2tih olmay\u0131 ger\u00e7ekten kafas\u0131na koymu\u015f bulunuyordu, esasen kendinden emin ve kararl\u0131 g\u00f6r\u00fcnmeliydi.<\/p>\n<p>\u201cMa\u00e7ka ve Dolapdere taraflar\u0131ndaki a\u011fa\u00e7lar bu gece kesilsin, k\u0131zaklar yap\u0131larak altm\u0131\u015f yedi par\u00e7al\u0131k ince donanma bu gece<br \/>\nHali\u00e7\u2019e indirilsin, havan ate\u015fi hi\u00e7 kesilmesin ki, d\u00fc\u015fman durumu fark edemesin!\u201d<\/p>\n<p>\u201cGemiler karadan m\u0131 y\u00fcr\u00fcyecek yani, sultan\u0131m?!\u201d<\/p>\n<p>\u201cDenizden y\u00fcr\u00fcyerek zinciri k\u0131ramay\u0131nca, biz de karadan y\u00fcr\u00fcr\u00fcz.\u201d<\/p>\n<p>Ertesi g\u00fcn koca Osmanl\u0131 ince donanmas\u0131n\u0131 Hali\u00e7\u2019te g\u00f6ren Bizansl\u0131lar \u00e2deta k\u00fc\u00e7\u00fck dillerini yuttular. Bu s\u0131rada surlardan durumu<br \/>\nseyreden Prens Dukas \u015f\u00f6yle dedi:<br \/>\n\u201cB\u00f6yle bir harikay\u0131 kim g\u00f6rd\u00fc ve kim i\u015fitti. II. Mehmet karalar\u0131 denize \u00e7evirdi ve gemileri dalgalar yerine da\u011flardan a\u015f\u0131rd\u0131.<br \/>\nB\u00f6ylece Kayser ve \u0130skender\u2019i g\u00f6lgede b\u0131rakt\u0131, Bizans\u2019\u0131 mahvetti ve d\u00fcnyay\u0131 s\u00fcsleyen b\u00fct\u00fcn \u015fehirlerin krali\u00e7esi \u0130stanbul\u2019u fethetti.\u201d<\/p>","protected":false},"featured_media":3862,"template":"","meta":{"spay_email":""},"product_cat":[170],"product_tag":[],"item":[404],"acf":[],"_links":{"self":[{"href":"https:\/\/mgvpublications.com\/de\/wp-json\/wp\/v2\/product\/3832"}],"collection":[{"href":"https:\/\/mgvpublications.com\/de\/wp-json\/wp\/v2\/product"}],"about":[{"href":"https:\/\/mgvpublications.com\/de\/wp-json\/wp\/v2\/types\/product"}],"wp:featuredmedia":[{"embeddable":true,"href":"https:\/\/mgvpublications.com\/de\/wp-json\/wp\/v2\/media\/3862"}],"wp:attachment":[{"href":"https:\/\/mgvpublications.com\/de\/wp-json\/wp\/v2\/media?parent=3832"}],"wp:term":[{"taxonomy":"product_cat","embeddable":true,"href":"https:\/\/mgvpublications.com\/de\/wp-json\/wp\/v2\/product_cat?post=3832"},{"taxonomy":"product_tag","embeddable":true,"href":"https:\/\/mgvpublications.com\/de\/wp-json\/wp\/v2\/product_tag?post=3832"},{"taxonomy":"item","embeddable":true,"href":"https:\/\/mgvpublications.com\/de\/wp-json\/wp\/v2\/item?post=3832"}],"curies":[{"name":"wp","href":"https:\/\/api.w.org\/{rel}","templated":true}]}}