{"id":3831,"date":"2019-04-02T22:43:22","date_gmt":"2019-04-02T20:43:22","guid":{"rendered":"https:\/\/dev2.mgvpublications.com\/produkt\/import-placeholder-for-6128\/"},"modified":"2025-04-27T08:07:47","modified_gmt":"2025-04-27T06:07:47","slug":"fareler-ve-insanlar","status":"publish","type":"product","link":"https:\/\/mgvpublications.com\/de\/fareler-ve-insanlar\/","title":{"rendered":"Fareler ve insanlar"},"content":{"rendered":"<p>\u00c7evirmen: Ay\u015fe Ece<br \/>Yay\u0131n Tarihi: 21.05.2020<br \/>ISBN: 9789755705859<br \/>Dil: T\u00dcRK\u00c7E<br \/>Sayfa Say\u0131s\u0131: 111<br \/>Cilt Tipi: Karton Kapak<br \/>Ka\u011f\u0131t Cinsi: Kitap Ka\u011f\u0131d\u0131<br \/>Boyut: 13.5 x 19.5 cm<\/p>","protected":false},"excerpt":{"rendered":"<p>Fareler ve \u0130nsanlar, birbirine z\u0131t karakterdeki iki mevsimlik tar\u0131m i\u015f\u00e7isinin, zeki George Milton ve onun g\u00fc\u00e7l\u00fc kuvvetli ama akli dengesi bozuk yolda\u015f\u0131 Lennie Small\u2019un \u00f6yk\u00fcs\u00fcn\u00fc anlat\u0131r. K\u00fc\u00e7\u00fck bir toprak sat\u0131n al\u0131p insanca bir hayat ya\u015faman\u0131n hayalini kuran bu ikilinin \u00f6yk\u00fcs\u00fcnde dostluk ve dayan\u0131\u015fma duygusu \u00f6nemli bir yer tutar. Steinbeck insan\u0131n insanla ili\u015fkisini anlatmakla kalmaz insan\u0131n do\u011fayla ve toplumla kurdu\u011fu ili\u015fkileri de konu eder bu destans\u0131 roman\u0131nda. Kitab\u0131n ismine ilham veren Robert Burns \u015fiirindeki gibi; \u201cEn iyi planlar\u0131 farelerin ve insanlar\u0131n \/ S\u0131k\u00e7a ters gider\u2026&#8221;<\/p>","protected":false},"featured_media":21841,"template":"","meta":{"spay_email":""},"product_cat":[168],"product_tag":[],"item":[478],"acf":[],"_links":{"self":[{"href":"https:\/\/mgvpublications.com\/de\/wp-json\/wp\/v2\/product\/3831"}],"collection":[{"href":"https:\/\/mgvpublications.com\/de\/wp-json\/wp\/v2\/product"}],"about":[{"href":"https:\/\/mgvpublications.com\/de\/wp-json\/wp\/v2\/types\/product"}],"wp:featuredmedia":[{"embeddable":true,"href":"https:\/\/mgvpublications.com\/de\/wp-json\/wp\/v2\/media\/21841"}],"wp:attachment":[{"href":"https:\/\/mgvpublications.com\/de\/wp-json\/wp\/v2\/media?parent=3831"}],"wp:term":[{"taxonomy":"product_cat","embeddable":true,"href":"https:\/\/mgvpublications.com\/de\/wp-json\/wp\/v2\/product_cat?post=3831"},{"taxonomy":"product_tag","embeddable":true,"href":"https:\/\/mgvpublications.com\/de\/wp-json\/wp\/v2\/product_tag?post=3831"},{"taxonomy":"item","embeddable":true,"href":"https:\/\/mgvpublications.com\/de\/wp-json\/wp\/v2\/item?post=3831"}],"curies":[{"name":"wp","href":"https:\/\/api.w.org\/{rel}","templated":true}]}}