{"id":3810,"date":"2019-04-02T22:43:21","date_gmt":"2019-04-02T20:43:21","guid":{"rendered":"https:\/\/dev2.mgvpublications.com\/produkt\/import-placeholder-for-6125\/"},"modified":"2025-04-26T19:07:03","modified_gmt":"2025-04-26T17:07:03","slug":"ezilmis-ve-asagilanmislar","status":"publish","type":"product","link":"https:\/\/mgvpublications.com\/de\/ezilmis-ve-asagilanmislar\/","title":{"rendered":"Ezilmi\u015f ve A\u015fa\u011f\u0131lanm\u0131\u015flar"},"content":{"rendered":"<p>\u00c7evirmen: Ergin Altay<br \/>\nYay\u0131n Tarihi 2015-06-24<br \/>\nISBN 9750517464<br \/>\nBask\u0131 Say\u0131s\u0131 6. Bask\u0131<br \/>\nDil T\u00dcRK\u00c7E<br \/>\nSayfa Say\u0131s\u0131 412<br \/>\nCilt Tipi Karton Kapak<br \/>\nKa\u011f\u0131t Cinsi Kitap Ka\u011f\u0131d\u0131<br \/>\nBoyut 13 x 19 cm<\/p>","protected":false},"excerpt":{"rendered":"<p>Ezilmi\u015f ve A\u015fa\u011f\u0131lanm\u0131\u015flar, Dostoyevski\u2019nin on y\u0131l s\u00fcren k\u00fcrek mahk\u00fbmiyeti ve s\u00fcrg\u00fcn cezas\u0131n\u0131n ard\u0131ndan kaleme ald\u0131\u011f\u0131 ilk b\u00fcy\u00fck roman\u0131d\u0131r.<br \/>\nEzilmi\u015f ve A\u015fa\u011f\u0131lanm\u0131\u015flar ilk kez Dostoyevski\u2019nin karde\u015fiyle birlikte \u00e7\u0131kard\u0131\u011f\u0131 Vremya (Zaman) dergisinin Ocak 1861 tarihli ilk say\u0131s\u0131nda yay\u0131mland\u0131 ve yedi say\u0131 boyunca tefrika edildi. Roman, okurlar aras\u0131nda b\u00fcy\u00fck heyecan uyand\u0131rd\u0131 ve derginin bir sonraki say\u0131s\u0131 sab\u0131rs\u0131zl\u0131kla beklendi. \u00d6vg\u00fclerin yan\u0131nda epeyce olumsuz ele\u015ftiri alsa da ayn\u0131 y\u0131l bas\u0131lan Rus romanlar\u0131 i\u00e7inde en ilgin\u00e7 ve en \u00e7ok okunan eser oldu. Dostoyevski\u2019nin duygusal bir melodramla kendi ki\u015fisel hik\u00e2yesini harmanlad\u0131\u011f\u0131 Ezilmi\u015f ve A\u015fa\u011f\u0131lanm\u0131\u015flar ilerideki ba\u015fyap\u0131tlar\u0131nda yer alan tipleme ve motiflerin de habercisidir.<br \/>\n\u201cEzilmi\u015fler ve A\u015fa\u011f\u0131lanm\u0131\u015flar\u2019\u0131n, Dostoyevski\u2019nin ba\u015fyap\u0131t\u0131 Su\u00e7 ve Ceza\u2019dan a\u015fa\u011f\u0131 kal\u0131r yan\u0131 yok. Roman\u0131n kahraman\u0131 Nata\u015fa, Yunan tragedyas\u0131n\u0131n asil kurbanlar\u0131n\u0131 and\u0131r\u0131yor; hayranl\u0131k duymamak imk\u00e2ns\u0131z.<\/p>","protected":false},"featured_media":3858,"template":"","meta":{"spay_email":""},"product_cat":[167],"product_tag":[],"item":[960],"acf":[],"_links":{"self":[{"href":"https:\/\/mgvpublications.com\/de\/wp-json\/wp\/v2\/product\/3810"}],"collection":[{"href":"https:\/\/mgvpublications.com\/de\/wp-json\/wp\/v2\/product"}],"about":[{"href":"https:\/\/mgvpublications.com\/de\/wp-json\/wp\/v2\/types\/product"}],"wp:featuredmedia":[{"embeddable":true,"href":"https:\/\/mgvpublications.com\/de\/wp-json\/wp\/v2\/media\/3858"}],"wp:attachment":[{"href":"https:\/\/mgvpublications.com\/de\/wp-json\/wp\/v2\/media?parent=3810"}],"wp:term":[{"taxonomy":"product_cat","embeddable":true,"href":"https:\/\/mgvpublications.com\/de\/wp-json\/wp\/v2\/product_cat?post=3810"},{"taxonomy":"product_tag","embeddable":true,"href":"https:\/\/mgvpublications.com\/de\/wp-json\/wp\/v2\/product_tag?post=3810"},{"taxonomy":"item","embeddable":true,"href":"https:\/\/mgvpublications.com\/de\/wp-json\/wp\/v2\/item?post=3810"}],"curies":[{"name":"wp","href":"https:\/\/api.w.org\/{rel}","templated":true}]}}