{"id":3809,"date":"2019-04-02T22:43:21","date_gmt":"2019-04-02T20:43:21","guid":{"rendered":"https:\/\/dev2.mgvpublications.com\/produkt\/import-placeholder-for-6124\/"},"modified":"2022-03-08T22:29:44","modified_gmt":"2022-03-08T21:29:44","slug":"ezanla-dirilis","status":"publish","type":"product","link":"https:\/\/mgvpublications.com\/de\/ezanla-dirilis\/","title":{"rendered":"Ezanla Dirili\u015f"},"content":{"rendered":"<p>Yay\u0131n Tarihi 2017-10-10<br \/>\nISBN 9752693050<br \/>\nBask\u0131 Say\u0131s\u0131 63. Bask\u0131<br \/>\nDil T\u00dcRK\u00c7E<br \/>\nSayfa Say\u0131s\u0131 136<br \/>\nCilt Tipi Karton Kapak<br \/>\nKa\u011f\u0131t Cinsi Kitap Ka\u011f\u0131d\u0131<br \/>\nBoyut 13.5 x 21 cm<\/p>","protected":false},"excerpt":{"rendered":"<p>Bu kitapta, insan\u0131 hayrete d\u00fc\u015f\u00fcren, ibret dolu, ya\u015fanm\u0131\u015f bir &#8220;namaz ser\u00fcveni&#8221; anlat\u0131lmaktad\u0131r.<br \/>\n&#8220;Ezanla Dirili\u015f&#8221;, mafya liderlerini ele verdi\u011fi i\u00e7in \u00fclkesinden ka\u00e7arak T\u00fcrkiye\u2019de bir otele s\u0131\u011f\u0131nan bir Alman kad\u0131n\u0131n ger\u00e7ek \u00f6yk\u00fcs\u00fcd\u00fcr.<br \/>\n\u00d6ld\u00fcr\u00fclme korkusuyla bunal\u0131ma girdi\u011fi bir anda, &#8220;ezan\u0131n gizemli b\u00fcy\u00fcs\u00fc&#8221;ne kap\u0131larak hayat\u0131n\u0131n nas\u0131l de\u011fi\u015fti\u011fini anlatmaktad\u0131r.<br \/>\nKorkunun, deh\u015fetin ve \u00fcmidin kol kola nefesleri kesti\u011fi bu kitapta, &#8220;ezanla dirili\u015f&#8221;e, &#8220;namazla \u015fahlan\u0131\u015f&#8221;a \u015fahit olacaks\u0131n\u0131z.<br \/>\nKitap bitti\u011finde \u00e7ok \u015feylerin de\u011fi\u015fti\u011fini g\u00f6receksiniz.<br \/>\nDayanabilen y\u00fcreklere..<\/p>","protected":false},"featured_media":3857,"template":"","meta":{"spay_email":""},"product_cat":[174],"product_tag":[],"item":[732],"acf":[],"_links":{"self":[{"href":"https:\/\/mgvpublications.com\/de\/wp-json\/wp\/v2\/product\/3809"}],"collection":[{"href":"https:\/\/mgvpublications.com\/de\/wp-json\/wp\/v2\/product"}],"about":[{"href":"https:\/\/mgvpublications.com\/de\/wp-json\/wp\/v2\/types\/product"}],"wp:featuredmedia":[{"embeddable":true,"href":"https:\/\/mgvpublications.com\/de\/wp-json\/wp\/v2\/media\/3857"}],"wp:attachment":[{"href":"https:\/\/mgvpublications.com\/de\/wp-json\/wp\/v2\/media?parent=3809"}],"wp:term":[{"taxonomy":"product_cat","embeddable":true,"href":"https:\/\/mgvpublications.com\/de\/wp-json\/wp\/v2\/product_cat?post=3809"},{"taxonomy":"product_tag","embeddable":true,"href":"https:\/\/mgvpublications.com\/de\/wp-json\/wp\/v2\/product_tag?post=3809"},{"taxonomy":"item","embeddable":true,"href":"https:\/\/mgvpublications.com\/de\/wp-json\/wp\/v2\/item?post=3809"}],"curies":[{"name":"wp","href":"https:\/\/api.w.org\/{rel}","templated":true}]}}