{"id":3806,"date":"2019-04-02T22:43:21","date_gmt":"2019-04-02T20:43:21","guid":{"rendered":"https:\/\/dev2.mgvpublications.com\/produkt\/import-placeholder-for-6121\/"},"modified":"2025-04-27T00:49:50","modified_gmt":"2025-04-26T22:49:50","slug":"evlerimizi-kaybediyoruz","status":"publish","type":"product","link":"https:\/\/mgvpublications.com\/de\/evlerimizi-kaybediyoruz\/","title":{"rendered":"Evlerimizi Kaybediyoruz"},"content":{"rendered":"<p>Yay\u0131n Tarihi\t2016-12-14<br \/>\nISBN\t6055000868<br \/>\nBask\u0131 Say\u0131s\u0131\t1. Bask\u0131<br \/>\nDil\tT\u00dcRK\u00c7E<br \/>\nSayfa Say\u0131s\u0131\t309<br \/>\nCilt Tipi\tKarton Kapak<br \/>\nKa\u011f\u0131t Cinsi\tKitap Ka\u011f\u0131d\u0131<br \/>\nBoyut\t14 x 21 cm<\/p>","protected":false},"excerpt":{"rendered":"<p>Yerlilik kavramla\u015ft\u0131rmas\u0131, insan\u0131n &#8220;halifet\u00fc\u2019l arz olarak yarad\u0131l\u0131\u015f\u0131n\u0131n neticesine ba\u011fl\u0131d\u0131r. Herkes yerli olabilir mi? Bizim anlatt\u0131\u011f\u0131m\u0131z yerli\u2019nin &#8220;Amerikan yerlisinden farkl\u0131 olmas\u0131n\u0131 sa\u011flayan bir hususiyet var. Bir toprakta \u00fc\u00e7 bin y\u0131ldan beri ya\u015famak sizi yerli k\u0131lmayabilir. Yerlilik, &#8220;halifet\u00fc\u2019l arz olan insan\u0131n d\u00fcnyadaki y\u00fcr\u00fcy\u00fc\u015f\u00fcd\u00fcr. Bizi yery\u00fcz\u00fcnde, yer-li yapan \u015fey, \u00c2dem\u2019in yer\u2019e indirili\u015finden sonraki eylemlerini hat\u0131rlamam\u0131z\u0131 icbar etmektedir. \u00c2dem (as)\u2019in yery\u00fcz\u00fcne indi\u011finde tesis etti\u011fi \u00fc\u00e7 kurumsal tav\u0131r, b\u00fct\u00fcn nebilerce yeniden r\u00fccu edilen ba\u015flang\u0131\u00e7 noktas\u0131 say\u0131lm\u0131\u015ft\u0131r: Mescid\u2019in in\u015fas\u0131, toplumsal akitler, mai\u015fetin ve pazar\u0131n tanzimi. Bizi yer-li k\u0131lan hakikat, inanc\u0131m\u0131z\u0131n aram\u0131zdaki hukuka, helal lokman\u0131n kayna\u011f\u0131 olan \u00fcretimin &#8211; al\u0131m sat\u0131m\u0131n zahir oldu\u011fu pazar\u0131n te\u015fkiline, toplumsal de\u011ferlerimizin ibadetg\u00e2hlar\u0131m\u0131z\u0131n \u00e7evresinde in\u015fas\u0131na y\u00f6nelmi\u015ftir. Kitaptaki makale ve yaz\u0131lar yer-lilik kavram\u0131ndan yola \u00e7\u0131kan insan\u0131n ilk dura\u011f\u0131n\u0131 yani &#8220;aile\/ev\/mahalle\u201dyi ele almak gere\u011finden hareket ediyor. \u00d6zelde \u0130sl\u00e2mc\u0131 kad\u0131na ama umumiyetle yery\u00fcz\u00fcn\u00fcn t\u00fcm kad\u0131nlar\u0131na &#8220;evsizli\u011fini hat\u0131rlatan bu makaleler ile yer-li (&#8220;halifet\u00fc\u2019l arz) olman\u0131n gere\u011fini i\u015faret ettik. M\u00fcsl\u00fcman erkek &#8211; kad\u0131na, &#8220;evine d\u00f6n &#8211; kendine d\u00f6n demek istedik. Modern d\u00fcnyaya M\u00fcsl\u00fcmanca bir cevab\u0131m\u0131z var. &#8220;Halifet\u00fc\u2019l arz biziz; Yer-li biziz.<\/p>","protected":false},"featured_media":3854,"template":"","meta":{"spay_email":""},"product_cat":[168],"product_tag":[],"item":[335],"acf":[],"_links":{"self":[{"href":"https:\/\/mgvpublications.com\/de\/wp-json\/wp\/v2\/product\/3806"}],"collection":[{"href":"https:\/\/mgvpublications.com\/de\/wp-json\/wp\/v2\/product"}],"about":[{"href":"https:\/\/mgvpublications.com\/de\/wp-json\/wp\/v2\/types\/product"}],"wp:featuredmedia":[{"embeddable":true,"href":"https:\/\/mgvpublications.com\/de\/wp-json\/wp\/v2\/media\/3854"}],"wp:attachment":[{"href":"https:\/\/mgvpublications.com\/de\/wp-json\/wp\/v2\/media?parent=3806"}],"wp:term":[{"taxonomy":"product_cat","embeddable":true,"href":"https:\/\/mgvpublications.com\/de\/wp-json\/wp\/v2\/product_cat?post=3806"},{"taxonomy":"product_tag","embeddable":true,"href":"https:\/\/mgvpublications.com\/de\/wp-json\/wp\/v2\/product_tag?post=3806"},{"taxonomy":"item","embeddable":true,"href":"https:\/\/mgvpublications.com\/de\/wp-json\/wp\/v2\/item?post=3806"}],"curies":[{"name":"wp","href":"https:\/\/api.w.org\/{rel}","templated":true}]}}