{"id":3803,"date":"2019-04-02T22:43:21","date_gmt":"2019-04-02T20:43:21","guid":{"rendered":"https:\/\/dev2.mgvpublications.com\/produkt\/import-placeholder-for-6118\/"},"modified":"2022-04-07T15:12:33","modified_gmt":"2022-04-07T13:12:33","slug":"ergenus-cumhuriyeti","status":"publish","type":"product","link":"https:\/\/mgvpublications.com\/de\/ergenus-cumhuriyeti\/","title":{"rendered":"Ergenus Cumhuriyeti"},"content":{"rendered":"<p>Yay\u0131n Tarihi 2017-10-25<br \/>\nISBN 6052008058<br \/>\nBask\u0131 Say\u0131s\u0131 1. Bask\u0131<br \/>\nDil T\u00dcRK\u00c7E<br \/>\nSayfa Say\u0131s\u0131 73<br \/>\nCilt Tipi Karton Kapak<br \/>\nKa\u011f\u0131t Cinsi Kitap Ka\u011f\u0131d\u0131<br \/>\nBoyut 13.5 x 21 cm<\/p>","protected":false},"excerpt":{"rendered":"<p>&#8216;-Heeeyyy buras\u0131 benim Cumhuriyetim. Evet, buralar\u0131n tek sorumlusu benim art\u0131k. (i\u015faret parma\u011f\u0131mla \u00e7ocuklar\u0131 k\u00fc\u00e7\u00fcms\u00fcyordum)<br \/>\nHey siz zavall\u0131 halk\u0131m. Sadece benim i\u00e7in \u00e7al\u0131\u015facaks\u0131n\u0131z. \u0130yi haber, art\u0131k okul yok! K\u00f6t\u00fc haber; ben var\u0131m hahahhhahha!<br \/>\n\u00c7ocuklar g\u00fcl\u00fcyordu. Hasan; pek k\u0131ymetli efendimiz. Size Trabzon\u2019dan en nadide \u00e7aylar\u0131 getireyim\u2019 Dedikten sonra; in a\u015fa\u011f\u0131ya hamsi kafa. D\u00fc\u015f\u00fcp biyerunu k\u0131racaksun.<br \/>\nNadim: hey karde\u015fim dikkat et! Cumhutiyetini ilan etti\u011fin g\u00fcn devrilme de aman!<br \/>\nTu\u011fberk ne dese be\u011fenirsiniz! ya gelsene daha anlatacaklar\u0131m vaarr!<br \/>\nUzaya ka\u00e7sam ba\u011f\u0131r\u0131r uzay meki\u011finin arkas\u0131ndan. Anlatacaklar\u0131m bitmedi gel buraya!<br \/>\nCihad her zamanki gibi tepkisiz dinledi dinledi \u00e7akt\u0131rmadan g\u00fcld\u00fc sanki biraz.<br \/>\n-\u0130n a\u015fa\u011f\u0131ya in! Sen kursan kursan Ergenus Cumhuriyetini kurars\u0131n! Demi\u015fti. \u00c7ok sevmi\u015ftim bunu. Baya g\u00fcld\u00fck.<br \/>\nErgenus Cumhuriyeti !<br \/>\nHi\u00e7 tuhaf de\u011fil.<\/p>","protected":false},"featured_media":3851,"template":"","meta":{"spay_email":""},"product_cat":[168],"product_tag":[],"item":[335],"acf":[],"_links":{"self":[{"href":"https:\/\/mgvpublications.com\/de\/wp-json\/wp\/v2\/product\/3803"}],"collection":[{"href":"https:\/\/mgvpublications.com\/de\/wp-json\/wp\/v2\/product"}],"about":[{"href":"https:\/\/mgvpublications.com\/de\/wp-json\/wp\/v2\/types\/product"}],"wp:featuredmedia":[{"embeddable":true,"href":"https:\/\/mgvpublications.com\/de\/wp-json\/wp\/v2\/media\/3851"}],"wp:attachment":[{"href":"https:\/\/mgvpublications.com\/de\/wp-json\/wp\/v2\/media?parent=3803"}],"wp:term":[{"taxonomy":"product_cat","embeddable":true,"href":"https:\/\/mgvpublications.com\/de\/wp-json\/wp\/v2\/product_cat?post=3803"},{"taxonomy":"product_tag","embeddable":true,"href":"https:\/\/mgvpublications.com\/de\/wp-json\/wp\/v2\/product_tag?post=3803"},{"taxonomy":"item","embeddable":true,"href":"https:\/\/mgvpublications.com\/de\/wp-json\/wp\/v2\/item?post=3803"}],"curies":[{"name":"wp","href":"https:\/\/api.w.org\/{rel}","templated":true}]}}