{"id":3802,"date":"2020-12-01T15:06:10","date_gmt":"2020-12-01T14:06:10","guid":{"rendered":"https:\/\/dev2.mgvpublications.com\/produkt\/import-placeholder-for-6117\/"},"modified":"2022-03-08T22:29:44","modified_gmt":"2022-03-08T21:29:44","slug":"erbakanin-islam-birligi-muecadelesi","status":"publish","type":"product","link":"https:\/\/mgvpublications.com\/de\/erbakanin-islam-birligi-muecadelesi\/","title":{"rendered":"Erbakan\u2019\u0131n \u0130slam Birli\u011fi M\u00fccadelesi"},"content":{"rendered":"<p>Yay\u0131n Tarihi: 21.05.2018<br \/>ISBN: 9789752419889<br \/>Dil: T\u00dcRK\u00c7E<br \/>Sayfa Say\u0131s\u0131: 216<br \/>Cilt Tipi: Karton Kapak<br \/>Ka\u011f\u0131t Cinsi: Kitap Ka\u011f\u0131d\u0131<br \/>Boyut: 13.5 x 19.5 cm<\/p>","protected":false},"excerpt":{"rendered":"<p>Bug\u00fcn emperyalist k\u00e2firlerin sun\u2019i s\u0131n\u0131rlarla ayr\u0131\u015ft\u0131rd\u0131klar\u0131 \u0130slam co\u011frafyas\u0131nda uygulad\u0131klar\u0131 \u0131rk\u00e7\u0131l\u0131k temelli ayr\u0131\u015fmalar \u00fczerine bir de b\u00f6lgecilik temelli ayr\u0131\u015fmalar\u0131 ilave etmek istemektedirler. M\u0131s\u0131rc\u0131l\u0131k, Suudculuk ve \u0130ranc\u0131l\u0131k gibi . Ama bu da tutmayacakt\u0131r. Zira \u0130slam, karde\u015fli\u011fi zedeleyen M\u00fcsl\u00fcmanlar\u0131n birbirleriyle kavu\u015fmalar\u0131na engel olan, onlar\u0131 tefrikaya s\u00fcr\u00fckleyen her \u015feyin kar\u015f\u0131s\u0131ndad\u0131r. \u0130lk iman nesline bakt\u0131\u011f\u0131m\u0131zda Kurey\u015fin en \u015fereflileri ile Habe\u015fli k\u00f6le Hz. Bilal\u2019in, Bizansl\u0131 Hz. S\u00fcheyb\u2019in \u0130ranl\u0131 Hz. Selma\u2019\u0131n tam bir karde\u015fler toplulu\u011funu olu\u015fturulduklar\u0131n\u0131 g\u00f6r\u00fcr\u00fcz.<\/p>","protected":false},"featured_media":18890,"template":"","meta":{"spay_email":""},"product_cat":[174],"product_tag":[],"item":[],"acf":[],"_links":{"self":[{"href":"https:\/\/mgvpublications.com\/de\/wp-json\/wp\/v2\/product\/3802"}],"collection":[{"href":"https:\/\/mgvpublications.com\/de\/wp-json\/wp\/v2\/product"}],"about":[{"href":"https:\/\/mgvpublications.com\/de\/wp-json\/wp\/v2\/types\/product"}],"wp:featuredmedia":[{"embeddable":true,"href":"https:\/\/mgvpublications.com\/de\/wp-json\/wp\/v2\/media\/18890"}],"wp:attachment":[{"href":"https:\/\/mgvpublications.com\/de\/wp-json\/wp\/v2\/media?parent=3802"}],"wp:term":[{"taxonomy":"product_cat","embeddable":true,"href":"https:\/\/mgvpublications.com\/de\/wp-json\/wp\/v2\/product_cat?post=3802"},{"taxonomy":"product_tag","embeddable":true,"href":"https:\/\/mgvpublications.com\/de\/wp-json\/wp\/v2\/product_tag?post=3802"},{"taxonomy":"item","embeddable":true,"href":"https:\/\/mgvpublications.com\/de\/wp-json\/wp\/v2\/item?post=3802"}],"curies":[{"name":"wp","href":"https:\/\/api.w.org\/{rel}","templated":true}]}}