{"id":3801,"date":"2019-04-02T22:43:20","date_gmt":"2019-04-02T20:43:20","guid":{"rendered":"https:\/\/dev2.mgvpublications.com\/produkt\/import-placeholder-for-6116\/"},"modified":"2022-04-07T11:51:32","modified_gmt":"2022-04-07T09:51:32","slug":"entella","status":"publish","type":"product","link":"https:\/\/mgvpublications.com\/de\/entella\/","title":{"rendered":"Entella"},"content":{"rendered":"<p>Yay\u0131n Tarihi\t2018-01-18<br \/>\nISBN\t6055000608<br \/>\nBask\u0131 Say\u0131s\u0131\t5. Bask\u0131<br \/>\nDil\tT\u00dcRK\u00c7E<br \/>\nSayfa Say\u0131s\u0131\t144<br \/>\nCilt Tipi\tKarton Kapak<br \/>\nKa\u011f\u0131t Cinsi\tKitap Ka\u011f\u0131d\u0131<br \/>\nBoyut\t13.5 x 21 cm<\/p>","protected":false},"excerpt":{"rendered":"<p>Peki, sen, ey arkada\u015f\u0131m, sen!<br \/>\nBenim derdim seninle.<br \/>\nSenin \u00f6zg\u00fcrl\u00fc\u011f\u00fcn nereye kadar?<br \/>\nSen ne zaman \u00f6zg\u00fcr olacaks\u0131n.<br \/>\nNe zaman kurtulacaks\u0131n, seni kendine k\u00f6le yapan sistemden?<br \/>\nNe zaman kurtulacaks\u0131n, \u00f6mr\u00fcn\u00fc kemiren bo\u015f i\u015flerden?<br \/>\nNe zaman isyan edeceksin, seni d\u00fcnyaya her ge\u00e7en g\u00fcn daha fazla ba\u011flayan hedeflere.<br \/>\nBiriktirmek, biriktirmek ve hi\u00e7 payla\u015fmamak; zevke dal\u0131p \u00fcmmeti unutmak nereye kadar?<br \/>\nElbette biz, arkada\u015f\u0131m, biz. Bizim bu gidi\u015fimiz nereye kadar?<br \/>\nFe eyne tezhebuun? Nereye bu gidi\u015f? Nereye bu gidi\u015fimiz?<\/p>","protected":false},"featured_media":3849,"template":"","meta":{"spay_email":""},"product_cat":[171,166],"product_tag":[],"item":[335],"acf":[],"_links":{"self":[{"href":"https:\/\/mgvpublications.com\/de\/wp-json\/wp\/v2\/product\/3801"}],"collection":[{"href":"https:\/\/mgvpublications.com\/de\/wp-json\/wp\/v2\/product"}],"about":[{"href":"https:\/\/mgvpublications.com\/de\/wp-json\/wp\/v2\/types\/product"}],"wp:featuredmedia":[{"embeddable":true,"href":"https:\/\/mgvpublications.com\/de\/wp-json\/wp\/v2\/media\/3849"}],"wp:attachment":[{"href":"https:\/\/mgvpublications.com\/de\/wp-json\/wp\/v2\/media?parent=3801"}],"wp:term":[{"taxonomy":"product_cat","embeddable":true,"href":"https:\/\/mgvpublications.com\/de\/wp-json\/wp\/v2\/product_cat?post=3801"},{"taxonomy":"product_tag","embeddable":true,"href":"https:\/\/mgvpublications.com\/de\/wp-json\/wp\/v2\/product_tag?post=3801"},{"taxonomy":"item","embeddable":true,"href":"https:\/\/mgvpublications.com\/de\/wp-json\/wp\/v2\/item?post=3801"}],"curies":[{"name":"wp","href":"https:\/\/api.w.org\/{rel}","templated":true}]}}