{"id":3798,"date":"2019-04-02T22:43:20","date_gmt":"2019-04-02T20:43:20","guid":{"rendered":"https:\/\/dev2.mgvpublications.com\/produkt\/import-placeholder-for-6113\/"},"modified":"2022-03-08T22:29:40","modified_gmt":"2022-03-08T21:29:40","slug":"emeviler-donemi-hilafetten-saltanata","status":"publish","type":"product","link":"https:\/\/mgvpublications.com\/de\/emeviler-donemi-hilafetten-saltanata\/","title":{"rendered":"Emeviler Donemi : Hilafetten Saltanata"},"content":{"rendered":"<p>Yay\u0131n Tarihi\t2019-03-14<br \/>\nISBN\t9754730265<br \/>\nBask\u0131 Say\u0131s\u0131\t23. Bask\u0131<br \/>\nDil\tT\u00dcRK\u00c7E<br \/>\nSayfa Say\u0131s\u0131\t160<br \/>\nCilt Tipi\tKarton Kapak<br \/>\nKa\u011f\u0131t Cinsi\tKitap Ka\u011f\u0131d\u0131<br \/>\nBoyut\t13.5 x 21 cm<\/p>","protected":false},"excerpt":{"rendered":"<p>&#8220;her \u015fey Devlet i\u00e7in&#8221; zihniyeti m\u00fcsl\u00fcmanlar\u0131n kafalar\u0131na o denli yerle\u015ftirildi ki, &#8220;Her \u015fey din i\u00e7in&#8221; inanc\u0131 kayboldu. Ve m\u00fcsl\u00fcmanlar saltanat ve diktatorya rejimleri u\u011fruna ulu&#8217;l-emr&#8217;ler zihniyetinin kullar\u0131 oldular. Ulu&#8217;l-emr -nas\u0131l olursa olsun- la yus&#8217;el bir hale getirilip kutsalla\u015ft\u0131r\u0131ld\u0131. Bug\u00fcn d\u00fcnyan\u0131n \u00e7e\u015fitli yerlerinde m\u00fcsl\u00fcmanlar\u0131 ezen ulu&#8217;l-emr&#8217;ler, Yezid zihniyetinin miras\u00e7\u0131s\u0131 oldular ve kendileri i\u00e7in dokunulmazl\u0131k kanunlar\u0131 \u00e7\u0131kartarak, saltanatlar\u0131n\u0131 s\u00fcrd\u00fcrd\u00fcler, s\u00fcrd\u00fcr\u00fcyorlar.<\/p>","protected":false},"featured_media":3828,"template":"","meta":{"spay_email":""},"product_cat":[170],"product_tag":[],"item":[389],"acf":[],"_links":{"self":[{"href":"https:\/\/mgvpublications.com\/de\/wp-json\/wp\/v2\/product\/3798"}],"collection":[{"href":"https:\/\/mgvpublications.com\/de\/wp-json\/wp\/v2\/product"}],"about":[{"href":"https:\/\/mgvpublications.com\/de\/wp-json\/wp\/v2\/types\/product"}],"wp:featuredmedia":[{"embeddable":true,"href":"https:\/\/mgvpublications.com\/de\/wp-json\/wp\/v2\/media\/3828"}],"wp:attachment":[{"href":"https:\/\/mgvpublications.com\/de\/wp-json\/wp\/v2\/media?parent=3798"}],"wp:term":[{"taxonomy":"product_cat","embeddable":true,"href":"https:\/\/mgvpublications.com\/de\/wp-json\/wp\/v2\/product_cat?post=3798"},{"taxonomy":"product_tag","embeddable":true,"href":"https:\/\/mgvpublications.com\/de\/wp-json\/wp\/v2\/product_tag?post=3798"},{"taxonomy":"item","embeddable":true,"href":"https:\/\/mgvpublications.com\/de\/wp-json\/wp\/v2\/item?post=3798"}],"curies":[{"name":"wp","href":"https:\/\/api.w.org\/{rel}","templated":true}]}}