{"id":3796,"date":"2019-04-02T22:43:20","date_gmt":"2019-04-02T20:43:20","guid":{"rendered":"https:\/\/dev2.mgvpublications.com\/produkt\/import-placeholder-for-6111\/"},"modified":"2022-04-26T16:37:15","modified_gmt":"2022-04-26T14:37:15","slug":"el-ihtiyar-metni-turkce-arapca","status":"publish","type":"product","link":"https:\/\/mgvpublications.com\/de\/el-ihtiyar-metni-turkce-arapca\/","title":{"rendered":"El-ihtiyar Metni (Turkce-Arapca)"},"content":{"rendered":"<p>\u00c7evirmen: Yrd. Do\u00e7. Dr. Tevhid Ayengin<br \/>\nYay\u0131n Tarihi 2017-10-02<br \/>\nISBN 6059261739<br \/>\nBask\u0131 Say\u0131s\u0131 2. Bask\u0131<br \/>\nDil ARAP\u00c7A,T\u00dcRK\u00c7E<br \/>\nSayfa Say\u0131s\u0131 487<br \/>\nCilt Tipi Ciltli<br \/>\nKa\u011f\u0131t Cinsi \u015eamuha Ka\u011f\u0131t<br \/>\nBoyut 16.5 x 23.5 cm<\/p>","protected":false},"excerpt":{"rendered":"<p>Y\u00fczy\u0131llard\u0131r Hanefi Mezhebinin anla\u015f\u0131lmas\u0131na \u00f6n ayak olan bu eser art\u0131k Ravza Yay\u0131nlar\u0131 fark\u0131yla T\u00fcrk\u00e7e\u2019mize yeniden kazand\u0131r\u0131ld\u0131. Bir \u00e7ok ihtilafl\u0131 meselesnin \u00f6z haline getirilerek h\u00fck\u00fcmlerin verildi\u011fi bu kitap, bir \u00e7ok sorunuza cevap olacak nitelikte.<\/p>","protected":false},"featured_media":3826,"template":"","meta":{"spay_email":""},"product_cat":[180,174,169],"product_tag":[],"item":[1750],"acf":[],"_links":{"self":[{"href":"https:\/\/mgvpublications.com\/de\/wp-json\/wp\/v2\/product\/3796"}],"collection":[{"href":"https:\/\/mgvpublications.com\/de\/wp-json\/wp\/v2\/product"}],"about":[{"href":"https:\/\/mgvpublications.com\/de\/wp-json\/wp\/v2\/types\/product"}],"wp:featuredmedia":[{"embeddable":true,"href":"https:\/\/mgvpublications.com\/de\/wp-json\/wp\/v2\/media\/3826"}],"wp:attachment":[{"href":"https:\/\/mgvpublications.com\/de\/wp-json\/wp\/v2\/media?parent=3796"}],"wp:term":[{"taxonomy":"product_cat","embeddable":true,"href":"https:\/\/mgvpublications.com\/de\/wp-json\/wp\/v2\/product_cat?post=3796"},{"taxonomy":"product_tag","embeddable":true,"href":"https:\/\/mgvpublications.com\/de\/wp-json\/wp\/v2\/product_tag?post=3796"},{"taxonomy":"item","embeddable":true,"href":"https:\/\/mgvpublications.com\/de\/wp-json\/wp\/v2\/item?post=3796"}],"curies":[{"name":"wp","href":"https:\/\/api.w.org\/{rel}","templated":true}]}}