{"id":3795,"date":"2019-04-02T22:43:20","date_gmt":"2019-04-02T20:43:20","guid":{"rendered":"https:\/\/dev2.mgvpublications.com\/produkt\/import-placeholder-for-6110\/"},"modified":"2022-03-08T22:29:39","modified_gmt":"2022-03-08T21:29:39","slug":"elfabe","status":"publish","type":"product","link":"https:\/\/mgvpublications.com\/de\/elfabe\/","title":{"rendered":"Elfabe"},"content":{"rendered":"<p>Yay\u0131n Tarihi\t2016-10-18<br \/>\nISBN\t6051510965<br \/>\nBask\u0131 Say\u0131s\u0131\t5. Bask\u0131<br \/>\nDil\tT\u00dcRK\u00c7E<br \/>\nSayfa Say\u0131s\u0131\t376<br \/>\nCilt Tipi\tKarton Kapak<br \/>\nKa\u011f\u0131t Cinsi\tKitap Ka\u011f\u0131d\u0131<br \/>\nBoyut\t13.5 x 21 cm<\/p>","protected":false},"excerpt":{"rendered":"<p>El ve parmak yap\u0131lar\u0131m\u0131z ile y\u00fcz hatlar\u0131m\u0131z davran\u0131\u015flar\u0131m\u0131z\u0131 belirleyen genetik kodlar i\u00e7erir. Bu genetik kodlama; ki\u015finin i\u00e7 h\u00e2llerinden, yeteneklerinden, hastal\u0131klar\u0131ndan, ba\u015far\u0131l\u0131 ya da ba\u015far\u0131s\u0131z olabilece\u011fi giri\u015fimlerinden haberler verdi\u011fi gibi d\u00fc\u015f\u00fcnce s\u00fcre\u00e7lerini de belirler. Parmaklar\u0131n uzunlu\u011fu ya da k\u0131sal\u0131\u011f\u0131, avu\u00e7 i\u00e7indeki \u00e7izgiler, y\u00fckseltiler ve \u00e7ukurlar hep bir \u015feylere i\u015farettir. Mesela, bir meslekte \u00e7ok ba\u015far\u0131l\u0131 olmu\u015f insanlar\u0131n ellerinde belirgin ortak \u00f6zellikler vard\u0131r. \u0130nsan y\u00fcz\u00fcn\u00fcn sol k\u0131sm\u0131 o insan\u0131n ger\u00e7ek ki\u015fili\u011fini yans\u0131t\u0131r. Buna kar\u015f\u0131n sa\u011f taraf\u0131 ise saklamaya \u00e7al\u0131\u015ft\u0131\u011f\u0131 di\u011fer y\u00fcz\u00fcn\u00fc g\u00f6sterir. Her insan;<\/p>\n<p>\u2022 Kendi hayat y\u00fcr\u00fcy\u00fc\u015f\u00fcn\u00fcn nas\u0131l olaca\u011f\u0131n\u0131,<br \/>\n\u2022 Hastal\u0131k ve sa\u011fl\u0131k durumu ile ilgili geli\u015fmeleri,<br \/>\n\u2022 Evlilik hayat\u0131n\u0131 ve s\u00fcrecini,<br \/>\n\u2022 \u0130nsan ili\u015fkilerindeki potansiyelinin ne oldu\u011funu merak eder.<\/p>\n<p>El ve y\u00fcz \u00e7izgilerinden, tav\u0131r ve davran\u0131\u015flar\u0131ndan insanlar\u0131n kabiliyet ve kapasitelerini okuma sanat\u0131 olan ELFABE, insan\u0131n y\u00fcz\u00fcndeki, avucundaki, cildindeki birtak\u0131m i\u015faretlerden hareket ederek, hayat\u0131n\u0131 do\u011fru y\u00f6nlendirmesi i\u00e7in ona yard\u0131mc\u0131 olmak amac\u0131yla yaz\u0131lm\u0131\u015f bir kitap&#8230; Genetik potansiyelini ke\u015ffetmek isteyenlere kaynak niteli\u011finde bir eser&#8230;<\/p>","protected":false},"featured_media":3825,"template":"","meta":{"spay_email":""},"product_cat":[180],"product_tag":[],"item":[443],"acf":[],"_links":{"self":[{"href":"https:\/\/mgvpublications.com\/de\/wp-json\/wp\/v2\/product\/3795"}],"collection":[{"href":"https:\/\/mgvpublications.com\/de\/wp-json\/wp\/v2\/product"}],"about":[{"href":"https:\/\/mgvpublications.com\/de\/wp-json\/wp\/v2\/types\/product"}],"wp:featuredmedia":[{"embeddable":true,"href":"https:\/\/mgvpublications.com\/de\/wp-json\/wp\/v2\/media\/3825"}],"wp:attachment":[{"href":"https:\/\/mgvpublications.com\/de\/wp-json\/wp\/v2\/media?parent=3795"}],"wp:term":[{"taxonomy":"product_cat","embeddable":true,"href":"https:\/\/mgvpublications.com\/de\/wp-json\/wp\/v2\/product_cat?post=3795"},{"taxonomy":"product_tag","embeddable":true,"href":"https:\/\/mgvpublications.com\/de\/wp-json\/wp\/v2\/product_tag?post=3795"},{"taxonomy":"item","embeddable":true,"href":"https:\/\/mgvpublications.com\/de\/wp-json\/wp\/v2\/item?post=3795"}],"curies":[{"name":"wp","href":"https:\/\/api.w.org\/{rel}","templated":true}]}}