{"id":3794,"date":"2019-04-02T22:43:20","date_gmt":"2019-04-02T20:43:20","guid":{"rendered":"https:\/\/dev2.mgvpublications.com\/produkt\/import-placeholder-for-6109\/"},"modified":"2022-04-24T19:28:41","modified_gmt":"2022-04-24T17:28:41","slug":"elbette-allahuekber","status":"publish","type":"product","link":"https:\/\/mgvpublications.com\/de\/elbette-allahuekber\/","title":{"rendered":"Elbette Allahuekber"},"content":{"rendered":"<p>Yay\u0131n Tarihi: 20.12.2019<br \/>ISBN: 9786055271084<br \/>Dil: T\u00dcRK\u00c7E<br \/>Sayfa Say\u0131s\u0131: 208<br \/>Cilt Tipi: Karton Kapak<br \/>Ka\u011f\u0131t Cinsi: Kitap Ka\u011f\u0131d\u0131<br \/>Boyut: 13.5 x 21 cm<\/p>","protected":false},"excerpt":{"rendered":"<p>Minarelerden defalarca y\u00fckselen ezanlardaki Allahuekber&#8217;in anlam\u0131n\u0131 kavraman\u0131n bize kazand\u0131raca\u011f\u0131 \u015fuura her zamankinden daha fazla muhta\u00e7 bulunuyoruz. Ceket d\u00fc\u011fmelememizden oturup kalkmam\u0131za, dost d\u00fc\u015fman belirlememizden gelecek endi\u015felerimize, nesil yeti\u015ftirme s\u0131k\u0131nt\u0131lar\u0131m\u0131zdan d\u00fcnyan\u0131n bizi kendine esir etmesine kadar pek \u00e7ok alanda Allahuekber anlay\u0131\u015f\u0131ndan fiilen uzak kalma problemimizin etkisi bulunmaktad\u0131r. Kur&#8217;an bize, &#8216;siz en \u00fcst\u00fcns\u00fcn\u00fcz&#8217; derken, biz kendimize zilleti reva g\u00f6rebildik. &#8216;Korkmay\u0131n&#8217; dedi, biz her \u015feyden ve herkesten korktuk. &#8216;Allah&#8217;tan hakk\u0131yla korkun&#8217; dedi, o hakk\u0131 verecek \u015fekilde korkamad\u0131k. \u00c7eli\u015fkiler i\u00e7inde yo\u011frulup gidiyoruz. Bu ifadenin zihinlerimizde yer bulmas\u0131 ve onun anlam\u0131n\u0131 ku\u015fanabilmemiz, bizim i\u00e7in tam bir d\u00f6n\u00fc\u015f\u00fcm habercisi olacakt\u0131r.<\/p>","protected":false},"featured_media":23163,"template":"","meta":{"spay_email":""},"product_cat":[174],"product_tag":[],"item":[363],"acf":[],"_links":{"self":[{"href":"https:\/\/mgvpublications.com\/de\/wp-json\/wp\/v2\/product\/3794"}],"collection":[{"href":"https:\/\/mgvpublications.com\/de\/wp-json\/wp\/v2\/product"}],"about":[{"href":"https:\/\/mgvpublications.com\/de\/wp-json\/wp\/v2\/types\/product"}],"wp:featuredmedia":[{"embeddable":true,"href":"https:\/\/mgvpublications.com\/de\/wp-json\/wp\/v2\/media\/23163"}],"wp:attachment":[{"href":"https:\/\/mgvpublications.com\/de\/wp-json\/wp\/v2\/media?parent=3794"}],"wp:term":[{"taxonomy":"product_cat","embeddable":true,"href":"https:\/\/mgvpublications.com\/de\/wp-json\/wp\/v2\/product_cat?post=3794"},{"taxonomy":"product_tag","embeddable":true,"href":"https:\/\/mgvpublications.com\/de\/wp-json\/wp\/v2\/product_tag?post=3794"},{"taxonomy":"item","embeddable":true,"href":"https:\/\/mgvpublications.com\/de\/wp-json\/wp\/v2\/item?post=3794"}],"curies":[{"name":"wp","href":"https:\/\/api.w.org\/{rel}","templated":true}]}}