{"id":3774,"date":"2019-04-02T22:43:20","date_gmt":"2019-04-02T20:43:20","guid":{"rendered":"https:\/\/dev2.mgvpublications.com\/produkt\/import-placeholder-for-6108\/"},"modified":"2022-03-08T22:29:39","modified_gmt":"2022-03-08T21:29:39","slug":"el-vedud","status":"publish","type":"product","link":"https:\/\/mgvpublications.com\/de\/el-vedud\/","title":{"rendered":"El Vedud"},"content":{"rendered":"<p>Yay\u0131n Tarihi\t2018-01-06<br \/>\nISBN\t6054726783<br \/>\nBask\u0131 Say\u0131s\u0131\t1. Bask\u0131<br \/>\nDil\tT\u00dcRK\u00c7E<br \/>\nSayfa Say\u0131s\u0131\t328<br \/>\nCilt Tipi\tKarton Kapak<br \/>\nKa\u011f\u0131t Cinsi\tKitap Ka\u011f\u0131d\u0131<br \/>\nBoyut\t13.5 x 21 cm<\/p>","protected":false},"excerpt":{"rendered":"<p>Allah\u2019\u0131n ad\u0131yla, Allah a\u015fk\u0131na yapt\u0131\u011f\u0131n<br \/>\nher \u015fey sana misliyle geri d\u00f6ner.<br \/>\nSenin \u00e7ok istedi\u011fin bir \u015fey var ve<br \/>\nbunu ya\u015fam\u0131na \u00e7ekmen i\u00e7in \u015fimdi<br \/>\nbu boyutun \u00f6tesini ke\u015ffetmen gerek\u2026<br \/>\nBu kitaptaki t\u00fcm dualar, uygulamalar, rit\u00fcller ve yollar<br \/>\nseni dile\u011fine yakla\u015ft\u0131rs\u0131n Allah\u2019\u0131n izniyle.<br \/>\nAM\u0130N<br \/>\n \u201cSize ula\u015fan her nimet Allah\u2019tand\u0131r.\u201d<br \/>\nNahl Suresi\/53<br \/>\nBelki t\u00fcm kap\u0131lar kilitliydi<br \/>\nAma biz yine de \u00e7ok umutluyduk<br \/>\n\u00c7\u00fcnk\u00fc biz Allah\u2019tan istemi\u015ftik.<\/p>\n<p>\u201cKullar\u0131m, sana Beni sorarlarsa, bilsinler ki Ben muhakkak onlara pek yak\u0131n\u0131m. Beni \u00e7a\u011f\u0131rd\u0131\u011f\u0131, bana dua etti\u011fi anda, dua edenin duas\u0131na cevap veririm.\u201d<br \/>\nBAKARA SURES\u0130\/186. Ayet<\/p>\n<p>De\u011ferli Dostum,<br \/>\nBu kitapta sana \u0131\u015f\u0131k tutacak yollar var. Dualar, rit\u00fceller, uygulamalar, \u0131\u015f\u0131k olacak y\u00f6ntemler&#8230; Ar\u0131nma yollar\u0131ndan a\u015fka, \u015fifa dualar\u0131ndan seni derinle\u015ftirecek form\u00fcllere, bereket \u00e7al\u0131\u015fmalar\u0131ndan do\u011fru enerjilere ya\u015fam\u0131n\u0131 kolayla\u015ft\u0131racak, seni frekans olarak y\u00fckseltecek yollar\u0131 denedi\u011finde, kap\u0131lar\u0131 a\u00e7man\u0131 umuyorum. Her sayfas\u0131yla bir ad\u0131m ataca\u011f\u0131n, bir d\u00f6n\u00fc\u015f\u00fcm elde edece\u011fin, dile\u011fine seni yakla\u015ft\u0131racak bir kitap olsun dilerim (ve \u00f6yle de oldu). Kitaptaki g\u00fcl kokusu senin ilham\u0131n olsun bu yolda, senin i\u00e7in haz\u0131rlad\u0131\u011f\u0131m bu kitap senin d\u00f6n\u00fc\u015f\u00fcm\u00fcn olsun. Dile\u011fini tutup duan\u0131 oku, elindeki \u015fifa enerjisini a\u00e7 ve haz\u0131r oldu\u011funda kitapta bir sayfada dur elinle. Niyet et. O g\u00fcn, o senin sayfand\u0131r&#8230; Kalbine Allah\u2019\u0131 koy ve unutma: O sana \u015fah damar\u0131ndan da yak\u0131n. Dua ve Sevgiyle\u2026<\/p>\n<p>Bir ad\u0131n\u0131 verdik<br \/>\n\u00e7\u00fcnk\u00fc<br \/>\nO\u2019ndan<br \/>\nba\u015fka bir \u015fey yok.<\/p>","protected":false},"featured_media":3823,"template":"","meta":{"spay_email":""},"product_cat":[174],"product_tag":[],"item":[468],"acf":[],"_links":{"self":[{"href":"https:\/\/mgvpublications.com\/de\/wp-json\/wp\/v2\/product\/3774"}],"collection":[{"href":"https:\/\/mgvpublications.com\/de\/wp-json\/wp\/v2\/product"}],"about":[{"href":"https:\/\/mgvpublications.com\/de\/wp-json\/wp\/v2\/types\/product"}],"wp:featuredmedia":[{"embeddable":true,"href":"https:\/\/mgvpublications.com\/de\/wp-json\/wp\/v2\/media\/3823"}],"wp:attachment":[{"href":"https:\/\/mgvpublications.com\/de\/wp-json\/wp\/v2\/media?parent=3774"}],"wp:term":[{"taxonomy":"product_cat","embeddable":true,"href":"https:\/\/mgvpublications.com\/de\/wp-json\/wp\/v2\/product_cat?post=3774"},{"taxonomy":"product_tag","embeddable":true,"href":"https:\/\/mgvpublications.com\/de\/wp-json\/wp\/v2\/product_tag?post=3774"},{"taxonomy":"item","embeddable":true,"href":"https:\/\/mgvpublications.com\/de\/wp-json\/wp\/v2\/item?post=3774"}],"curies":[{"name":"wp","href":"https:\/\/api.w.org\/{rel}","templated":true}]}}