{"id":3773,"date":"2019-04-02T22:43:20","date_gmt":"2019-04-02T20:43:20","guid":{"rendered":"https:\/\/dev2.mgvpublications.com\/produkt\/import-placeholder-for-6107\/"},"modified":"2022-03-08T22:29:39","modified_gmt":"2022-03-08T21:29:39","slug":"ekonomik-sorunlarin-coezuemuende-zekatin-rolue","status":"publish","type":"product","link":"https:\/\/mgvpublications.com\/de\/ekonomik-sorunlarin-coezuemuende-zekatin-rolue\/","title":{"rendered":"Ekonomik Sorunlar\u0131n \u00c7\u00f6z\u00fcm\u00fcnde Zekat\u0131n Rol\u00fc"},"content":{"rendered":"<p>Yay\u0131n Tarihi\t2017-06-01<br \/>\nISBN\t6059102377<br \/>\nBask\u0131 Say\u0131s\u0131\t2. Bask\u0131<br \/>\nDil\tT\u00dcRK\u00c7E<br \/>\nSayfa Say\u0131s\u0131\t136<br \/>\nCilt Tipi\tKarton Kapak<br \/>\nKa\u011f\u0131t Cinsi\tKitap Ka\u011f\u0131d\u0131<br \/>\nBoyut\t13.5 x 21 cm<\/p>","protected":false},"excerpt":{"rendered":"<p>G\u00fcn\u00fcm\u00fczde ekonomik sorunlar di\u011fer sorunlara g\u00f6re daha \u00f6nceliklidir. \u00c7\u00fcnk\u00fc insanlar ge\u00e7im kayg\u0131s\u0131 ve kavgas\u0131 ile me\u015fguller. \u00d6yle ki ekonomik fakt\u00f6rler h\u00fck\u00fcmetlerin varl\u0131\u011f\u0131n\u0131n devam\u0131 veya \u00e7\u00f6k\u00fc\u015flerinde, siyasilerin ba\u015far\u0131lar\u0131 veya ba\u015far\u0131s\u0131zl\u0131klar\u0131nda, isyan ate\u015flerinin alevlenmesi veya bast\u0131r\u0131lmas\u0131nda en \u00f6nemli fakt\u00f6r olmu\u015flard\u0131r. Hatta \u015fu anda d\u00fcnyan\u0131n her taraf\u0131nda meydana gelen ideolojik mezhep sava\u015flar\u0131n\u0131n neredeyse tamam\u0131 iktisad\u00ee \u00f6zelli\u011fe sahiptir.<\/p>\n<p>\u0130slam bu sorunlara ilgisiz kalmad\u0131\u011f\u0131 gibi aksine onlara kar\u015f\u0131 olumlu (\u00e7\u00f6z\u00fcm odakl\u0131) bir yakla\u015f\u0131ma sahiptir. Bu ba\u011flamda \u0130slam&#8217;\u0131n \u015fehadetler ve namazdan sonra \u00fc\u00e7\u00fcnc\u00fc r\u00fckn\u00fc olan zek\u00e2t\u0131n bu sorunlar\u0131 \u00e7\u00f6zmede \u00f6nemli bir rol\u00fc vard\u0131r.<\/p>\n<p>Bu kitapta Prof. Dr. Yusuf el-Karadav\u00ee, zek\u00e2tla ba\u011flant\u0131l\u0131 olan bu sorunlardan bir k\u0131sm\u0131n\u0131, \u00e7\u00f6z\u00fcm\u00fcn\u00fcn de nas\u0131l olaca\u011f\u0131n\u0131 a\u00e7\u0131klayarak sunmaktad\u0131r. Ayn\u0131 \u015fekilde modern uygulamada zek\u00e2t\u0131n ba\u015far\u0131s\u0131 i\u00e7in gerekli olan \u015fartlar\u0131 da a\u00e7\u0131klamaktad\u0131r ki bu \u015fartlar\u0131n ihmali zek\u00e2t\u0131n meyvelerini vermesine ve mahsul\u00fcn\u00fcn dev\u015firilmesine engel olacak ve zek\u00e2t i\u00e7in d\u00fczenlenen her kanunun samimi M\u00fcsl\u00fcmanlar\u0131n arad\u0131\u011f\u0131 \u015feyi ger\u00e7ekle\u015ftirememesine sebep olacakt\u0131r.<\/p>","protected":false},"featured_media":3822,"template":"","meta":{"spay_email":""},"product_cat":[174],"product_tag":[],"item":[428],"acf":[],"_links":{"self":[{"href":"https:\/\/mgvpublications.com\/de\/wp-json\/wp\/v2\/product\/3773"}],"collection":[{"href":"https:\/\/mgvpublications.com\/de\/wp-json\/wp\/v2\/product"}],"about":[{"href":"https:\/\/mgvpublications.com\/de\/wp-json\/wp\/v2\/types\/product"}],"wp:featuredmedia":[{"embeddable":true,"href":"https:\/\/mgvpublications.com\/de\/wp-json\/wp\/v2\/media\/3822"}],"wp:attachment":[{"href":"https:\/\/mgvpublications.com\/de\/wp-json\/wp\/v2\/media?parent=3773"}],"wp:term":[{"taxonomy":"product_cat","embeddable":true,"href":"https:\/\/mgvpublications.com\/de\/wp-json\/wp\/v2\/product_cat?post=3773"},{"taxonomy":"product_tag","embeddable":true,"href":"https:\/\/mgvpublications.com\/de\/wp-json\/wp\/v2\/product_tag?post=3773"},{"taxonomy":"item","embeddable":true,"href":"https:\/\/mgvpublications.com\/de\/wp-json\/wp\/v2\/item?post=3773"}],"curies":[{"name":"wp","href":"https:\/\/api.w.org\/{rel}","templated":true}]}}